{"id":1153,"date":"2022-02-28T14:19:58","date_gmt":"2022-02-28T12:19:58","guid":{"rendered":"https:\/\/kuopionkonservatorio.letm.com\/?page_id=1153"},"modified":"2026-03-19T14:45:29","modified_gmt":"2026-03-19T12:45:29","slug":"nilsia","status":"publish","type":"page","link":"https:\/\/kuopionkonservatorio.fi\/fi\/toimipisteet\/nilsia\/","title":{"rendered":"Nilsi\u00e4"},"content":{"rendered":"\n<div class=\"wp-block-columns alignwide is-layout-flex wp-container-core-columns-is-layout-9d6595d7 wp-block-columns-is-layout-flex\">\n<div class=\"wp-block-column is-layout-flow wp-block-column-is-layout-flow\" style=\"flex-basis:33.33%\">\n<h2 class=\"wp-block-heading\" id=\"nilsia\">Nilsi\u00e4<\/h2>\n\n\n<ul class=\"relatives\"><li class=\"page_item page-item-1147\"><a href=\"https:\/\/kuopionkonservatorio.fi\/fi\/toimipisteet\/kuopio\/\">Kuopio<\/a><\/li>\n<li class=\"page_item page-item-1149\"><a href=\"https:\/\/kuopionkonservatorio.fi\/fi\/toimipisteet\/juankoski\/\">Juankoski<\/a><\/li>\n<li class=\"page_item page-item-1151\"><a href=\"https:\/\/kuopionkonservatorio.fi\/fi\/toimipisteet\/lapinlahti\/\">Lapinlahti<\/a><\/li>\n<li class=\"page_item page-item-1155\"><a href=\"https:\/\/kuopionkonservatorio.fi\/fi\/toimipisteet\/siilinjarvi\/\">Siilinj\u00e4rvi<\/a><\/li>\n<li class=\"page_item page-item-1157\"><a href=\"https:\/\/kuopionkonservatorio.fi\/fi\/toimipisteet\/suonenjoki\/\">Suonenjoki<\/a><\/li>\n<\/ul>\n<\/div>\n\n\n\n<div class=\"wp-block-column is-layout-flow wp-block-column-is-layout-flow\" style=\"flex-basis:66.66%\">\n<p class=\"has-ingressi-font-size\">Nilsi\u00e4n toimipiste<strong> <\/strong>aloitti toimintansa v. 1976. Toiminnan piiriss\u00e4 on Nilsi\u00e4n lis\u00e4ksi Rautavaaran kunta.<\/p>\n\n\n\n<p>Nilsi\u00e4n toimipisteen monipuoliseen opetustarjontaan sis\u00e4ltyy:<\/p>\n\n\n\n<ul class=\"wp-block-list\">\n<li>musiikin varhaisi\u00e4n opintoja (musiikkileikkikoulu ja musiikin valmentava opetus)<\/li>\n\n\n\n<li>musiikin perusopintoja ja musiikin syvent\u00e4vi\u00e4 opintoja klassisessa musiikissa ja rytmimusiikissa<\/li>\n\n\n\n<li>tanssin varhaisi\u00e4n opintoja (lastentanssi ja tanssin valmentava opetus)<\/li>\n\n\n\n<li>tanssin perusopintoja<\/li>\n<\/ul>\n\n\n\n<p>Musiikin perusopinnoissa ja syvent\u00e4viss\u00e4 opinnoissa omaksi soittimeksi voi valita Nilsi\u00e4ss\u00e4 pianon, huilun, harmonikan, viulun,\u00a0alttoviulun, ly\u00f6m\u00e4soittimet, s\u00e4hk\u00f6kitaran, s\u00e4hk\u00f6basson ja rummut (rytmimusiikki). Muiden soittimien opetusta j\u00e4rjestet\u00e4\u00e4n Nilsi\u00e4ss\u00e4 mahdollisuuksien mukaan.<\/p>\n\n\n\n<h4 class=\"wp-block-heading pt-3\">Opetuspisteet<\/h4>\n\n\n\n\n<p>\n<b>Nilsi\u00e4n toimipiste<\/b><br>\n<i class=\"bi bi-geo-alt\"><\/i>&nbsp; <a href=\"https:\/\/www.google.com\/maps\/place\/Syv%C3%A4rintie+48+Nilsi%C3%A4\" title=\"karttalinkki\" target=\"_blank\" rel=\"noopener\">Syv\u00e4rintie 48, 73300 Nilsi\u00e4<\/a> (Nilsi\u00e4n toimipisteeseen tuleva posti)\n\n<\/p>\n\n<p>\n<b>Nilsi\u00e4n virastotalo<\/b><br>\n<i class=\"bi bi-geo-alt\"><\/i>&nbsp; <a href=\"https:\/\/www.google.com\/maps\/place\/Nilsi%C3%A4ntie+78+Nilsi%C3%A4\" title=\"karttalinkki\" target=\"_blank\" rel=\"noopener\">Nilsi\u00e4ntie 78, 73300 Nilsi\u00e4<\/a>\n<br><i class=\"bi bi-music-note-beamed\"><\/i>&nbsp; soitinopinnot klassinen\n<\/p>\n\n<p>\n<b>Pajulahden koulu<\/b><br>\n<i class=\"bi bi-geo-alt\"><\/i>&nbsp; <a href=\"https:\/\/www.google.com\/maps\/place\/Kortteisenm%C3%A4entie+21+Pajulahti\" title=\"karttalinkki\" target=\"_blank\" rel=\"noopener\">Kortteisenm\u00e4entie 21, 73360 Pajulahti<\/a>\n<br><i class=\"bi bi-music-note-beamed\"><\/i>&nbsp; musiikin valmentavat opinnot, musiikkileikkikoulu, soitinopinnot klassinen, ja soitinopinnot rytmi\n<\/p>\n\n<p>\n<b>Nilsi\u00e4n Yhten\u00e4iskoulu<\/b><br>\n<i class=\"bi bi-geo-alt\"><\/i>&nbsp; <a href=\"https:\/\/www.google.com\/maps\/place\/Syv%C3%A4rintie+47+Nilsi%C3%A4\" title=\"karttalinkki\" target=\"_blank\" rel=\"noopener\">Syv\u00e4rintie 47, 73300 Nilsi\u00e4<\/a>\n<br><i class=\"bi bi-music-note-beamed\"><\/i>&nbsp; b\u00e4ndit ja ryhm\u00e4opetus, kamarimusiikki ja orkesterit, musiikin valmentavat opinnot, musiikkitaito klassinen, musiikkitaito rytmi, soitinopinnot klassinen, ja soitinopinnot rytmi\n<\/p>\n\n<p>\n<b>Nilsi\u00e4n Manttu<\/b><br>\n<i class=\"bi bi-geo-alt\"><\/i>&nbsp; <a href=\"https:\/\/www.google.com\/maps\/place\/Vesitornintie+1+Nilsi%C3%A4\" title=\"karttalinkki\" target=\"_blank\" rel=\"noopener\">Vesitornintie 1, 73300 Nilsi\u00e4<\/a>\n<br><i class=\"bi bi-music-note-beamed\"><\/i>&nbsp; tanssi\n<\/p>\n\n\n\n\n<h4 class=\"wp-block-heading pt-3\">Opettajat<\/h4>\n\n\n\n\n<p>\n<b>Ahonen, Arja Linnea<\/b>, piano<br>\n\n<i class=\"bi bi-envelope\"><\/i>&nbsp; <a href=\"mailto:arja.ahonen@kuopionkonservatorio.fi\"> arja.ahonen@kuopionkonservatorio.fi<\/a><br>\n<i class=\"bi bi-geo\"><\/i>&nbsp; Juankoski ja Nilsi\u00e4\n<\/p>\n\n<p>\n<b>Hautsalo, Hanna<\/b>, huilu<br>\n<i class=\"bi bi-telephone\"><\/i>&nbsp; 045 139 3915<br>\n<i class=\"bi bi-envelope\"><\/i>&nbsp; <a href=\"mailto:hanna.hautsalo@kuopionkonservatorio.fi\"> hanna.hautsalo@kuopionkonservatorio.fi<\/a><br>\n<i class=\"bi bi-geo\"><\/i>&nbsp; Kuopio ja Nilsi\u00e4\n<\/p>\n\n<p>\n<b>Horttanainen, Pasi<\/b>, harmonikka<br>\n\n<i class=\"bi bi-envelope\"><\/i>&nbsp; <a href=\"mailto:pasi.horttanainen@kuopionkonservatorio.fi\"> pasi.horttanainen@kuopionkonservatorio.fi<\/a><br>\n<i class=\"bi bi-geo\"><\/i>&nbsp; Nilsi\u00e4\n<\/p>\n\n<p>\n<b>Karppi, Mikko<\/b>, kitara<br>\n\n<i class=\"bi bi-envelope\"><\/i>&nbsp; <a href=\"mailto:mikko.karppi@kuopionkonservatorio.fi\"> mikko.karppi@kuopionkonservatorio.fi<\/a><br>\n<i class=\"bi bi-geo\"><\/i>&nbsp; Kuopio, Lapinlahti, Nilsi\u00e4, Siilinj\u00e4rvi, ja Suonenjoki\n<\/p>\n\n<p>\n<b>Koistinen, Sonja<\/b>, alttoviulu, Primo-orkesteri, ja viulu<br>\n<i>Nilsi\u00e4n toimipisteen johtaja<\/i><br>\n<i class=\"bi bi-envelope\"><\/i>&nbsp; <a href=\"mailto:sonja.koistinen@kuopionkonservatorio.fi\"> sonja.koistinen@kuopionkonservatorio.fi<\/a><br>\n<i class=\"bi bi-geo\"><\/i>&nbsp; Kuopio ja Nilsi\u00e4\n<\/p>\n\n<p>\n<b>K\u00e4m\u00e4r\u00e4inen, Tomi<\/b>, rummut<br>\n\n<i class=\"bi bi-envelope\"><\/i>&nbsp; <a href=\"mailto:tomi.kamarainen@kuopionkonservatorio.fi\"> tomi.kamarainen@kuopionkonservatorio.fi<\/a><br>\n<i class=\"bi bi-geo\"><\/i>&nbsp; Kuopio ja Nilsi\u00e4\n<\/p>\n\n<p>\n<b>Toivanen, Mari<\/b>, lastentanssi, nykytanssi, tanssimuskari, ja tanssin valmentavat opinnot<br>\n<i class=\"bi bi-telephone\"><\/i>&nbsp; 045 139 3917<br>\n<i class=\"bi bi-envelope\"><\/i>&nbsp; <a href=\"mailto:mari.toivanen@kuopionkonservatorio.fi\"> mari.toivanen@kuopionkonservatorio.fi<\/a><br>\n<i class=\"bi bi-geo\"><\/i>&nbsp; Juankoski, Kuopio, ja Nilsi\u00e4\n<\/p>\n\n\n\n\n<div style=\"height:100px\" aria-hidden=\"true\" class=\"wp-block-spacer\"><\/div>\n<\/div>\n<\/div>\n","protected":false},"excerpt":{"rendered":"<p>Nilsi\u00e4 Nilsi\u00e4n toimipiste aloitti toimintansa v. 1976. Toiminnan piiriss\u00e4 on Nilsi\u00e4n lis\u00e4ksi Rautavaaran kunta. Nilsi\u00e4n toimipisteen monipuoliseen opetustarjontaan sis\u00e4ltyy: Musiikin perusopinnoissa ja syvent\u00e4viss\u00e4 opinnoissa omaksi soittimeksi voi valita Nilsi\u00e4ss\u00e4 pianon, huilun, harmonikan, viulun,\u00a0alttoviulun, ly\u00f6m\u00e4soittimet, s\u00e4hk\u00f6kitaran, s\u00e4hk\u00f6basson ja rummut (rytmimusiikki). Muiden soittimien opetusta j\u00e4rjestet\u00e4\u00e4n Nilsi\u00e4ss\u00e4 mahdollisuuksien mukaan. Opetuspisteet Opettajat<\/p>\n","protected":false},"author":9,"featured_media":0,"parent":1104,"menu_order":3,"comment_status":"closed","ping_status":"closed","template":"","meta":{"inline_featured_image":false,"footnotes":""},"oppiaine":[],"class_list":["post-1153","page","type-page","status-publish","hentry"],"_links":{"self":[{"href":"https:\/\/kuopionkonservatorio.fi\/fi\/wp-json\/wp\/v2\/pages\/1153","targetHints":{"allow":["GET"]}}],"collection":[{"href":"https:\/\/kuopionkonservatorio.fi\/fi\/wp-json\/wp\/v2\/pages"}],"about":[{"href":"https:\/\/kuopionkonservatorio.fi\/fi\/wp-json\/wp\/v2\/types\/page"}],"author":[{"embeddable":true,"href":"https:\/\/kuopionkonservatorio.fi\/fi\/wp-json\/wp\/v2\/users\/9"}],"replies":[{"embeddable":true,"href":"https:\/\/kuopionkonservatorio.fi\/fi\/wp-json\/wp\/v2\/comments?post=1153"}],"version-history":[{"count":0,"href":"https:\/\/kuopionkonservatorio.fi\/fi\/wp-json\/wp\/v2\/pages\/1153\/revisions"}],"up":[{"embeddable":true,"href":"https:\/\/kuopionkonservatorio.fi\/fi\/wp-json\/wp\/v2\/pages\/1104"}],"wp:attachment":[{"href":"https:\/\/kuopionkonservatorio.fi\/fi\/wp-json\/wp\/v2\/media?parent=1153"}],"wp:term":[{"taxonomy":"oppiaine","embeddable":true,"href":"https:\/\/kuopionkonservatorio.fi\/fi\/wp-json\/wp\/v2\/oppiaine?post=1153"}],"curies":[{"name":"wp","href":"https:\/\/api.w.org\/{rel}","templated":true}]}}