{"id":1151,"date":"2022-02-28T14:18:12","date_gmt":"2022-02-28T12:18:12","guid":{"rendered":"https:\/\/kuopionkonservatorio.letm.com\/?page_id=1151"},"modified":"2025-03-11T12:15:26","modified_gmt":"2025-03-11T10:15:26","slug":"lapinlahti","status":"publish","type":"page","link":"https:\/\/kuopionkonservatorio.fi\/fi\/toimipisteet\/lapinlahti\/","title":{"rendered":"Lapinlahti"},"content":{"rendered":"\n<div class=\"wp-block-columns alignwide is-layout-flex wp-container-core-columns-is-layout-9d6595d7 wp-block-columns-is-layout-flex\">\n<div class=\"wp-block-column is-layout-flow wp-block-column-is-layout-flow\" style=\"flex-basis:33.33%\">\n<h2 class=\"wp-block-heading\" id=\"lapinlahti\">Lapinlahti<\/h2>\n\n\n<ul class=\"relatives\"><li class=\"page_item page-item-1147\"><a href=\"https:\/\/kuopionkonservatorio.fi\/fi\/toimipisteet\/kuopio\/\">Kuopio<\/a><\/li>\n<li class=\"page_item page-item-1149\"><a href=\"https:\/\/kuopionkonservatorio.fi\/fi\/toimipisteet\/juankoski\/\">Juankoski<\/a><\/li>\n<li class=\"page_item page-item-1153\"><a href=\"https:\/\/kuopionkonservatorio.fi\/fi\/toimipisteet\/nilsia\/\">Nilsi\u00e4<\/a><\/li>\n<li class=\"page_item page-item-1155\"><a href=\"https:\/\/kuopionkonservatorio.fi\/fi\/toimipisteet\/siilinjarvi\/\">Siilinj\u00e4rvi<\/a><\/li>\n<li class=\"page_item page-item-1157\"><a href=\"https:\/\/kuopionkonservatorio.fi\/fi\/toimipisteet\/suonenjoki\/\">Suonenjoki<\/a><\/li>\n<\/ul>\n<\/div>\n\n\n\n<div class=\"wp-block-column is-layout-flow wp-block-column-is-layout-flow\" style=\"flex-basis:66.66%\">\n<p class=\"has-ingressi-font-size\">Lapinlahden toimipisteess\u00e4 annetaan musiikin varhaisi\u00e4n opintojen sek\u00e4 musiikin perus- ja syvent\u00e4vien opintojen opetusta.<\/p>\n\n\n\n<p>Lapinlahden toimipisteen opetustarjontaan sis\u00e4ltyy:<\/p>\n\n\n\n<ul class=\"wp-block-list\">\n<li>musiikin varhaisi\u00e4n opintoja (muskari ja musiikin valmentava opetus)<\/li>\n\n\n\n<li>musiikin perusopintoja ja musiikin syvent\u00e4vi\u00e4 opintoja klassisessa musiikissa ja rytmimusiikissa<\/li>\n<\/ul>\n\n\n\n<p>Lapinlahdella musiikin perusopinnoissa ja syvent\u00e4viss\u00e4 opinnoissa omaksi instrumentiksi voi valita pianon, viulun, alttoviulun, sellon, klassisen kitaran, harmonikan, huilun, s\u00e4hk\u00f6kitaran, s\u00e4hk\u00f6basson ja laulun (rytmimusiikki). Muiden soittimien opetusta j\u00e4rjestet\u00e4\u00e4n Lapinlahdella mahdollisuuksien mukaan.<\/p>\n\n\n\n<p>Alle kouluik\u00e4isille on tarjolla muskareita niin Viisussa kuin p\u00e4iv\u00e4kodeissakin sek\u00e4 alkusoittoa, alkulaulua, musiikkipajaa ja soitinkarusellitoimintaa, jossa p\u00e4\u00e4set tutustumaan lukuvuoden aikana useisiin eri soittimiin. T\u00e4ll\u00e4 hetkell\u00e4 musiikin perusopinnoissa ja syvent\u00e4viss\u00e4 opinnoissa on mukana reilut 40 oppilasta ja musiikin varhaisi\u00e4n opinnoissa niin ik\u00e4\u00e4n reilut 40 lasta.<\/p>\n\n\n\n<h4 class=\"wp-block-heading pt-3\">Opetuspisteet<\/h4>\n\n\n\n\n<p>\n<b>Lapinlahden toimipiste, klassinen musiikki, musiikin varhaisi\u00e4n opinnot ja rytmimusiikki<\/b><br>\n<i class=\"bi bi-geo-alt\"><\/i>&nbsp; <a href=\"https:\/\/www.google.com\/maps\/place\/Monarintie+2+Lapinlahti\" title=\"karttalinkki\" target=\"_blank\" rel=\"noopener\">Monarintie 2, 73100 Lapinlahti<\/a> (Viisu, Matin ja Liisan koulu)\n<br><i class=\"bi bi-music-note-beamed\"><\/i>&nbsp; b\u00e4ndit ja ryhm\u00e4opetus, kamarimusiikki ja orkesterit, musiikin valmentavat opinnot, musiikkileikkikoulu, musiikkitaito klassinen, musiikkitaito rytmi, soitinopinnot klassinen, ja soitinopinnot rytmi\n<\/p>\n\n<p>\n<b>Kaskikuusen kansalaisopisto<\/b><br>\n<i class=\"bi bi-geo-alt\"><\/i>&nbsp; <a href=\"https:\/\/www.google.com\/maps\/place\/Asematie+4+Lapinlahti\" title=\"karttalinkki\" target=\"_blank\" rel=\"noopener\">Asematie 4, 73100 Lapinlahti<\/a> (Lapinlahden toimipisteeseen tuleva posti)\n\n<\/p>\n\n\n\n\n<h4 class=\"wp-block-heading pt-3\">Opettajat<\/h4>\n\n\n\n\n<p>\n<b>Forsberg, Minna<\/b>, alttoviulu ja viulu<br>\n\n<i class=\"bi bi-envelope\"><\/i>&nbsp; <a href=\"mailto:minna.forsberg@kuopionkonservatorio.fi\"> minna.forsberg@kuopionkonservatorio.fi<\/a><br>\n<i class=\"bi bi-geo\"><\/i>&nbsp; Lapinlahti\n<\/p>\n\n<p>\n<b>Hyttinen, Suvi<\/b>, Primo-orkesteri ja sello<br>\n<i>jousikollegion puheenjohtaja<\/i><br>\n<i class=\"bi bi-envelope\"><\/i>&nbsp; <a href=\"mailto:suvi.hyttinen@kuopionkonservatorio.fi\"> suvi.hyttinen@kuopionkonservatorio.fi<\/a><br>\n<i class=\"bi bi-geo\"><\/i>&nbsp; Kuopio ja Lapinlahti\n<\/p>\n\n<p>\n<b>Karppi, Mikko<\/b>, kitara<br>\n\n<i class=\"bi bi-envelope\"><\/i>&nbsp; <a href=\"mailto:mikko.karppi@kuopionkonservatorio.fi\"> mikko.karppi@kuopionkonservatorio.fi<\/a><br>\n<i class=\"bi bi-geo\"><\/i>&nbsp; Kuopio, Lapinlahti, Nilsi\u00e4, Siilinj\u00e4rvi, ja Suonenjoki\n<\/p>\n\n<p>\n<b>Komulainen, Marko<\/b>, <br>\n<i>Lapinlahden toimipisteen johtaja<\/i><br><i class=\"bi bi-telephone\"><\/i>&nbsp; 040 488 3201<br>\n<i class=\"bi bi-envelope\"><\/i>&nbsp; <a href=\"mailto:marko.komulainen@kuopionkonservatorio.fi\"> marko.komulainen@kuopionkonservatorio.fi<\/a><br>\n<i class=\"bi bi-geo\"><\/i>&nbsp; Lapinlahti\n<\/p>\n\n<p>\n<b>Makkonen, Petri<\/b>, harmonikka<br>\n\n<i class=\"bi bi-envelope\"><\/i>&nbsp; <a href=\"mailto:petri.makkonen@kuopionkonservatorio.fi\"> petri.makkonen@kuopionkonservatorio.fi<\/a><br>\n<i class=\"bi bi-geo\"><\/i>&nbsp; Kuopio ja Lapinlahti\n<\/p>\n\n<p>\n<b>Muona, Jari<\/b>, viulu<br>\n\n<i class=\"bi bi-envelope\"><\/i>&nbsp; <a href=\"mailto:jari.muona@kuopionkonservatorio.fi\"> jari.muona@kuopionkonservatorio.fi<\/a><br>\n<i class=\"bi bi-geo\"><\/i>&nbsp; Kuopio ja Lapinlahti\n<\/p>\n\n<p>\n<b>R\u00f6nkk\u00f6, Jaana<\/b>, alkusoitto, kamarimusiikki ja orkesterit, ja viulu<br>\n\n<i class=\"bi bi-envelope\"><\/i>&nbsp; <a href=\"mailto:jaana.ronkko@kuopionkonservatorio.fi\"> jaana.ronkko@kuopionkonservatorio.fi<\/a><br>\n<i class=\"bi bi-geo\"><\/i>&nbsp; Lapinlahti\n<\/p>\n\n<p>\n<b>Saastamoinen, Pirkemari<\/b>, huilu<br>\n\n<i class=\"bi bi-envelope\"><\/i>&nbsp; <a href=\"mailto:pirkemari.saastamoinen@kuopionkonservatorio.fi\"> pirkemari.saastamoinen@kuopionkonservatorio.fi<\/a><br>\n<i class=\"bi bi-geo\"><\/i>&nbsp; Kuopio, Lapinlahti, ja Suonenjoki\n<\/p>\n\n<p>\n<b>V\u00e4is\u00e4nen, Vesa<\/b>, piano ja s\u00e4estys<br>\n<i>s\u00e4est\u00e4j\u00e4 (klassinen)<\/i><br>\n<i class=\"bi bi-envelope\"><\/i>&nbsp; <a href=\"mailto:vesa.vaisanen@kuopionkonservatorio.fi\"> vesa.vaisanen@kuopionkonservatorio.fi<\/a><br>\n<i class=\"bi bi-geo\"><\/i>&nbsp; Kuopio ja Lapinlahti\n<\/p>\n\n<p>\n<b>Lempinen, Jasmin<\/b>, laulu ja rummut<br>\n\n<i class=\"bi bi-envelope\"><\/i>&nbsp; <a href=\"mailto:jasmin.lempinen@kuopionkonservatorio.fi\"> jasmin.lempinen@kuopionkonservatorio.fi<\/a><br>\n<i class=\"bi bi-geo\"><\/i>&nbsp; Lapinlahti\n<\/p>\n\n<p>\n<b>Sauram\u00e4ki, Teija<\/b>, musiikkitaito ja oboe<br>\n\n<i class=\"bi bi-envelope\"><\/i>&nbsp; <a href=\"mailto:teija.sauramaki@kuopionkonservatorio.fi\"> teija.sauramaki@kuopionkonservatorio.fi<\/a><br>\n<i class=\"bi bi-geo\"><\/i>&nbsp; Kuopio ja Lapinlahti\n<\/p>\n\n<p>\n<b>Salo, Sofia<\/b>, musiikkileikkikoulu<br>\n\n<i class=\"bi bi-envelope\"><\/i>&nbsp; <a href=\"mailto:sofia.salo@kuopionkonservatorio.fi\"> sofia.salo@kuopionkonservatorio.fi<\/a><br>\n<i class=\"bi bi-geo\"><\/i>&nbsp; Lapinlahti\n<\/p>\n\n<p>\n<b>Mu\u00f1oz Bulla, Juan Bablo<\/b>, piano<br>\n\n<i class=\"bi bi-envelope\"><\/i>&nbsp; <a href=\"mailto:juan.munoz@kuopionkonservatorio.fi\"> juan.munoz@kuopionkonservatorio.fi<\/a><br>\n<i class=\"bi bi-geo\"><\/i>&nbsp; Kuopio ja Lapinlahti\n<\/p>\n\n\n\n\n<div style=\"height:100px\" aria-hidden=\"true\" class=\"wp-block-spacer\"><\/div>\n<\/div>\n<\/div>\n","protected":false},"excerpt":{"rendered":"<p>Lapinlahti Lapinlahden toimipisteess\u00e4 annetaan musiikin varhaisi\u00e4n opintojen sek\u00e4 musiikin perus- ja syvent\u00e4vien opintojen opetusta. Lapinlahden toimipisteen opetustarjontaan sis\u00e4ltyy: Lapinlahdella musiikin perusopinnoissa ja syvent\u00e4viss\u00e4 opinnoissa omaksi instrumentiksi voi valita pianon, viulun, alttoviulun, sellon, klassisen kitaran, harmonikan, huilun, s\u00e4hk\u00f6kitaran, s\u00e4hk\u00f6basson ja laulun (rytmimusiikki). Muiden soittimien opetusta j\u00e4rjestet\u00e4\u00e4n Lapinlahdella mahdollisuuksien mukaan. Alle kouluik\u00e4isille on tarjolla muskareita niin Viisussa [&hellip;]<\/p>\n","protected":false},"author":9,"featured_media":0,"parent":1104,"menu_order":2,"comment_status":"closed","ping_status":"closed","template":"","meta":{"inline_featured_image":false,"footnotes":""},"oppiaine":[],"class_list":["post-1151","page","type-page","status-publish","hentry"],"_links":{"self":[{"href":"https:\/\/kuopionkonservatorio.fi\/fi\/wp-json\/wp\/v2\/pages\/1151","targetHints":{"allow":["GET"]}}],"collection":[{"href":"https:\/\/kuopionkonservatorio.fi\/fi\/wp-json\/wp\/v2\/pages"}],"about":[{"href":"https:\/\/kuopionkonservatorio.fi\/fi\/wp-json\/wp\/v2\/types\/page"}],"author":[{"embeddable":true,"href":"https:\/\/kuopionkonservatorio.fi\/fi\/wp-json\/wp\/v2\/users\/9"}],"replies":[{"embeddable":true,"href":"https:\/\/kuopionkonservatorio.fi\/fi\/wp-json\/wp\/v2\/comments?post=1151"}],"version-history":[{"count":0,"href":"https:\/\/kuopionkonservatorio.fi\/fi\/wp-json\/wp\/v2\/pages\/1151\/revisions"}],"up":[{"embeddable":true,"href":"https:\/\/kuopionkonservatorio.fi\/fi\/wp-json\/wp\/v2\/pages\/1104"}],"wp:attachment":[{"href":"https:\/\/kuopionkonservatorio.fi\/fi\/wp-json\/wp\/v2\/media?parent=1151"}],"wp:term":[{"taxonomy":"oppiaine","embeddable":true,"href":"https:\/\/kuopionkonservatorio.fi\/fi\/wp-json\/wp\/v2\/oppiaine?post=1151"}],"curies":[{"name":"wp","href":"https:\/\/api.w.org\/{rel}","templated":true}]}}