{"id":1149,"date":"2022-02-28T14:15:21","date_gmt":"2022-02-28T12:15:21","guid":{"rendered":"https:\/\/kuopionkonservatorio.letm.com\/?page_id=1149"},"modified":"2024-08-06T10:12:19","modified_gmt":"2024-08-06T07:12:19","slug":"juankoski","status":"publish","type":"page","link":"https:\/\/kuopionkonservatorio.fi\/fi\/toimipisteet\/juankoski\/","title":{"rendered":"Juankoski"},"content":{"rendered":"\n<div class=\"wp-block-columns alignwide is-layout-flex wp-container-core-columns-is-layout-9d6595d7 wp-block-columns-is-layout-flex\">\n<div class=\"wp-block-column is-layout-flow wp-block-column-is-layout-flow\" style=\"flex-basis:33.33%\">\n<h2 class=\"wp-block-heading\" id=\"juankoski\">Juankoski<\/h2>\n\n\n<ul class=\"relatives\"><li class=\"page_item page-item-1147\"><a href=\"https:\/\/kuopionkonservatorio.fi\/fi\/toimipisteet\/kuopio\/\">Kuopio<\/a><\/li>\n<li class=\"page_item page-item-1151\"><a href=\"https:\/\/kuopionkonservatorio.fi\/fi\/toimipisteet\/lapinlahti\/\">Lapinlahti<\/a><\/li>\n<li class=\"page_item page-item-1153\"><a href=\"https:\/\/kuopionkonservatorio.fi\/fi\/toimipisteet\/nilsia\/\">Nilsi\u00e4<\/a><\/li>\n<li class=\"page_item page-item-1155\"><a href=\"https:\/\/kuopionkonservatorio.fi\/fi\/toimipisteet\/siilinjarvi\/\">Siilinj\u00e4rvi<\/a><\/li>\n<li class=\"page_item page-item-1157\"><a href=\"https:\/\/kuopionkonservatorio.fi\/fi\/toimipisteet\/suonenjoki\/\">Suonenjoki<\/a><\/li>\n<\/ul>\n<\/div>\n\n\n\n<div class=\"wp-block-column is-layout-flow wp-block-column-is-layout-flow\" style=\"flex-basis:66.66%\">\n<p class=\"has-ingressi-font-size\">Kuopion konservatorion Juankosken toimipiste perustettiin v. 1983.<\/p>\n\n\n\n<p>Juankosken toimipisteen monipuoliseen opetustarjontaan sis\u00e4ltyy:<\/p>\n\n\n\n<ul class=\"wp-block-list\">\n<li>musiikin varhaisi\u00e4n opintoja (musiikkileikkikoulu ja musiikin valmentava opetus)<\/li>\n\n\n\n<li>musiikin perusopintoja ja musiikin syvent\u00e4vi\u00e4 opintoja klassisessa musiikissa ja rytmimusiikissa<\/li>\n\n\n\n<li>tanssin varhaisi\u00e4n opintoja (lastentanssi ja tanssin valmentava opetus)<\/li>\n\n\n\n<li>tanssin perusopintoja (nykytanssi)<\/li>\n<\/ul>\n\n\n\n<p>Musiikin perusopinnoissa ja syvent\u00e4viss\u00e4 opinnoissa omaksi instrumentiksi voi valita Juankoskella pianon, viulun, alttoviulun, sellon, huilun, klarinetin, klassisen kitaran, nokkahuilun, s\u00e4hk\u00f6kitaran ja s\u00e4hk\u00f6basson. Muiden soittimien opetusta j\u00e4rjestet\u00e4\u00e4n Juankoskella mahdollisuuksien mukaan.<\/p>\n\n\n\n<p>My\u00f6s erilaiset yhteismusisoinnin muodot ovat osa toimintaa. Toimipiste on alusta l\u00e4htien toiminut tiiviiss\u00e4 yhteisty\u00f6ss\u00e4 v. 1886 perustetun Juantehtaan Soittajien kanssa.<\/p>\n\n\n\n<p>Teemme aktiivista yhteisty\u00f6t\u00e4 paikallisten yhdistysten ja toimijoiden kanssa. Juankosken toimipisteen toimialueeseen kuuluvat Juankosken lis\u00e4ksi Kaavin ja Tuusniemen kunnat.<\/p>\n\n\n\n<h4 class=\"wp-block-heading pt-3\">Opetuspisteet<\/h4>\n\n\n\n\n<p>\n<b>Juankosken virastotalo<\/b><br>\n<i class=\"bi bi-geo-alt\"><\/i>&nbsp; <a href=\"https:\/\/www.google.com\/maps\/place\/Juankoskentie+13+Juankoski\" title=\"karttalinkki\" target=\"_blank\" rel=\"noopener\">Juankoskentie 13, 73500 Juankoski<\/a>\n<br><i class=\"bi bi-music-note-beamed\"><\/i>&nbsp; kamarimusiikki ja orkesterit, musiikin valmentavat opinnot, musiikkitaito klassinen, ja soitinopinnot klassinen<\/p>\n\n<p>\n<b>Soittokunnantalo<\/b><br>\n<i class=\"bi bi-geo-alt\"><\/i>&nbsp; <a href=\"https:\/\/www.google.com\/maps\/place\/Juankoskentie+9+Juankoski\" title=\"karttalinkki\" target=\"_blank\" rel=\"noopener\">Juankoskentie 9, 73500 Juankoski<\/a>\n<br><i class=\"bi bi-music-note-beamed\"><\/i>&nbsp; musiikkileikkikoulu<\/p>\n\n<p>\n<b>Juantehtaan koulu<\/b><br>\n<i class=\"bi bi-geo-alt\"><\/i>&nbsp; <a href=\"https:\/\/www.google.com\/maps\/place\/Ruukintie+2b+Juankoski\" title=\"karttalinkki\" target=\"_blank\" rel=\"noopener\">Ruukintie 2b, 73500 Juankoski<\/a>\n<br><i class=\"bi bi-music-note-beamed\"><\/i>&nbsp; tanssi<\/p>\n\n<p>\n<b>Juankosken p\u00e4iv\u00e4koti<\/b><br>\n<i class=\"bi bi-geo-alt\"><\/i>&nbsp; <a href=\"https:\/\/www.google.com\/maps\/place\/Opintie+6+Juankoski\" title=\"karttalinkki\" target=\"_blank\" rel=\"noopener\">Opintie 6, 73500 Juankoski<\/a>\n<br><i class=\"bi bi-music-note-beamed\"><\/i>&nbsp; musiikkileikkikoulu<\/p>\n\n\n\n\n<h4 class=\"wp-block-heading pt-3\">Opettajat<\/h4>\n\n\n\n\n<p>\n<b>Ahonen, Arja Linnea<\/b>, piano<br>\n\n<i class=\"bi bi-envelope\"><\/i>&nbsp; <a href=\"mailto:arja.ahonen@kuopionkonservatorio.fi\"> arja.ahonen@kuopionkonservatorio.fi<\/a><br>\n<i class=\"bi bi-geo\"><\/i>&nbsp; Juankoski ja Nilsi\u00e4\n<\/p>\n\n<p>\n<b>Huhtinen, Juhana<\/b>, piano ja s\u00e4estys<br>\n<i>s\u00e4est\u00e4j\u00e4 (klassinen)<\/i><br><i class=\"bi bi-telephone\"><\/i>&nbsp; 045 139 3914<br>\n<i class=\"bi bi-envelope\"><\/i>&nbsp; <a href=\"mailto:juhana.huhtinen@kuopionkonservatorio.fi\"> juhana.huhtinen@kuopionkonservatorio.fi<\/a><br>\n<i class=\"bi bi-geo\"><\/i>&nbsp; Juankoski ja Kuopio\n<\/p>\n\n<p>\n<b>Janka-Murros, Anna<\/b>, musiikkileikkikoulu ja musiikkipaja<br>\n<i class=\"bi bi-telephone\"><\/i>&nbsp; 045 139 3904<br>\n<i class=\"bi bi-envelope\"><\/i>&nbsp; <a href=\"mailto:anna.janka-murros@kuopionkonservatorio.fi\"> anna.janka-murros@kuopionkonservatorio.fi<\/a><br>\n<i class=\"bi bi-geo\"><\/i>&nbsp; Juankoski ja Kuopio\n<\/p>\n\n<p>\n<b>Kivim\u00e4ki, Marketta<\/b>, klarinetti ja nokkahuilu<br>\n\n<i class=\"bi bi-envelope\"><\/i>&nbsp; <a href=\"mailto:marketta.kivimaki@kuopionkonservatorio.fi\"> marketta.kivimaki@kuopionkonservatorio.fi<\/a><br>\n<i class=\"bi bi-geo\"><\/i>&nbsp; Juankoski, Kuopio, ja Siilinj\u00e4rvi\n<\/p>\n\n<p>\n<b>Koivusalo, Mari<\/b>, alttoviulu, kamarimusiikki, ja viulu<br>\n<i class=\"bi bi-telephone\"><\/i>&nbsp; 040 594 3411<br>\n<i class=\"bi bi-envelope\"><\/i>&nbsp; <a href=\"mailto:mari.koivusalo@kuopionkonservatorio.fi\"> mari.koivusalo@kuopionkonservatorio.fi<\/a><br>\n<i class=\"bi bi-geo\"><\/i>&nbsp; Juankoski ja Kuopio\n<\/p>\n\n<p>\n<b>Laakso, Markku<\/b>, kitara<br>\n<i>ammatillisen koulutuksen aineryhm\u00e4vastaava (klassinen musiikki)<\/i><br>\n<i class=\"bi bi-envelope\"><\/i>&nbsp; <a href=\"mailto:markku.laakso@kuopionkonservatorio.fi\"> markku.laakso@kuopionkonservatorio.fi<\/a><br>\n<i class=\"bi bi-geo\"><\/i>&nbsp; Juankoski ja Kuopio\n<\/p>\n\n<p>\n<b>Pirinen, Tiina<\/b>, huilu<br>\n<i>Juankosken toimipisteen johtaja<\/i><br><i class=\"bi bi-telephone\"><\/i>&nbsp; 045-139-3913<br>\n<i class=\"bi bi-envelope\"><\/i>&nbsp; <a href=\"mailto:tiina.pirinen@kuopionkonservatorio.fi\"> tiina.pirinen@kuopionkonservatorio.fi<\/a><br>\n<i class=\"bi bi-geo\"><\/i>&nbsp; Juankoski\n<\/p>\n\n<p>\n<b>Toivanen, Mari<\/b>, lastentanssi, nykytanssi, tanssimuskari, ja tanssin valmentavat opinnot<br>\n<i class=\"bi bi-telephone\"><\/i>&nbsp; 045 139 3917<br>\n<i class=\"bi bi-envelope\"><\/i>&nbsp; <a href=\"mailto:mari.toivanen@kuopionkonservatorio.fi\"> mari.toivanen@kuopionkonservatorio.fi<\/a><br>\n<i class=\"bi bi-geo\"><\/i>&nbsp; Juankoski, Kuopio, ja Nilsi\u00e4\n<\/p>\n\n<p>\n<b>Untamala, Tuomas<\/b>, Juniorijouset, Kamarijouset, ja sello<br>\n<i>kamarimusiikki ja orkesterivastaava<\/i><br>\n<i class=\"bi bi-envelope\"><\/i>&nbsp; <a href=\"mailto:tuomas.untamala@kuopionkonservatorio.fi\"> tuomas.untamala@kuopionkonservatorio.fi<\/a><br>\n<i class=\"bi bi-geo\"><\/i>&nbsp; Juankoski ja Kuopio\n<\/p>\n\n\n\n\n<div style=\"height:100px\" aria-hidden=\"true\" class=\"wp-block-spacer\"><\/div>\n<\/div>\n<\/div>\n","protected":false},"excerpt":{"rendered":"<p>Juankoski Kuopion konservatorion Juankosken toimipiste perustettiin v. 1983. Juankosken toimipisteen monipuoliseen opetustarjontaan sis\u00e4ltyy: Musiikin perusopinnoissa ja syvent\u00e4viss\u00e4 opinnoissa omaksi instrumentiksi voi valita Juankoskella pianon, viulun, alttoviulun, sellon, huilun, klarinetin, klassisen kitaran, nokkahuilun, s\u00e4hk\u00f6kitaran ja s\u00e4hk\u00f6basson. Muiden soittimien opetusta j\u00e4rjestet\u00e4\u00e4n Juankoskella mahdollisuuksien mukaan. My\u00f6s erilaiset yhteismusisoinnin muodot ovat osa toimintaa. Toimipiste on alusta l\u00e4htien toiminut tiiviiss\u00e4 [&hellip;]<\/p>\n","protected":false},"author":9,"featured_media":0,"parent":1104,"menu_order":1,"comment_status":"closed","ping_status":"closed","template":"","meta":{"inline_featured_image":false,"footnotes":""},"oppiaine":[],"class_list":["post-1149","page","type-page","status-publish","hentry"],"_links":{"self":[{"href":"https:\/\/kuopionkonservatorio.fi\/fi\/wp-json\/wp\/v2\/pages\/1149","targetHints":{"allow":["GET"]}}],"collection":[{"href":"https:\/\/kuopionkonservatorio.fi\/fi\/wp-json\/wp\/v2\/pages"}],"about":[{"href":"https:\/\/kuopionkonservatorio.fi\/fi\/wp-json\/wp\/v2\/types\/page"}],"author":[{"embeddable":true,"href":"https:\/\/kuopionkonservatorio.fi\/fi\/wp-json\/wp\/v2\/users\/9"}],"replies":[{"embeddable":true,"href":"https:\/\/kuopionkonservatorio.fi\/fi\/wp-json\/wp\/v2\/comments?post=1149"}],"version-history":[{"count":0,"href":"https:\/\/kuopionkonservatorio.fi\/fi\/wp-json\/wp\/v2\/pages\/1149\/revisions"}],"up":[{"embeddable":true,"href":"https:\/\/kuopionkonservatorio.fi\/fi\/wp-json\/wp\/v2\/pages\/1104"}],"wp:attachment":[{"href":"https:\/\/kuopionkonservatorio.fi\/fi\/wp-json\/wp\/v2\/media?parent=1149"}],"wp:term":[{"taxonomy":"oppiaine","embeddable":true,"href":"https:\/\/kuopionkonservatorio.fi\/fi\/wp-json\/wp\/v2\/oppiaine?post=1149"}],"curies":[{"name":"wp","href":"https:\/\/api.w.org\/{rel}","templated":true}]}}