{"id":1147,"date":"2022-02-28T14:12:23","date_gmt":"2022-02-28T12:12:23","guid":{"rendered":"https:\/\/kuopionkonservatorio.letm.com\/?page_id=1147"},"modified":"2025-08-08T12:24:04","modified_gmt":"2025-08-08T09:24:04","slug":"kuopio","status":"publish","type":"page","link":"https:\/\/kuopionkonservatorio.fi\/fi\/toimipisteet\/kuopio\/","title":{"rendered":"Kuopio"},"content":{"rendered":"\n<div class=\"wp-block-columns alignwide is-layout-flex wp-container-core-columns-is-layout-9d6595d7 wp-block-columns-is-layout-flex\">\n<div class=\"wp-block-column is-layout-flow wp-block-column-is-layout-flow\" style=\"flex-basis:33.33%\">\n<h2 class=\"wp-block-heading\" id=\"kuopio\">Kuopio<\/h2>\n\n\n\n<ul class=\"wp-block-list linkkilista\">\n<li><a href=\"https:\/\/kuopionkonservatorio.fi\/ota-yhteytta\/hallintohenkilosto\/\">Ota yhteytt\u00e4<\/a><\/li>\n\n\n\n<li><a href=\"https:\/\/kuopionkonservatorio.fi\/hakeminen-2\/\" data-type=\"page\" data-id=\"971\">Hakeminen<\/a><\/li>\n<\/ul>\n\n\n<ul class=\"relatives\"><li class=\"page_item page-item-1149\"><a href=\"https:\/\/kuopionkonservatorio.fi\/fi\/toimipisteet\/juankoski\/\">Juankoski<\/a><\/li>\n<li class=\"page_item page-item-1151\"><a href=\"https:\/\/kuopionkonservatorio.fi\/fi\/toimipisteet\/lapinlahti\/\">Lapinlahti<\/a><\/li>\n<li class=\"page_item page-item-1153\"><a href=\"https:\/\/kuopionkonservatorio.fi\/fi\/toimipisteet\/nilsia\/\">Nilsi\u00e4<\/a><\/li>\n<li class=\"page_item page-item-1155\"><a href=\"https:\/\/kuopionkonservatorio.fi\/fi\/toimipisteet\/siilinjarvi\/\">Siilinj\u00e4rvi<\/a><\/li>\n<li class=\"page_item page-item-1157\"><a href=\"https:\/\/kuopionkonservatorio.fi\/fi\/toimipisteet\/suonenjoki\/\">Suonenjoki<\/a><\/li>\n<\/ul>\n<\/div>\n\n\n\n<div class=\"wp-block-column is-layout-flow wp-block-column-is-layout-flow\" style=\"flex-basis:66.66%\">\n<p class=\"has-ingressi-font-size\">Kuopion toimipiste on konservatorion toimipisteist\u00e4 suurin ja koko toiminnan keskus.<\/p>\n\n\n\n<p>Kuopion toimipisteeseen kuuluu useita eri opetuspaikkoja, joista Kuopion Musiikkikeskus on suurin. Muita opetuspaikkoja ovat mm. Haapakulma ja Aapeli keskustassa, Hermannin tanssisalit Haapaniemell\u00e4 ja Kasarmikortteli Puistokadulla. Kuopion konservatorion hallintohenkil\u00f6st\u00f6 ty\u00f6skentelee p\u00e4\u00e4osin Kuopion Musiikkikeskuksessa.<\/p>\n\n\n\n<p>Kuopion opetustarjonta on laaja sek\u00e4 musiikissa ett\u00e4 tanssissa. Kuopiossa annetaan musiikin varhaisi\u00e4n opintojen, musiikin perusopintojen ja syvent\u00e4vien opintojen opetusta sek\u00e4 musiikkialan toisen asteen ammatillista koulutusta. Tanssin osalta Kuopiossa annetaan tanssin varhaisi\u00e4n opintojen opetusta sek\u00e4 tanssin perusopintojen ja syvent\u00e4vien opintojen opetusta sek\u00e4 baletissa ett\u00e4 nykytanssissa.<\/p>\n\n\n\n<p>Lis\u00e4ksi koulu- ja p\u00e4iv\u00e4kotiyhteisty\u00f6ll\u00e4 on Kuopion toimipisteen toiminnassa vahva rooli.<\/p>\n<\/div>\n<\/div>\n","protected":false},"excerpt":{"rendered":"<p>Kuopio Kuopion toimipiste on konservatorion toimipisteist\u00e4 suurin ja koko toiminnan keskus. Kuopion toimipisteeseen kuuluu useita eri opetuspaikkoja, joista Kuopion Musiikkikeskus on suurin. Muita opetuspaikkoja ovat mm. Haapakulma ja Aapeli keskustassa, Hermannin tanssisalit Haapaniemell\u00e4 ja Kasarmikortteli Puistokadulla. Kuopion konservatorion hallintohenkil\u00f6st\u00f6 ty\u00f6skentelee p\u00e4\u00e4osin Kuopion Musiikkikeskuksessa. Kuopion opetustarjonta on laaja sek\u00e4 musiikissa ett\u00e4 tanssissa. Kuopiossa annetaan musiikin varhaisi\u00e4n [&hellip;]<\/p>\n","protected":false},"author":9,"featured_media":0,"parent":1104,"menu_order":0,"comment_status":"closed","ping_status":"closed","template":"","meta":{"inline_featured_image":false,"footnotes":""},"oppiaine":[],"class_list":["post-1147","page","type-page","status-publish","hentry"],"_links":{"self":[{"href":"https:\/\/kuopionkonservatorio.fi\/fi\/wp-json\/wp\/v2\/pages\/1147","targetHints":{"allow":["GET"]}}],"collection":[{"href":"https:\/\/kuopionkonservatorio.fi\/fi\/wp-json\/wp\/v2\/pages"}],"about":[{"href":"https:\/\/kuopionkonservatorio.fi\/fi\/wp-json\/wp\/v2\/types\/page"}],"author":[{"embeddable":true,"href":"https:\/\/kuopionkonservatorio.fi\/fi\/wp-json\/wp\/v2\/users\/9"}],"replies":[{"embeddable":true,"href":"https:\/\/kuopionkonservatorio.fi\/fi\/wp-json\/wp\/v2\/comments?post=1147"}],"version-history":[{"count":0,"href":"https:\/\/kuopionkonservatorio.fi\/fi\/wp-json\/wp\/v2\/pages\/1147\/revisions"}],"up":[{"embeddable":true,"href":"https:\/\/kuopionkonservatorio.fi\/fi\/wp-json\/wp\/v2\/pages\/1104"}],"wp:attachment":[{"href":"https:\/\/kuopionkonservatorio.fi\/fi\/wp-json\/wp\/v2\/media?parent=1147"}],"wp:term":[{"taxonomy":"oppiaine","embeddable":true,"href":"https:\/\/kuopionkonservatorio.fi\/fi\/wp-json\/wp\/v2\/oppiaine?post=1147"}],"curies":[{"name":"wp","href":"https:\/\/api.w.org\/{rel}","templated":true}]}}