{"id":1104,"date":"2022-02-22T14:32:06","date_gmt":"2022-02-22T12:32:06","guid":{"rendered":"https:\/\/kuopionkonservatorio.letm.com\/?page_id=1104"},"modified":"2026-03-19T14:48:50","modified_gmt":"2026-03-19T12:48:50","slug":"toimipisteet","status":"publish","type":"page","link":"https:\/\/kuopionkonservatorio.fi\/fi\/toimipisteet\/","title":{"rendered":"Toimipisteet"},"content":{"rendered":"\n<div class=\"wp-block-columns alignwide mt-5 is-layout-flex wp-container-core-columns-is-layout-9d6595d7 wp-block-columns-is-layout-flex\">\n<div class=\"wp-block-column is-layout-flow wp-block-column-is-layout-flow\" style=\"flex-basis:33.33%\">\n<h2 class=\"wp-block-heading\" id=\"toimipisteet\">Toimipisteet<\/h2>\n<\/div>\n\n\n\n<div class=\"wp-block-column is-layout-flow wp-block-column-is-layout-flow\" style=\"flex-basis:66.66%\">\n<p class=\"has-ingressi-font-size\">Kuopion konservatoriolla on kuusi toimipistett\u00e4 eri paikkakunnilla.<\/p>\n\n\n\n<p>Eri toimipisteiden opetustarjontaan, instrumenttivalikoimaan ja yhteystietoihin p\u00e4\u00e4set tutustumaan toimipisteiden omilla sivuilla.<\/p>\n\n\n\n      <div class=\"wp-block-letm-blocks-accordion\">\n        \n\n<div class=\"wp-block-letm-blocks-accordion-single-row\">\n<div class=\"wp-block-columns accordion-head has-background is-layout-flex wp-container-core-columns-is-layout-9d6595d7 wp-block-columns-is-layout-flex\" style=\"background-color:#eddce4\">\n<div class=\"wp-block-column is-layout-flow wp-block-column-is-layout-flow\" style=\"flex-basis:50%\">\n<p class=\"heading-left\">Kuopion toimipiste<\/p>\n<\/div>\n\n\n\n<div class=\"wp-block-column is-layout-flow wp-block-column-is-layout-flow\" style=\"flex-basis:50%\">\n<p class=\"heading-right\"><\/p>\n<\/div>\n<\/div>\n\n\n\n<div class=\"wp-block-columns accordion-content is-layout-flex wp-container-core-columns-is-layout-9d6595d7 wp-block-columns-is-layout-flex\">\n<div class=\"wp-block-column is-layout-flow wp-block-column-is-layout-flow\" style=\"flex-basis:100%\">\n<p><strong><a href=\"https:\/\/kuopionkonservatorio.fi\/toimipisteet\/kuopio\/\" data-type=\"page\" data-id=\"1147\">Kuopion toimipiste<\/a><\/strong> on konservatorion toimipisteist\u00e4 suurin ja koko toiminnan keskus. Kuopion toimipisteeseen kuuluu useita eri opetuspaikkoja, joista Kuopion Musiikkikeskus on suurin. Kuopion opetustarjonta on laaja sek\u00e4 musiikissa ett\u00e4 tanssissa. Kuopiossa annetaan musiikin varhaisi\u00e4n opintojen, musiikin perusopintojen ja syvent\u00e4vien opintojen opetusta sek\u00e4 musiikkialan toisen asteen ammatillista koulutusta. Tanssin osalta Kuopiossa annetaan tanssin varhaisi\u00e4n opintojen opetusta sek\u00e4 tanssin perusopintojen ja syvent\u00e4vien opintojen opetusta sek\u00e4 baletissa ett\u00e4 nykytanssissa.<\/p>\n\n\n\n<p><a href=\"https:\/\/kuopionkonservatorio.fi\/fi\/tutustu-soittimiin\/\"><strong>Tutustu soittimiin<\/strong><\/a><\/p>\n<\/div>\n<\/div>\n<\/div>\n\n\n\n<div class=\"wp-block-letm-blocks-accordion-single-row\">\n<div class=\"wp-block-columns accordion-head has-background is-layout-flex wp-container-core-columns-is-layout-9d6595d7 wp-block-columns-is-layout-flex\" style=\"background-color:#eddce4\">\n<div class=\"wp-block-column is-layout-flow wp-block-column-is-layout-flow\" style=\"flex-basis:50%\">\n<p class=\"heading-left\">Juankosken toimipiste<\/p>\n<\/div>\n\n\n\n<div class=\"wp-block-column is-layout-flow wp-block-column-is-layout-flow\" style=\"flex-basis:50%\">\n<p class=\"heading-right\"><\/p>\n<\/div>\n<\/div>\n\n\n\n<div class=\"wp-block-columns accordion-content is-layout-flex wp-container-core-columns-is-layout-9d6595d7 wp-block-columns-is-layout-flex\">\n<div class=\"wp-block-column is-layout-flow wp-block-column-is-layout-flow\" style=\"flex-basis:100%\">\n<p><strong><a href=\"https:\/\/kuopionkonservatorio.fi\/toimipisteet\/juankoski\/\" data-type=\"page\" data-id=\"1149\">Juankosken toimipiste<\/a><\/strong> perustettiin v. 1983. Toimipisteen toimialueeseen kuuluvat Juankosken lis\u00e4ksi Kaavin ja Tuusniemen kunnat. Juankosken toimipisteess\u00e4 annetaan musiikin ja tanssin varhaisi\u00e4n opintojen, musiikin perusopintojen ja syvent\u00e4vien opintojen sek\u00e4 tanssin perusopintojen opetusta nykytanssissa.<\/p>\n\n\n\n<p>Musiikin perusopinnoissa ja syvent\u00e4viss\u00e4 opinnoissa omaksi instrumentiksi voi valita Juankoskella pianon, viulun, alttoviulun, sellon, huilun, klarinetin, klassisen kitaran, nokkahuilun, s\u00e4hk\u00f6kitaran ja s\u00e4hk\u00f6basson. Muiden soittimien opetusta j\u00e4rjestet\u00e4\u00e4n Juankoskella mahdollisuuksien mukaan.<\/p>\n<\/div>\n<\/div>\n<\/div>\n\n\n\n<div class=\"wp-block-letm-blocks-accordion-single-row\">\n<div class=\"wp-block-columns accordion-head has-background is-layout-flex wp-container-core-columns-is-layout-9d6595d7 wp-block-columns-is-layout-flex\" style=\"background-color:#eddce4\">\n<div class=\"wp-block-column is-layout-flow wp-block-column-is-layout-flow\" style=\"flex-basis:50%\">\n<p class=\"heading-left\">Lapinlahden toimipiste<\/p>\n<\/div>\n\n\n\n<div class=\"wp-block-column is-layout-flow wp-block-column-is-layout-flow\" style=\"flex-basis:50%\">\n<p class=\"heading-right\"><\/p>\n<\/div>\n<\/div>\n\n\n\n<div class=\"wp-block-columns accordion-content is-layout-flex wp-container-core-columns-is-layout-9d6595d7 wp-block-columns-is-layout-flex\">\n<div class=\"wp-block-column is-layout-flow wp-block-column-is-layout-flow\" style=\"flex-basis:100%\">\n<p><strong><a href=\"https:\/\/kuopionkonservatorio.fi\/toimipisteet\/lapinlahti\/\" data-type=\"page\" data-id=\"1151\">Lapinlahden toimipiste<\/a><\/strong> perustettiin v. 2001. Kev\u00e4\u00e4ll\u00e4 2023 toimipiste muutti Viisun uusiin musiikin opetustiloihin Matin ja Liisan koululle. Lapinlahdella annetaan musiikin varhaisi\u00e4n opintojen sek\u00e4 musiikin perus- ja syvent\u00e4vien opintojen opetusta.<\/p>\n\n\n\n<p>Lapinlahdella musiikin perusopinnoissa ja syvent\u00e4viss\u00e4 opinnoissa omaksi instrumentiksi voi valita pianon, viulun, alttoviulun, sellon, klassisen kitaran, harmonikan, huilun, s\u00e4hk\u00f6kitaran, s\u00e4hk\u00f6basson ja laulun (rytmimusiikki). Muiden soittimien opetusta j\u00e4rjestet\u00e4\u00e4n Lapinlahdella mahdollisuuksien mukaan.<\/p>\n<\/div>\n<\/div>\n<\/div>\n\n\n\n<div class=\"wp-block-letm-blocks-accordion-single-row\">\n<div class=\"wp-block-columns accordion-head has-background is-layout-flex wp-container-core-columns-is-layout-9d6595d7 wp-block-columns-is-layout-flex\" style=\"background-color:#eddce4\">\n<div class=\"wp-block-column is-layout-flow wp-block-column-is-layout-flow\" style=\"flex-basis:50%\">\n<p class=\"heading-left\">Nilsi\u00e4n toimipiste<\/p>\n<\/div>\n\n\n\n<div class=\"wp-block-column is-layout-flow wp-block-column-is-layout-flow\" style=\"flex-basis:50%\">\n<p class=\"heading-right\"><\/p>\n<\/div>\n<\/div>\n\n\n\n<div class=\"wp-block-columns accordion-content is-layout-flex wp-container-core-columns-is-layout-9d6595d7 wp-block-columns-is-layout-flex\">\n<div class=\"wp-block-column is-layout-flow wp-block-column-is-layout-flow\" style=\"flex-basis:100%\">\n<p><strong><a href=\"https:\/\/kuopionkonservatorio.fi\/toimipisteet\/nilsia\/\" data-type=\"page\" data-id=\"1153\">Nilsi\u00e4n toimipiste<\/a> <\/strong>aloitti toimintansa v. 1976. Toiminnan piiriss\u00e4 on Nilsi\u00e4n lis\u00e4ksi Rautavaaran kunta. Nilsi\u00e4n toimipisteess\u00e4 annetaan musiikin ja tanssin varhaisi\u00e4n opintojen, musiikin perusopintojen ja syvent\u00e4vien opintojen sek\u00e4 tanssin perusopintojen opetusta.<\/p>\n\n\n\n<p>Musiikin perusopinnoissa ja syvent\u00e4viss\u00e4 opinnoissa omaksi soittimeksi voi valita Nilsi\u00e4ss\u00e4 pianon, huilun, harmonikan, viulun,\u00a0alttoviulun, ly\u00f6m\u00e4soittimet, s\u00e4hk\u00f6kitaran, s\u00e4hk\u00f6basson ja rummut (rytmimusiikki). Muiden soittimien opetusta j\u00e4rjestet\u00e4\u00e4n Nilsi\u00e4ss\u00e4 mahdollisuuksien mukaan.<\/p>\n<\/div>\n<\/div>\n<\/div>\n\n\n\n<div class=\"wp-block-letm-blocks-accordion-single-row\">\n<div class=\"wp-block-columns accordion-head has-background is-layout-flex wp-container-core-columns-is-layout-9d6595d7 wp-block-columns-is-layout-flex\" style=\"background-color:#eddce4\">\n<div class=\"wp-block-column is-layout-flow wp-block-column-is-layout-flow\" style=\"flex-basis:50%\">\n<p class=\"heading-left\">Siilinj\u00e4rven toimipiste<\/p>\n<\/div>\n\n\n\n<div class=\"wp-block-column is-layout-flow wp-block-column-is-layout-flow\" style=\"flex-basis:50%\">\n<p class=\"heading-right\"><\/p>\n<\/div>\n<\/div>\n\n\n\n<div class=\"wp-block-columns accordion-content is-layout-flex wp-container-core-columns-is-layout-9d6595d7 wp-block-columns-is-layout-flex\">\n<div class=\"wp-block-column is-layout-flow wp-block-column-is-layout-flow\" style=\"flex-basis:100%\">\n<p><a href=\"https:\/\/kuopionkonservatorio.fi\/fi\/toimipisteet\/siilinjarvi\/\"><strong>Siilinj\u00e4rven toimipiste<\/strong><\/a> aloitti toimintansa v. 1973, jolloin taiteen perusopetuksen laajan oppim\u00e4\u00e4r\u00e4n mukainen musiikinopetus aloitettiin.<\/p>\n\n\n\n<p>Musiikin perusopinnoissa ja syvent\u00e4viss\u00e4 opinnoissa omaksi instrumentiksi voi Siilinj\u00e4rvell\u00e4 valita viulun, sellon, kitaran, huilun, klarinetin, nokkahuilun, trumpetin, pianon ja laulun (klassinen). Muiden soittimien opetusta j\u00e4rjestet\u00e4\u00e4n Siilinj\u00e4rvell\u00e4 mahdollisuuksien mukaan.<\/p>\n<\/div>\n<\/div>\n<\/div>\n\n\n\n<div class=\"wp-block-letm-blocks-accordion-single-row\">\n<div class=\"wp-block-columns accordion-head has-background is-layout-flex wp-container-core-columns-is-layout-9d6595d7 wp-block-columns-is-layout-flex\" style=\"background-color:#eddce4\">\n<div class=\"wp-block-column is-layout-flow wp-block-column-is-layout-flow\" style=\"flex-basis:50%\">\n<p class=\"heading-left\">Suonenjoen toimipiste<\/p>\n<\/div>\n\n\n\n<div class=\"wp-block-column is-layout-flow wp-block-column-is-layout-flow\" style=\"flex-basis:50%\">\n<p class=\"heading-right\"><\/p>\n<\/div>\n<\/div>\n\n\n\n<div class=\"wp-block-columns accordion-content is-layout-flex wp-container-core-columns-is-layout-9d6595d7 wp-block-columns-is-layout-flex\">\n<div class=\"wp-block-column is-layout-flow wp-block-column-is-layout-flow\" style=\"flex-basis:100%\">\n<p><strong><a href=\"https:\/\/kuopionkonservatorio.fi\/toimipisteet\/suonenjoki\/\" data-type=\"page\" data-id=\"1157\">Suonenjoen toimipiste<\/a> <\/strong>aloitti toimintansa v. 1973. Musiikinopiskelunsa aloitti tuolloin 49 suonenjokista lasta ja nuorta. My\u00f6hemmin oppilaita on tullut my\u00f6s Rautalammilta, Vesannolta, Tervosta ja Pieks\u00e4m\u00e4elt\u00e4. Toimipisteess\u00e4 annetaan musiikin varhaisi\u00e4n opintojen sek\u00e4 klassisen musiikin perus- ja syvent\u00e4vien opintojen opetusta.<\/p>\n\n\n\n<p>Suonenjoella musiikin perusopinnoissa ja syvent\u00e4viss\u00e4 opinnoissa omaksi instrumentiksi voi valita pianon, viulun, sellon, huilun, kitaran ja laulun (klassinen). Muiden soittimien opetusta j\u00e4rjestet\u00e4\u00e4n Suonenjoella mahdollisuuksien mukaan.<\/p>\n<\/div>\n<\/div>\n<\/div>\n\n      <\/div>\n\n    <\/div>\n<\/div>\n","protected":false},"excerpt":{"rendered":"<p>Toimipisteet Kuopion konservatoriolla on kuusi toimipistett\u00e4 eri paikkakunnilla. Eri toimipisteiden opetustarjontaan, instrumenttivalikoimaan ja yhteystietoihin p\u00e4\u00e4set tutustumaan toimipisteiden omilla sivuilla.<\/p>\n","protected":false},"author":9,"featured_media":0,"parent":0,"menu_order":0,"comment_status":"closed","ping_status":"closed","template":"","meta":{"inline_featured_image":false,"footnotes":""},"oppiaine":[],"class_list":["post-1104","page","type-page","status-publish","hentry"],"_links":{"self":[{"href":"https:\/\/kuopionkonservatorio.fi\/fi\/wp-json\/wp\/v2\/pages\/1104","targetHints":{"allow":["GET"]}}],"collection":[{"href":"https:\/\/kuopionkonservatorio.fi\/fi\/wp-json\/wp\/v2\/pages"}],"about":[{"href":"https:\/\/kuopionkonservatorio.fi\/fi\/wp-json\/wp\/v2\/types\/page"}],"author":[{"embeddable":true,"href":"https:\/\/kuopionkonservatorio.fi\/fi\/wp-json\/wp\/v2\/users\/9"}],"replies":[{"embeddable":true,"href":"https:\/\/kuopionkonservatorio.fi\/fi\/wp-json\/wp\/v2\/comments?post=1104"}],"version-history":[{"count":0,"href":"https:\/\/kuopionkonservatorio.fi\/fi\/wp-json\/wp\/v2\/pages\/1104\/revisions"}],"wp:attachment":[{"href":"https:\/\/kuopionkonservatorio.fi\/fi\/wp-json\/wp\/v2\/media?parent=1104"}],"wp:term":[{"taxonomy":"oppiaine","embeddable":true,"href":"https:\/\/kuopionkonservatorio.fi\/fi\/wp-json\/wp\/v2\/oppiaine?post=1104"}],"curies":[{"name":"wp","href":"https:\/\/api.w.org\/{rel}","templated":true}]}}