{"id":1102,"date":"2022-02-22T14:13:25","date_gmt":"2022-02-22T12:13:25","guid":{"rendered":"https:\/\/kuopionkonservatorio.letm.com\/?page_id=1102"},"modified":"2026-04-24T12:38:20","modified_gmt":"2026-04-24T09:38:20","slug":"tyopaikat","status":"publish","type":"page","link":"https:\/\/kuopionkonservatorio.fi\/fi\/oppilaitos\/tyopaikat\/","title":{"rendered":"Avoimet ty\u00f6paikat"},"content":{"rendered":"\n<div class=\"wp-block-columns alignwide is-layout-flex wp-container-core-columns-is-layout-9d6595d7 wp-block-columns-is-layout-flex\">\n<div class=\"wp-block-column is-layout-flow wp-block-column-is-layout-flow\" style=\"flex-basis:33.33%\">\n<h2 class=\"wp-block-heading\" id=\"avoimet-tyopaikat\">Avoimet ty\u00f6paikat<\/h2>\n\n\n<ul class=\"relatives\"><li class=\"page_item page-item-1091\"><a href=\"https:\/\/kuopionkonservatorio.fi\/fi\/oppilaitos\/hallintorakenne\/\">Hallintorakenne<\/a><\/li>\n<li class=\"page_item page-item-1094\"><a href=\"https:\/\/kuopionkonservatorio.fi\/fi\/oppilaitos\/kannatusyhdistys\/\">Kannatusyhdistys<\/a><\/li>\n<li class=\"page_item page-item-1018\"><a href=\"https:\/\/kuopionkonservatorio.fi\/fi\/oppilaitos\/lukukausimaksut\/\">Lukukausimaksut<\/a><\/li>\n<li class=\"page_item page-item-1028\"><a href=\"https:\/\/kuopionkonservatorio.fi\/fi\/oppilaitos\/lukuvuosi\/\">Lukuvuosi<\/a><\/li>\n<li class=\"page_item page-item-20148\"><a href=\"https:\/\/kuopionkonservatorio.fi\/fi\/oppilaitos\/naistoimikunta\/\">Naistoimikunta<\/a><\/li>\n<li class=\"page_item page-item-1098\"><a href=\"https:\/\/kuopionkonservatorio.fi\/fi\/oppilaitos\/yhteistyokumppanit\/\">Yhteisty\u00f6kumppanit<\/a><\/li>\n<\/ul>\n<\/div>\n\n\n\n<div class=\"wp-block-column is-layout-flow wp-block-column-is-layout-flow\" style=\"flex-basis:66.66%\">\n<h2 class=\"wp-block-heading has-ingressi-font-size\">Palkkahallinnon asiantuntija<\/h2>\n\n\n\n<p>Kuopion konservatorio on kannatusyhdistyksen yll\u00e4pit\u00e4m\u00e4 musiikki- ja tanssioppilaitos. Tarjoamme taiteen perusopetusta musiikissa ja tanssissa Pohjois-Savon alueella sek\u00e4 musiikin toisen asteen ammatillista koulutusta. Konservatorio toimii Kuopion lis\u00e4ksi Siilinj\u00e4rven, Suonenjoen, Lapinlahden, Juankosken ja Nilsi\u00e4n toimipisteiss\u00e4. Opettajia ja tukipalveluhenkil\u00f6st\u00f6\u00e4 meill\u00e4 on yhteens\u00e4 140 henkil\u00f6\u00e4 ja oppilaita noin 2400.<\/p>\n\n\n\n<p>Haemme toistaiseksi voimassa olevaan teht\u00e4v\u00e4\u00e4n henkil\u00f6\u00e4, jonka keskeisen\u00e4 ty\u00f6teht\u00e4v\u00e4n\u00e4 on hoitaa oppilaitoksen palkkahallinnon ty\u00f6teht\u00e4vi\u00e4. Ty\u00f6teht\u00e4viin voi lis\u00e4ksi sis\u00e4lty\u00e4 muita taloushallinnon teht\u00e4vi\u00e4 rekrytoitavan henkil\u00f6n osaamisen mukaan.<\/p>\n\n\n\n<p>Teht\u00e4v\u00e4 t\u00e4ytet\u00e4\u00e4n 1.10.2026 tai sopimuksen mukaan. Koeaika on 6 kk. Hakijalta edellytet\u00e4\u00e4n ty\u00f6teht\u00e4v\u00e4\u00e4n soveltuvaa tutkintoa, joka voi olla toisen asteen tutkinto tai korkeakoulututkinto sek\u00e4 kokemusta palkanlaskennan ty\u00f6teht\u00e4vist\u00e4. Eduksi katsomme yksityisen opetusalan ty\u00f6ehtosopimuksen sek\u00e4 Visman ohjelmistojen tuntemuksen.<\/p>\n\n\n\n<p>Toivomme hakijalta kehitt\u00e4v\u00e4\u00e4 ty\u00f6otetta ja valmiuksia itsen\u00e4iseen ty\u00f6skentelyyn. Arvostamme yhteisty\u00f6kyky\u00e4, palveluhenkisyytt\u00e4 ja kyky\u00e4 tarttua muuttuviin tilanteisiin. Teht\u00e4v\u00e4n hoitoon tarjotaan hyv\u00e4 perehdytys.<\/p>\n\n\n\n<p>Ty\u00f6aikana on toimistoty\u00f6aika. Lis\u00e4ksi on mahdollista sopia ty\u00f6skentelyst\u00e4 joustavalla hybridimallilla.<br>Oppilaitoksessa noudatetaan Sivistysty\u00f6nantajat ry:n yksityist\u00e4 opetusalaa koskevaa ty\u00f6ehtosopimusta. Palkkaus on v\u00e4hint\u00e4\u00e4n Sivistysty\u00f6nantajien yksityisen opetusalan ty\u00f6ehtosopimuksen mukainen; alkupalkka ilman kokemuslisi\u00e4 2702 \u20ac ja t\u00e4ysill\u00e4 11 vuoden kokemuslisill\u00e4 3161 \u20ac.<\/p>\n\n\n\n<p>Teht\u00e4v\u00e4st\u00e4 lis\u00e4tietoja antaa tarvittaessa tiistaisin klo 13-14:<\/p>\n\n\n\n<ul class=\"wp-block-list\">\n<li>oppilaitoksen palkkasihteeri Pirjo Peltoniemi, +358447279207 <a href=\"mailto:pirjo.peltoniemi@kuopionkonservatorio.fi\">pirjo.peltoniemi@kuopionkonservatorio.fi<\/a><\/li>\n\n\n\n<li>taloushallinnon teht\u00e4viin liittyen Tiia Kankaanp\u00e4\u00e4 +358447279208 <a href=\"mailto:tiia.kankaanpaa@kuopionkonservatorio.fi\">tiia.kankaanpaa@kuopionkonservatorio.fi<\/a><\/li>\n<\/ul>\n\n\n\n<p>Kuopion konservatorion johtokunnalle osoitettu <strong>hakemus on toimitettava su 24.5.2026 klo 23.59 menness\u00e4 <\/strong>s\u00e4hk\u00f6postitse osoitteeseen <a href=\"mailto:rekry@kuopionkonservatorio.fi\">rekry@kuopionkonservatorio.fi<\/a>. Halutessasi voit l\u00e4hett\u00e4\u00e4 hakemuksesi turvapostilla <a href=\"https:\/\/www.turvaposti.fi\/viesti\/rekry@kuopionkonservatorio.fi\">https:\/\/www.turvaposti.fi\/viesti\/rekry@kuopionkonservatorio.fi<\/a><\/p>\n\n\n\n<p>Hakemukseen on liitett\u00e4v\u00e4 CV ja j\u00e4ljenn\u00f6kset kelpoisuutta osoittavista todistuksista. Hakemusten perusteella haastatteluun valitut henkil\u00f6t pyrit\u00e4\u00e4n haastattelemaan 1.6. Valintap\u00e4\u00e4t\u00f6ksen tekee oppilaitoksen johtokunta kokouksessaan 11.6.<\/p>\n\n\n\n<p>Tervetuloa iloiseen ja osaavaan joukkoomme!<\/p>\n<\/div>\n<\/div>\n","protected":false},"excerpt":{"rendered":"<p>Avoimet ty\u00f6paikat Palkkahallinnon asiantuntija Kuopion konservatorio on kannatusyhdistyksen yll\u00e4pit\u00e4m\u00e4 musiikki- ja tanssioppilaitos. Tarjoamme taiteen perusopetusta musiikissa ja tanssissa Pohjois-Savon alueella sek\u00e4 musiikin toisen asteen ammatillista koulutusta. Konservatorio toimii Kuopion lis\u00e4ksi Siilinj\u00e4rven, Suonenjoen, Lapinlahden, Juankosken ja Nilsi\u00e4n toimipisteiss\u00e4. Opettajia ja tukipalveluhenkil\u00f6st\u00f6\u00e4 meill\u00e4 on yhteens\u00e4 140 henkil\u00f6\u00e4 ja oppilaita noin 2400. Haemme toistaiseksi voimassa olevaan teht\u00e4v\u00e4\u00e4n henkil\u00f6\u00e4, [&hellip;]<\/p>\n","protected":false},"author":9,"featured_media":0,"parent":1086,"menu_order":0,"comment_status":"closed","ping_status":"closed","template":"","meta":{"inline_featured_image":false,"footnotes":""},"oppiaine":[],"class_list":["post-1102","page","type-page","status-publish","hentry"],"_links":{"self":[{"href":"https:\/\/kuopionkonservatorio.fi\/fi\/wp-json\/wp\/v2\/pages\/1102","targetHints":{"allow":["GET"]}}],"collection":[{"href":"https:\/\/kuopionkonservatorio.fi\/fi\/wp-json\/wp\/v2\/pages"}],"about":[{"href":"https:\/\/kuopionkonservatorio.fi\/fi\/wp-json\/wp\/v2\/types\/page"}],"author":[{"embeddable":true,"href":"https:\/\/kuopionkonservatorio.fi\/fi\/wp-json\/wp\/v2\/users\/9"}],"replies":[{"embeddable":true,"href":"https:\/\/kuopionkonservatorio.fi\/fi\/wp-json\/wp\/v2\/comments?post=1102"}],"version-history":[{"count":0,"href":"https:\/\/kuopionkonservatorio.fi\/fi\/wp-json\/wp\/v2\/pages\/1102\/revisions"}],"up":[{"embeddable":true,"href":"https:\/\/kuopionkonservatorio.fi\/fi\/wp-json\/wp\/v2\/pages\/1086"}],"wp:attachment":[{"href":"https:\/\/kuopionkonservatorio.fi\/fi\/wp-json\/wp\/v2\/media?parent=1102"}],"wp:term":[{"taxonomy":"oppiaine","embeddable":true,"href":"https:\/\/kuopionkonservatorio.fi\/fi\/wp-json\/wp\/v2\/oppiaine?post=1102"}],"curies":[{"name":"wp","href":"https:\/\/api.w.org\/{rel}","templated":true}]}}