{"id":1098,"date":"2022-02-22T14:10:49","date_gmt":"2022-02-22T12:10:49","guid":{"rendered":"https:\/\/kuopionkonservatorio.letm.com\/?page_id=1098"},"modified":"2024-05-30T13:47:14","modified_gmt":"2024-05-30T10:47:14","slug":"yhteistyokumppanit","status":"publish","type":"page","link":"https:\/\/kuopionkonservatorio.fi\/fi\/oppilaitos\/yhteistyokumppanit\/","title":{"rendered":"Yhteisty\u00f6kumppanit"},"content":{"rendered":"\n<div class=\"wp-block-columns alignwide is-layout-flex wp-container-core-columns-is-layout-9d6595d7 wp-block-columns-is-layout-flex\">\n<div class=\"wp-block-column is-layout-flow wp-block-column-is-layout-flow\" style=\"flex-basis:33.33%\">\n<h2 class=\"wp-block-heading\" id=\"yhteistyokumppanit\">Yhteisty\u00f6kumppanit<\/h2>\n\n\n<ul class=\"relatives\"><li class=\"page_item page-item-1102\"><a href=\"https:\/\/kuopionkonservatorio.fi\/fi\/oppilaitos\/tyopaikat\/\">Avoimet ty\u00f6paikat<\/a><\/li>\n<li class=\"page_item page-item-1091\"><a href=\"https:\/\/kuopionkonservatorio.fi\/fi\/oppilaitos\/hallintorakenne\/\">Hallintorakenne<\/a><\/li>\n<li class=\"page_item page-item-1094\"><a href=\"https:\/\/kuopionkonservatorio.fi\/fi\/oppilaitos\/kannatusyhdistys\/\">Kannatusyhdistys<\/a><\/li>\n<li class=\"page_item page-item-1018\"><a href=\"https:\/\/kuopionkonservatorio.fi\/fi\/oppilaitos\/lukukausimaksut\/\">Lukukausimaksut<\/a><\/li>\n<li class=\"page_item page-item-1028\"><a href=\"https:\/\/kuopionkonservatorio.fi\/fi\/oppilaitos\/lukuvuosi\/\">Lukuvuosi<\/a><\/li>\n<li class=\"page_item page-item-20148\"><a href=\"https:\/\/kuopionkonservatorio.fi\/fi\/oppilaitos\/naistoimikunta\/\">Naistoimikunta<\/a><\/li>\n<\/ul>\n<\/div>\n\n\n\n<div class=\"wp-block-column is-layout-flow wp-block-column-is-layout-flow\" style=\"flex-basis:66.66%\">\n<p class=\"has-ingressi-font-size\">Kuopion konservatorio vaikuttaa kansallisissa oppilaitosverkostoissa ja tekee tiivist\u00e4 yhteisty\u00f6t\u00e4 niin musiikki- ja tanssialan kouluttajien kuin eri kuntien, yritysten ja yhteis\u00f6jen kanssa.<\/p>\n\n\n\n<p><\/p>\n\n\n\n<h5 class=\"wp-block-heading\" id=\"olemme-jasenena-mm-seuraavissa-oppilaitosverkostoissa\">Olemme j\u00e4senen\u00e4 mm. seuraavissa oppilaitosverkostoissa<\/h5>\n\n\n\n<ul class=\"wp-block-list\">\n<li><a href=\"https:\/\/www.musicedu.fi\" target=\"_blank\" rel=\"noreferrer noopener\">Suomen musiikkioppilaitosten liitto (SML)<\/a><\/li>\n\n\n\n<li><a href=\"https:\/\/stopp.fi\" target=\"_blank\" rel=\"noreferrer noopener\">Suomen tanssioppilaitosten liitto (STOPP)<\/a><\/li>\n\n\n\n<li><a href=\"https:\/\/konservatorioliitto.fi\" target=\"_blank\" rel=\"noreferrer noopener\">Suomen konservatorioliitto<\/a><\/li>\n<\/ul>\n\n\n\n<h5 class=\"wp-block-heading\" id=\"yhteistyokumppaneitamme-kuopiossa\">Yhteisty\u00f6kumppaneitamme Kuopiossa<\/h5>\n\n\n\n<ul class=\"wp-block-list\">\n<li><a href=\"http:\/\/www.haapaniemennuorisomusiikki.fi\/\">Haapaniemen Nuorisomusiikki Ry<\/a><\/li>\n\n\n\n<li><a href=\"https:\/\/www.pohjantiennuorisomusiikki.fi\/\">Pohjantien Nuorisomusiikki Ry<\/a><\/li>\n\n\n\n<li><a href=\"https:\/\/peda.net\/kuopio\/p\/rajala\/rajalan-puhaltajat\">Rajalan puhaltajat Ry<\/a><\/li>\n\n\n\n<li><a href=\"http:\/\/www.kuopionmusiikkikeskus.fi\/\" target=\"_blank\" rel=\"noreferrer noopener\">Kuopion Musiikkikeskus<\/a><\/li>\n\n\n\n<li><a href=\"https:\/\/www.savonia.fi\/opiskele-tutkinto\/loyda-koulutusalasi\/musiikki-ja-tanssi\/\">Savonia-ammattikorkeakoulu, Musiikki ja tanssi<\/a><\/li>\n\n\n\n<li><a href=\"http:\/\/www.uniarts.fi\/siba\" target=\"_blank\" rel=\"noreferrer noopener\">Taideyliopiston Sibelius-Akatemia<\/a><\/li>\n\n\n\n<li><a href=\"http:\/\/lib.uniarts.fi\/\" target=\"_blank\" rel=\"noreferrer noopener\">Taideyliopiston Sibelius-Akatemian Kuopion yksik\u00f6n kirjasto<\/a><\/li>\n\n\n\n<li><a href=\"https:\/\/www.kuopiodancefestival.fi\/\" target=\"_blank\" rel=\"noreferrer noopener\">Kuopio Tanssii ja Soi<\/a><\/li>\n\n\n\n<li><a href=\"https:\/\/itak.fi\/\" target=\"_blank\" rel=\"noreferrer noopener\">Tanssitaiteen tuki ry \/ It\u00e4-Suomen tanssin aluekeskus (ITAK)<\/a><\/li>\n<\/ul>\n<\/div>\n<\/div>\n","protected":false},"excerpt":{"rendered":"<p>Yhteisty\u00f6kumppanit Kuopion konservatorio vaikuttaa kansallisissa oppilaitosverkostoissa ja tekee tiivist\u00e4 yhteisty\u00f6t\u00e4 niin musiikki- ja tanssialan kouluttajien kuin eri kuntien, yritysten ja yhteis\u00f6jen kanssa. Olemme j\u00e4senen\u00e4 mm. seuraavissa oppilaitosverkostoissa Yhteisty\u00f6kumppaneitamme Kuopiossa<\/p>\n","protected":false},"author":9,"featured_media":0,"parent":1086,"menu_order":0,"comment_status":"closed","ping_status":"closed","template":"","meta":{"inline_featured_image":false,"footnotes":""},"oppiaine":[],"class_list":["post-1098","page","type-page","status-publish","hentry"],"_links":{"self":[{"href":"https:\/\/kuopionkonservatorio.fi\/fi\/wp-json\/wp\/v2\/pages\/1098","targetHints":{"allow":["GET"]}}],"collection":[{"href":"https:\/\/kuopionkonservatorio.fi\/fi\/wp-json\/wp\/v2\/pages"}],"about":[{"href":"https:\/\/kuopionkonservatorio.fi\/fi\/wp-json\/wp\/v2\/types\/page"}],"author":[{"embeddable":true,"href":"https:\/\/kuopionkonservatorio.fi\/fi\/wp-json\/wp\/v2\/users\/9"}],"replies":[{"embeddable":true,"href":"https:\/\/kuopionkonservatorio.fi\/fi\/wp-json\/wp\/v2\/comments?post=1098"}],"version-history":[{"count":0,"href":"https:\/\/kuopionkonservatorio.fi\/fi\/wp-json\/wp\/v2\/pages\/1098\/revisions"}],"up":[{"embeddable":true,"href":"https:\/\/kuopionkonservatorio.fi\/fi\/wp-json\/wp\/v2\/pages\/1086"}],"wp:attachment":[{"href":"https:\/\/kuopionkonservatorio.fi\/fi\/wp-json\/wp\/v2\/media?parent=1098"}],"wp:term":[{"taxonomy":"oppiaine","embeddable":true,"href":"https:\/\/kuopionkonservatorio.fi\/fi\/wp-json\/wp\/v2\/oppiaine?post=1098"}],"curies":[{"name":"wp","href":"https:\/\/api.w.org\/{rel}","templated":true}]}}