{"id":1094,"date":"2022-02-22T13:52:38","date_gmt":"2022-02-22T11:52:38","guid":{"rendered":"https:\/\/kuopionkonservatorio.letm.com\/?page_id=1094"},"modified":"2025-11-04T11:00:27","modified_gmt":"2025-11-04T09:00:27","slug":"kannatusyhdistys","status":"publish","type":"page","link":"https:\/\/kuopionkonservatorio.fi\/fi\/oppilaitos\/kannatusyhdistys\/","title":{"rendered":"Kannatusyhdistys"},"content":{"rendered":"\n<div class=\"wp-block-columns alignwide is-layout-flex wp-container-core-columns-is-layout-9d6595d7 wp-block-columns-is-layout-flex\">\n<div class=\"wp-block-column is-layout-flow wp-block-column-is-layout-flow\" style=\"flex-basis:33.33%\">\n<h2 class=\"wp-block-heading\" id=\"kannatusyhdistys\">Kannatusyhdistys<\/h2>\n\n\n<ul class=\"relatives\"><li class=\"page_item page-item-1102\"><a href=\"https:\/\/kuopionkonservatorio.fi\/fi\/oppilaitos\/tyopaikat\/\">Avoimet ty\u00f6paikat<\/a><\/li>\n<li class=\"page_item page-item-1091\"><a href=\"https:\/\/kuopionkonservatorio.fi\/fi\/oppilaitos\/hallintorakenne\/\">Hallintorakenne<\/a><\/li>\n<li class=\"page_item page-item-1018\"><a href=\"https:\/\/kuopionkonservatorio.fi\/fi\/oppilaitos\/lukukausimaksut\/\">Lukukausimaksut<\/a><\/li>\n<li class=\"page_item page-item-1028\"><a href=\"https:\/\/kuopionkonservatorio.fi\/fi\/oppilaitos\/lukuvuosi\/\">Lukuvuosi<\/a><\/li>\n<li class=\"page_item page-item-20148\"><a href=\"https:\/\/kuopionkonservatorio.fi\/fi\/oppilaitos\/naistoimikunta\/\">Naistoimikunta<\/a><\/li>\n<li class=\"page_item page-item-1098\"><a href=\"https:\/\/kuopionkonservatorio.fi\/fi\/oppilaitos\/yhteistyokumppanit\/\">Yhteisty\u00f6kumppanit<\/a><\/li>\n<\/ul>\n<\/div>\n\n\n\n<div class=\"wp-block-column is-layout-flow wp-block-column-is-layout-flow\" style=\"flex-basis:66.66%\">\n<p><strong>Kuopion konservatorion kannatusyhdistys ry<\/strong>:n tarkoituksena on tukea ja edist\u00e4\u00e4 musiikin- ja tanssinopetustoimintaa.<\/p>\n\n\n\n<p>Tarkoituksen toteuttamiseksi yhdistys yll\u00e4pit\u00e4\u00e4 Kuopion konservatorio -nimist\u00e4 musiikki- ja tanssioppilaitosta, jossa annetaan musiikin ammatillista koulutusta sek\u00e4 taiteen perusopetusta. Lis\u00e4ksi yhdistys j\u00e4rjest\u00e4\u00e4 omia konsertteja ja muita esiintymistilaisuuksia sek\u00e4 harjoittaa muuta samantapaista tarkoitustaan tukevaa toimintaa.<\/p>\n\n\n\n<p>Yhdistys pit\u00e4\u00e4 vuosittain kaksi varsinaista kokousta (j\u00e4senille). Yhdistyksen kev\u00e4tkokous pidet\u00e4\u00e4n maalis-huhtikuussa ja syyskokous loka-marraskuussa hallituksen m\u00e4\u00e4r\u00e4\u00e4m\u00e4n\u00e4 p\u00e4iv\u00e4n\u00e4. Kokousilmoitus julkaistaan Savon Sanomissa. Yhdistyksen kokouksissa k\u00e4sitell\u00e4\u00e4n p\u00e4\u00e4s\u00e4\u00e4nt\u00f6isesti yhdistyksen s\u00e4\u00e4nn\u00f6iss\u00e4 k\u00e4sitelt\u00e4viksi m\u00e4\u00e4ritellyt asiat. Kokouksissa on jokaisella varsinaisella j\u00e4senell\u00e4, elinik\u00e4isj\u00e4senell\u00e4 ja kunniaj\u00e4senell\u00e4 yksi \u00e4\u00e4ni.<\/p>\n\n\n\n<h2 class=\"wp-block-heading has-ingressi-font-size\">Liity kannatusyhdistyksemme j\u00e4seneksi!<\/h2>\n\n\n\n<p>Yhdistyksen vuosi- ja elinik\u00e4isj\u00e4seneksi voidaan hyv\u00e4ksy\u00e4 henkil\u00f6, joka hyv\u00e4ksyy yhdistyksen tarkoituksen. Kannattavaksi j\u00e4seneksi voidaan hyv\u00e4ksy\u00e4 yksityinen henkil\u00f6 tai oikeuskelpoinen yhteis\u00f6, joka haluaa tukea yhdistyksen tarkoitusta ja toimintaa. Vuosi- ja elinik\u00e4isj\u00e4senet sek\u00e4 kannattavat j\u00e4senet hyv\u00e4ksyy hakemuksesta yhdistyksen hallitus.<\/p>\n\n\n\n<p>Yhdistyksen j\u00e4senmaksu on t\u00e4ll\u00e4 hetkell\u00e4 5 \u20ac \/ vuosi vuosij\u00e4senelt\u00e4 ja 20 \u20ac elinik\u00e4isj\u00e4senmaksu.<\/p>\n\n\n\n<p><strong><a href=\"https:\/\/link.webropolsurveys.com\/S\/2993FB4112014EAB\">Tee j\u00e4senhakemus t\u00e4st\u00e4<\/a><\/strong><\/p>\n\n\n\n<h2 class=\"wp-block-heading has-ingressi-font-size\">Kuopion konservatorion kannatusyhdistys ry:n hallitus v. 2025\u20132026<\/h2>\n\n\n\n<div class=\"wp-block-columns is-layout-flex wp-container-core-columns-is-layout-9d6595d7 wp-block-columns-is-layout-flex\">\n<div class=\"wp-block-column is-layout-flow wp-block-column-is-layout-flow\">\n<ul class=\"wp-block-list\">\n<li><strong>Rannankari Ilpo<\/strong>, puheenjohtaja<\/li>\n\n\n\n<li><strong>Kosunen Jaakko<\/strong>, varapuheenjohtaja<br>(Kuopion kaupungin edustaja)<\/li>\n\n\n\n<li><strong>My\u00f6h\u00e4nen Birgitta<\/strong>, j\u00e4sen<\/li>\n\n\n\n<li><strong>Meurman Antti<\/strong>, j\u00e4sen<\/li>\n\n\n\n<li><strong>M\u00e4ntynen Raija<\/strong>, j\u00e4sen<\/li>\n\n\n\n<li><strong>Pulkkinen Jukka<\/strong>, j\u00e4sen<\/li>\n\n\n\n<li><strong>Kukila Maija<\/strong>, j\u00e4sen<\/li>\n\n\n\n<li><strong>Sonninen Ansa<\/strong>, j\u00e4sen<\/li>\n\n\n\n<li><strong>Knuuttila Timo,<\/strong> j\u00e4sen<\/li>\n\n\n\n<li><strong>Sariola Matti, <\/strong>j\u00e4sen<br>(Kuopion Musiikinyst\u00e4v\u00e4in yhdistyksen edustaja)<\/li>\n<\/ul>\n<\/div>\n\n\n\n<div class=\"wp-block-column is-layout-flow wp-block-column-is-layout-flow\">\n<ul class=\"wp-block-list\">\n<li><strong>P\u00e4rn\u00e4nen Tuula<\/strong>, j\u00e4sen<br>(Siilinj\u00e4rven kunnan edustaja)<\/li>\n\n\n\n<li><strong>Rossi Minna,<\/strong> j\u00e4sen<br>(Suonenjoen kaupungin edustaja)<\/li>\n\n\n\n<li><strong>Martikainen Ossi<\/strong>, j\u00e4sen<br>(Lapinlahden kunnan edustaja)<\/li>\n\n\n\n<li><strong>Peltonen Aino<\/strong>, j\u00e4sen<br>(Kuopion kaupungin edustaja)<\/li>\n\n\n\n<li><strong>Wallius Mika<\/strong>, j\u00e4sen<br>(Kuopion kaupungin edustaja)<\/li>\n\n\n\n<li><strong>Hartikainen P\u00e4ivi<\/strong>, j\u00e4sen<br>(Kuopion kaupungin edustaja, 10.4.2025 alkaen)<\/li>\n\n\n\n<li><strong>Raudaskoski Miika<\/strong>, j\u00e4sen<br>(Kuopion kaupungin edustaja, 10.4.2025 alkaen)<\/li>\n<\/ul>\n<\/div>\n<\/div>\n\n\n\n<p>Henkil\u00f6j\u00e4senet on valittu kannatusyhdistyksen kev\u00e4tkokouksessa huhtikuussa 2024 ja kaupunkien\/kuntien edustajat huhtikuussa 2025, kaksivuotiskaudet.<\/p>\n<\/div>\n<\/div>\n\n\n\n<p><\/p>\n","protected":false},"excerpt":{"rendered":"<p>Kannatusyhdistys Kuopion konservatorion kannatusyhdistys ry:n tarkoituksena on tukea ja edist\u00e4\u00e4 musiikin- ja tanssinopetustoimintaa. Tarkoituksen toteuttamiseksi yhdistys yll\u00e4pit\u00e4\u00e4 Kuopion konservatorio -nimist\u00e4 musiikki- ja tanssioppilaitosta, jossa annetaan musiikin ammatillista koulutusta sek\u00e4 taiteen perusopetusta. Lis\u00e4ksi yhdistys j\u00e4rjest\u00e4\u00e4 omia konsertteja ja muita esiintymistilaisuuksia sek\u00e4 harjoittaa muuta samantapaista tarkoitustaan tukevaa toimintaa. Yhdistys pit\u00e4\u00e4 vuosittain kaksi varsinaista kokousta (j\u00e4senille). Yhdistyksen kev\u00e4tkokous [&hellip;]<\/p>\n","protected":false},"author":9,"featured_media":0,"parent":1086,"menu_order":0,"comment_status":"closed","ping_status":"closed","template":"","meta":{"inline_featured_image":false,"footnotes":""},"oppiaine":[],"class_list":["post-1094","page","type-page","status-publish","hentry"],"_links":{"self":[{"href":"https:\/\/kuopionkonservatorio.fi\/fi\/wp-json\/wp\/v2\/pages\/1094","targetHints":{"allow":["GET"]}}],"collection":[{"href":"https:\/\/kuopionkonservatorio.fi\/fi\/wp-json\/wp\/v2\/pages"}],"about":[{"href":"https:\/\/kuopionkonservatorio.fi\/fi\/wp-json\/wp\/v2\/types\/page"}],"author":[{"embeddable":true,"href":"https:\/\/kuopionkonservatorio.fi\/fi\/wp-json\/wp\/v2\/users\/9"}],"replies":[{"embeddable":true,"href":"https:\/\/kuopionkonservatorio.fi\/fi\/wp-json\/wp\/v2\/comments?post=1094"}],"version-history":[{"count":0,"href":"https:\/\/kuopionkonservatorio.fi\/fi\/wp-json\/wp\/v2\/pages\/1094\/revisions"}],"up":[{"embeddable":true,"href":"https:\/\/kuopionkonservatorio.fi\/fi\/wp-json\/wp\/v2\/pages\/1086"}],"wp:attachment":[{"href":"https:\/\/kuopionkonservatorio.fi\/fi\/wp-json\/wp\/v2\/media?parent=1094"}],"wp:term":[{"taxonomy":"oppiaine","embeddable":true,"href":"https:\/\/kuopionkonservatorio.fi\/fi\/wp-json\/wp\/v2\/oppiaine?post=1094"}],"curies":[{"name":"wp","href":"https:\/\/api.w.org\/{rel}","templated":true}]}}