{"id":1091,"date":"2022-02-22T13:47:00","date_gmt":"2022-02-22T11:47:00","guid":{"rendered":"https:\/\/kuopionkonservatorio.letm.com\/?page_id=1091"},"modified":"2025-08-20T13:43:22","modified_gmt":"2025-08-20T10:43:22","slug":"hallintorakenne","status":"publish","type":"page","link":"https:\/\/kuopionkonservatorio.fi\/fi\/oppilaitos\/hallintorakenne\/","title":{"rendered":"Hallintorakenne"},"content":{"rendered":"\n<div class=\"wp-block-columns alignwide is-layout-flex wp-container-core-columns-is-layout-9d6595d7 wp-block-columns-is-layout-flex\">\n<div class=\"wp-block-column is-layout-flow wp-block-column-is-layout-flow\" style=\"flex-basis:33.33%\">\n<h2 class=\"wp-block-heading\" id=\"hallintorakenne\">Hallintorakenne<\/h2>\n\n\n<ul class=\"relatives\"><li class=\"page_item page-item-1102\"><a href=\"https:\/\/kuopionkonservatorio.fi\/fi\/oppilaitos\/tyopaikat\/\">Avoimet ty\u00f6paikat<\/a><\/li>\n<li class=\"page_item page-item-1094\"><a href=\"https:\/\/kuopionkonservatorio.fi\/fi\/oppilaitos\/kannatusyhdistys\/\">Kannatusyhdistys<\/a><\/li>\n<li class=\"page_item page-item-1018\"><a href=\"https:\/\/kuopionkonservatorio.fi\/fi\/oppilaitos\/lukukausimaksut\/\">Lukukausimaksut<\/a><\/li>\n<li class=\"page_item page-item-1028\"><a href=\"https:\/\/kuopionkonservatorio.fi\/fi\/oppilaitos\/lukuvuosi\/\">Lukuvuosi<\/a><\/li>\n<li class=\"page_item page-item-20148\"><a href=\"https:\/\/kuopionkonservatorio.fi\/fi\/oppilaitos\/naistoimikunta\/\">Naistoimikunta<\/a><\/li>\n<li class=\"page_item page-item-1098\"><a href=\"https:\/\/kuopionkonservatorio.fi\/fi\/oppilaitos\/yhteistyokumppanit\/\">Yhteisty\u00f6kumppanit<\/a><\/li>\n<\/ul>\n<\/div>\n\n\n\n<div class=\"wp-block-column is-layout-flow wp-block-column-is-layout-flow\" style=\"flex-basis:66.66%\">\n<p>Kuopion konservatorion yll\u00e4pit\u00e4j\u00e4n\u00e4 on Kuopion konservatorion kannatusyhdistys ry, joka on koko oppilaitoksen ylin p\u00e4\u00e4tt\u00e4v\u00e4 elin.<\/p>\n\n\n\n<p>Kuopion konservatorion kannatusyhdistys ry:n vuosikokous asettaa kannatusyhdistyksen hallituksen, joka valitsee johtokunnan. Johtokunta tekee oppilaitoksen henkil\u00f6st\u00f6valinnat ja ohjaa yleisesti konservatorion toimintaa. Varsinaista oppilaitosty\u00f6t\u00e4 johtaa rehtorin, apulaisrehtorin ja hallintop\u00e4\u00e4llik\u00f6n muodostama johtoryhm\u00e4, joka my\u00f6s vastaa oppilaitoksen taloudesta.<\/p>\n\n\n\n<p>Oppilaitoksessa ty\u00f6skentelee noin 80 toimessa olevaa ja p\u00e4\u00e4toimista tuntiopettajaa, jonka lis\u00e4ksi sivutoimisia tuntiopettajia on noin 40. Opetuksen tukipalveluissa henkil\u00f6st\u00f6\u00e4 on noin 15 henkil\u00f6\u00e4 monissa eri teht\u00e4viss\u00e4. Lis\u00e4ksi mm. opetuksen, tapahtumien ja kansainv\u00e4lisen toiminnan suunnitteluvastuita on jaettu eri ty\u00f6ryhmille, aineryhm\u00e4vastaaville ja ainekollegioille yms. Alla olevasta kuvasta voit tutustua oppilaitoksen organisaatiokaavioon.<\/p>\n\n\n\n<figure class=\"wp-block-image size-large\"><img decoding=\"async\" width=\"1245\" height=\"880\" src=\"https:\/\/kuopionkonservatorio.fi\/wp-content\/uploads\/Kuopion-konservatorion-organisaatiokaavio-1245x880.jpg\" alt=\"Kuopion konservatorion organisaatiokaavio. Ylimp\u00e4n\u00e4 kaaviossa on Kuopion konservatorion kannatusyhdistys ry, joka on ylin p\u00e4\u00e4tt\u00e4v\u00e4 elin ja asettaa kannatusyhdistyksen hallituksen. Toiseksi ylimp\u00e4n\u00e4 kaaviossa on kannatusyhdistyksen hallitus, joka asettaa johtokunnan ja valmistelee vuosikokousasiat kannatusyhdistykselle. Kolmanneksi ylimp\u00e4n\u00e4 on johtokunta, joka tekee valinnat vakituisesta henkil\u00f6st\u00f6st\u00e4 (ml. johtoryhm\u00e4). Nelj\u00e4nneksi ylimp\u00e4n\u00e4 on johtoryhm\u00e4, johon kuuluvat rehtori, apulaisrehtori ja hallintop\u00e4\u00e4llikk\u00f6. Johtoryhm\u00e4 johtaa opetusty\u00f6t\u00e4, yleishallintoa ja taloutta. Johtoryhm\u00e4n alla on vierekk\u00e4in kolme laatikkoa. vasemmanpuolimmaisessa laatikossa on taiteen perusopetus, musiikki ja tanssi sek\u00e4 niiden hallinto ja tukipalvelut, ainekollegioiden puheenjohtajat ja ty\u00f6ryhm\u00e4t. Keskimm\u00e4isessa laatikossa on musiikkialan ammatillinen koulutus (2. aste) ja sen hallinto ja tukipalvelut, aineryhm\u00e4vastaavat ja ty\u00f6ryhm\u00e4t. Oikeanpuolimmaisessa laatikossa on avoin konservatorio ja sen hallinto ja tukipalvelut. Jokaisen kolmen laatikon alla on viel\u00e4 taiteen perusopetuksen musiikin ja tanssin laajan oppim\u00e4\u00e4r\u00e4n opettajat ja toisen alan ammatillisen koulutuksen opettajat.\" class=\"wp-image-1092 no-lazyload\" srcset=\"https:\/\/kuopionkonservatorio.fi\/wp-content\/uploads\/\/Kuopion-konservatorion-organisaatiokaavio-1245x880.jpg 1245w, https:\/\/kuopionkonservatorio.fi\/wp-content\/uploads\/\/Kuopion-konservatorion-organisaatiokaavio-679x480.jpg 679w, https:\/\/kuopionkonservatorio.fi\/wp-content\/uploads\/\/Kuopion-konservatorion-organisaatiokaavio-768x543.jpg 768w, https:\/\/kuopionkonservatorio.fi\/wp-content\/uploads\/\/Kuopion-konservatorion-organisaatiokaavio-1536x1086.jpg 1536w, https:\/\/kuopionkonservatorio.fi\/wp-content\/uploads\/\/Kuopion-konservatorion-organisaatiokaavio.jpg 1754w\" sizes=\"(max-width: 1245px) 100vw, 1245px\" \/><\/figure>\n\n\n\n<h2 class=\"wp-block-heading has-ingressi-font-size\">Johtokunta v. 2025<\/h2>\n\n\n\n<ul class=\"wp-block-list\">\n<li>Kosunen Jaakko, puheenjohtaja (varaj\u00e4sen Kivinen Matti)<\/li>\n\n\n\n<li>Sariola Matti, varapj. (varaj\u00e4sen Hyv\u00e4rinen Olli)<\/li>\n\n\n\n<li>Kukila Maija (varaj\u00e4sen Kovanen Mervi)<\/li>\n\n\n\n<li>Lamminm\u00e4ki Anne-Maaret (varaj\u00e4sen J\u00e4rvel\u00e4inen Matti)<\/li>\n\n\n\n<li>M\u00e4ntynen Raija (varaj\u00e4sen Martikainen Ossi)<\/li>\n\n\n\n<li>Sonninen Ansa (varaj\u00e4sen Knuuttila Timo)<\/li>\n\n\n\n<li>Vetoniemi Elina (varaj\u00e4sen Luomanen Jussi)<\/li>\n<\/ul>\n\n\n\n<p>Lis\u00e4ksi ilman \u00e4\u00e4nivaltaa olevia asiantuntijaj\u00e4seni\u00e4 ovat Jussi Luomanen, Kirsi Meriranta (opettajat) ja opiskelijaj\u00e4sen.<\/p>\n\n\n\n<h2 class=\"wp-block-heading has-ingressi-font-size\">Johtoryhm\u00e4<\/h2>\n\n\n\n<p>Rehtori Elina Vetoniemi, puh. 045 139 3918<br>Apulaisrehtori Ritva Koistinen, puh. 050 473 9144<br>Hallintop\u00e4\u00e4llikk\u00f6 Jussi Luomanen, puh. 050 591 2730<\/p>\n\n\n\n<h2 class=\"wp-block-heading has-ingressi-font-size\">Kannatusyhdistyksen hallitus<\/h2>\n\n\n\n<p>Kannatusyhdistyksen hallituksen j\u00e4senet n\u00e4et <a href=\"https:\/\/kuopionkonservatorio.fi\/fi\/oppilaitos\/kannatusyhdistys\/\" data-type=\"page\" data-id=\"1094\">Kannatusyhdistys -sivulla<\/a><\/p>\n<\/div>\n<\/div>\n","protected":false},"excerpt":{"rendered":"<p>Hallintorakenne Kuopion konservatorion yll\u00e4pit\u00e4j\u00e4n\u00e4 on Kuopion konservatorion kannatusyhdistys ry, joka on koko oppilaitoksen ylin p\u00e4\u00e4tt\u00e4v\u00e4 elin. Kuopion konservatorion kannatusyhdistys ry:n vuosikokous asettaa kannatusyhdistyksen hallituksen, joka valitsee johtokunnan. Johtokunta tekee oppilaitoksen henkil\u00f6st\u00f6valinnat ja ohjaa yleisesti konservatorion toimintaa. Varsinaista oppilaitosty\u00f6t\u00e4 johtaa rehtorin, apulaisrehtorin ja hallintop\u00e4\u00e4llik\u00f6n muodostama johtoryhm\u00e4, joka my\u00f6s vastaa oppilaitoksen taloudesta. Oppilaitoksessa ty\u00f6skentelee noin 80 toimessa [&hellip;]<\/p>\n","protected":false},"author":9,"featured_media":0,"parent":1086,"menu_order":0,"comment_status":"closed","ping_status":"closed","template":"","meta":{"inline_featured_image":false,"footnotes":""},"oppiaine":[],"class_list":["post-1091","page","type-page","status-publish","hentry"],"_links":{"self":[{"href":"https:\/\/kuopionkonservatorio.fi\/fi\/wp-json\/wp\/v2\/pages\/1091","targetHints":{"allow":["GET"]}}],"collection":[{"href":"https:\/\/kuopionkonservatorio.fi\/fi\/wp-json\/wp\/v2\/pages"}],"about":[{"href":"https:\/\/kuopionkonservatorio.fi\/fi\/wp-json\/wp\/v2\/types\/page"}],"author":[{"embeddable":true,"href":"https:\/\/kuopionkonservatorio.fi\/fi\/wp-json\/wp\/v2\/users\/9"}],"replies":[{"embeddable":true,"href":"https:\/\/kuopionkonservatorio.fi\/fi\/wp-json\/wp\/v2\/comments?post=1091"}],"version-history":[{"count":0,"href":"https:\/\/kuopionkonservatorio.fi\/fi\/wp-json\/wp\/v2\/pages\/1091\/revisions"}],"up":[{"embeddable":true,"href":"https:\/\/kuopionkonservatorio.fi\/fi\/wp-json\/wp\/v2\/pages\/1086"}],"wp:attachment":[{"href":"https:\/\/kuopionkonservatorio.fi\/fi\/wp-json\/wp\/v2\/media?parent=1091"}],"wp:term":[{"taxonomy":"oppiaine","embeddable":true,"href":"https:\/\/kuopionkonservatorio.fi\/fi\/wp-json\/wp\/v2\/oppiaine?post=1091"}],"curies":[{"name":"wp","href":"https:\/\/api.w.org\/{rel}","templated":true}]}}