{"id":1086,"date":"2022-02-22T13:32:32","date_gmt":"2022-02-22T11:32:32","guid":{"rendered":"https:\/\/kuopionkonservatorio.letm.com\/?page_id=1086"},"modified":"2025-02-10T10:50:36","modified_gmt":"2025-02-10T08:50:36","slug":"oppilaitos","status":"publish","type":"page","link":"https:\/\/kuopionkonservatorio.fi\/fi\/oppilaitos\/","title":{"rendered":"Oppilaitos"},"content":{"rendered":"<div class=\"breadcrumbs align  wp-block-bcn-breadcrumb-trail has-text-color has-background\" vocab=\"https:\/\/schema.org\/\" typeof=\"BreadcrumbList\">\n\t<span><\/span>\n\t<span property=\"itemListElement\" typeof=\"ListItem\"><a property=\"item\" typeof=\"WebPage\" title=\"Go to Kuopion konservatorio.\" href=\"https:\/\/kuopionkonservatorio.fi\/fi\/\" class=\"home\" aria-current=\"page\"><i class=\"inline-block mr-1 has-black-color bi bi-house\"><\/i><\/a><meta property=\"position\" content=\"1\"><\/span><\/div>\n\n\n\n<div class=\"wp-block-columns alignwide mt-5 is-layout-flex wp-container-core-columns-is-layout-9d6595d7 wp-block-columns-is-layout-flex\">\n<div class=\"wp-block-column is-layout-flow wp-block-column-is-layout-flow\" style=\"flex-basis:33.33%\">\n<h2 class=\"wp-block-heading\" id=\"oppilaitos\">Oppilaitos<\/h2>\n<\/div>\n\n\n\n<div class=\"wp-block-column is-layout-flow wp-block-column-is-layout-flow\" style=\"flex-basis:66.66%\">\n<p class=\"has-ingressi-font-size\">Oppimisen iloa, el\u00e4v\u00e4\u00e4 musiikkia ja tanssia, yhdess\u00e4 ja yksil\u00f6llisesti!<\/p>\n\n\n\n<p>Kuopion konservatorio on yksi Suomen suurimmista musiikkioppilaitoksista (n. 2600 oppilasta ja opiskelijaa musiikissa ja tanssissa). Tarjoamme laadukasta ja monipuolista musiikin ja tanssin laajan oppim\u00e4\u00e4r\u00e4n mukaista taiteen perusopetusta. Meill\u00e4 voit siis harrastaa musiikkia ja tanssia lapsuudesta aina aikuisi\u00e4lle saakka. Kuopion konservatorio j\u00e4rjest\u00e4\u00e4 my\u00f6s musiikkialan toisen asteen ammatillista koulutusta, josta valmistutaan joko muusikon (klassinen musiikki | rytmimusiikki) tai musiikkiteknologin ammattiin. Lis\u00e4ksi konservatoriossa on tarjolla omakustanteisia opintoja Avoimessa konservatoriossa kaikille musiikin ja tanssin opiskelusta kiinnostuneille.<\/p>\n\n\n\n<p>Kuopion konservatoriota yll\u00e4pit\u00e4\u00e4 Kuopion konservatorion kannatusyhdistys ry, jonka tarkoituksena on tukea ja edist\u00e4\u00e4 musiikin- ja tanssinopetustoimintaa. Konservatorion toiminta-alueeseen kuuluvat Kuopio, Juankoski, Lapinlahti, Nilsi\u00e4, Siilinj\u00e4rvi ja Suonenjoki. P\u00e4\u00e4osa konservatoriosta toimii kuopiolaisen musiikkiel\u00e4m\u00e4n n\u00e4k\u00f6alapaikalla Kuopion Musiikkikeskuksessa, johon ovat sijoittuneet my\u00f6s Savonia-ammattikorkeakoulun Musiikin ja tanssin yksikk\u00f6, Taideyliopiston Sibelius-Akatemian Kuopion yksikk\u00f6 sek\u00e4 Kuopion kaupunginorkesteri. Teemme tiivist\u00e4 yhteisty\u00f6t\u00e4 talon toimijoiden kanssa niin opetuksen, tilojen kuin tapahtumienkin suhteen. <\/p>\n\n\n\n<p>Arvostamme oppimisen iloa, yhteis\u00f6llisyytt\u00e4, osallisuutta ja yhdess\u00e4 tekemist\u00e4. Oppilaitoksemme toiminta on saavutettavaa ja inklusiivista: pyrimme tarjoamaan mahdollisimman monelle p\u00e4\u00e4syn musiikki- ja tanssiharrastuksen pariin sek\u00e4 tukemaan oppijoiden yksil\u00f6llisi\u00e4 opintopolkuja yhdenvertaisuus huomioiden. <\/p>\n\n\n\n<p>Lukuisat konserttimme ja erilaiset yhteisty\u00f6produktiomme ovat t\u00e4rke\u00e4 osa Kuopion ja sen l\u00e4hiseudun kulttuuriel\u00e4m\u00e4\u00e4. My\u00f6s kansainv\u00e4lisyys on mukana oppilaitoksemme arkip\u00e4iv\u00e4ss\u00e4 opettaja- ja opiskelijavierailuina ja monipuolisena hanketoimintana.<\/p>\n\n\n\n<h4 class=\"wp-block-heading\" id=\"kuopion-konservatorion-vaiheet\">Kuopion konservatorion vaiheet<\/h4>\n\n\n\n<ul class=\"wp-block-list\">\n<li>Perustettu 1954 Kuopion musiikkiopistona<\/li>\n\n\n\n<li>Musiikkileikkikouluopetus alkoi 1959<\/li>\n\n\n\n<li>Kirkkomusiikkiosasto 1960<\/li>\n\n\n\n<li>Musiikkioppilaitoksen opettajien koulutus 1972<\/li>\n\n\n\n<li>Siilinj\u00e4rven\u00a0ja\u00a0Suonenjoen\u00a0toimipisteet 1973<\/li>\n\n\n\n<li>Nilsi\u00e4n\u00a0toimipiste 1976<\/li>\n\n\n\n<li>Konservatorioksi 1978<\/li>\n\n\n\n<li>Kirkkomusiikkiosasto Sibelius-Akatemiaan 1983<\/li>\n\n\n\n<li>Juankosken\u00a0toimipiste 1983<\/li>\n\n\n\n<li>Musiikkikeskus valmistuu 1985<\/li>\n\n\n\n<li>Tanssinopettajien koulutus 1987<\/li>\n\n\n\n<li>Pop\/jazzmusiikki 1992<\/li>\n\n\n\n<li>Opettajakoulutus ammattikorkeakouluun 1999<\/li>\n\n\n\n<li>Musiikkialan 2. asteen ammatillinen koulutus 2000<\/li>\n\n\n\n<li>Lapinlahden\u00a0toimipiste 2001<\/li>\n\n\n\n<li>Avoin konservatorio 2006<\/li>\n\n\n\n<li>Kuopion Musiikinyst\u00e4v\u00e4in musiikkiopisto yhdistyi 2013<\/li>\n<\/ul>\n\n\n\n<p><\/p>\n<\/div>\n<\/div>\n","protected":false},"excerpt":{"rendered":"<p>Oppilaitos Oppimisen iloa, el\u00e4v\u00e4\u00e4 musiikkia ja tanssia, yhdess\u00e4 ja yksil\u00f6llisesti! Kuopion konservatorio on yksi Suomen suurimmista musiikkioppilaitoksista (n. 2600 oppilasta ja opiskelijaa musiikissa ja tanssissa). Tarjoamme laadukasta ja monipuolista musiikin ja tanssin laajan oppim\u00e4\u00e4r\u00e4n mukaista taiteen perusopetusta. Meill\u00e4 voit siis harrastaa musiikkia ja tanssia lapsuudesta aina aikuisi\u00e4lle saakka. Kuopion konservatorio j\u00e4rjest\u00e4\u00e4 my\u00f6s musiikkialan toisen asteen [&hellip;]<\/p>\n","protected":false},"author":9,"featured_media":0,"parent":0,"menu_order":0,"comment_status":"closed","ping_status":"closed","template":"page-templates\/page_secondary-nav.php","meta":{"inline_featured_image":false,"footnotes":""},"oppiaine":[],"class_list":["post-1086","page","type-page","status-publish","hentry"],"_links":{"self":[{"href":"https:\/\/kuopionkonservatorio.fi\/fi\/wp-json\/wp\/v2\/pages\/1086","targetHints":{"allow":["GET"]}}],"collection":[{"href":"https:\/\/kuopionkonservatorio.fi\/fi\/wp-json\/wp\/v2\/pages"}],"about":[{"href":"https:\/\/kuopionkonservatorio.fi\/fi\/wp-json\/wp\/v2\/types\/page"}],"author":[{"embeddable":true,"href":"https:\/\/kuopionkonservatorio.fi\/fi\/wp-json\/wp\/v2\/users\/9"}],"replies":[{"embeddable":true,"href":"https:\/\/kuopionkonservatorio.fi\/fi\/wp-json\/wp\/v2\/comments?post=1086"}],"version-history":[{"count":0,"href":"https:\/\/kuopionkonservatorio.fi\/fi\/wp-json\/wp\/v2\/pages\/1086\/revisions"}],"wp:attachment":[{"href":"https:\/\/kuopionkonservatorio.fi\/fi\/wp-json\/wp\/v2\/media?parent=1086"}],"wp:term":[{"taxonomy":"oppiaine","embeddable":true,"href":"https:\/\/kuopionkonservatorio.fi\/fi\/wp-json\/wp\/v2\/oppiaine?post=1086"}],"curies":[{"name":"wp","href":"https:\/\/api.w.org\/{rel}","templated":true}]}}