{"id":1058,"date":"2022-02-21T14:19:42","date_gmt":"2022-02-21T12:19:42","guid":{"rendered":"https:\/\/kuopionkonservatorio.letm.com\/?page_id=1058"},"modified":"2026-02-16T11:17:51","modified_gmt":"2026-02-16T09:17:51","slug":"naytokset","status":"publish","type":"page","link":"https:\/\/kuopionkonservatorio.fi\/fi\/naytokset\/","title":{"rendered":"N\u00e4yt\u00f6kset"},"content":{"rendered":"\n<div class=\"wp-block-columns alignwide is-layout-flex wp-container-core-columns-is-layout-9d6595d7 wp-block-columns-is-layout-flex\">\n<div class=\"wp-block-column is-layout-flow wp-block-column-is-layout-flow\" style=\"flex-basis:33.33%\">\n<h2 class=\"wp-block-heading\" id=\"naytokset\">N\u00e4yt\u00f6kset<\/h2>\n<\/div>\n\n\n\n<div class=\"wp-block-column is-layout-flow wp-block-column-is-layout-flow\" style=\"flex-basis:66.66%\">\n<p class=\"has-ingressi-font-size\">Iloa ja esiintymisen el\u00e4myksi\u00e4 tanssin\u00e4yt\u00f6ksist\u00e4!<\/p>\n\n\n\n<p>Esiintyminen on t\u00e4rke\u00e4 osa tanssin harrastamista. Kaikki tanssioppilaat esiintyv\u00e4t vuosittain konservatorion omissa n\u00e4yt\u00f6ksiss\u00e4, joita tarjotaan mahdollisuuksien mukaan my\u00f6s kouluille ja p\u00e4iv\u00e4kodeille. Harjoittelemme perus- ja syvent\u00e4viss\u00e4 opinnoissa koreografian tekoa. Oppilaitoksen \u201dOmat tanssit\u201d-tapahtumat eri toimipisteiss\u00e4 tarjoavat esiintymisfoorumin n\u00e4ille tanssioppilaiden uusille teoksille. Tanssioppilaat esiintyv\u00e4t mahdollisuuksien mukaan my\u00f6s talon ulkopuolella sek\u00e4 paikallisesti ett\u00e4 valtakunnallisesti.<\/p>\n\n\n\n<p>Olemme osallistuneet mm. Kajaanin Uudet Tanssit \u2013koreografiakatselmukseen, Nykytanssi-palettiin Suomen Kansallisoopperan Alminsalissa, Baletin Nuorta Energiaa -n\u00e4yt\u00f6kseen Helsingin Aleksanterin teatterissa, Kuopio Tanssii ja Soin On Stagelle, sek\u00e4 Oulun Arktiset Askeleet -katselmukseen.<\/p>\n\n\n\n<p>Klikkaa alta lis\u00e4tietoja Kuopion konservatorion tanssin\u00e4yt\u00f6ksist\u00e4!<\/p>\n\n\n\n<p><a href=\"https:\/\/kuopionkonservatorio.fi\/fi\/oppilaitos\/lukuvuosi\/\"><strong>Tutustu lukuvuoden toiminta-aikatauluun<\/strong><\/a><\/p>\n\n\n\n<p><a href=\"https:\/\/kuopionkonservatorio.fi\/fi\/tapahtuma\/\"><strong>Tutustu Kuopion konservatorion tapahtumiin<\/strong><\/a><\/p>\n\n\n\n      <div class=\"wp-block-letm-blocks-accordion\">\n        \n\n<div class=\"wp-block-letm-blocks-accordion-single-row\">\n<div class=\"wp-block-columns accordion-head has-background is-layout-flex wp-container-core-columns-is-layout-9d6595d7 wp-block-columns-is-layout-flex\" style=\"background-color:#eddce4\">\n<div class=\"wp-block-column is-layout-flow wp-block-column-is-layout-flow\" style=\"flex-basis:50%\">\n<p class=\"heading-left\">Omat tanssit<\/p>\n<\/div>\n\n\n\n<div class=\"wp-block-column is-layout-flow wp-block-column-is-layout-flow\" style=\"flex-basis:50%\">\n<p class=\"heading-right\">Kuopio, Juankoski, Nilsi\u00e4<\/p>\n<\/div>\n<\/div>\n\n\n\n<div class=\"wp-block-columns accordion-content is-layout-flex wp-container-core-columns-is-layout-9d6595d7 wp-block-columns-is-layout-flex\">\n<div class=\"wp-block-column is-layout-flow wp-block-column-is-layout-flow\" style=\"flex-basis:100%\">\n<p>&#8221;Omat tanssit&#8221; -tapahtuma j\u00e4rjestet\u00e4\u00e4n vuosittain Kuopiossa ja yhdistettyn\u00e4 muihin n\u00e4yt\u00f6ksiin Nilsi\u00e4ss\u00e4 ja Juankoskella. N\u00e4ihin esitykseen osallistuvat kaikki perusopintojen oppilaat. Nimens\u00e4 mukaisesti tapahtumissa esitet\u00e4\u00e4n oppilaiden itsens\u00e4 tekemi\u00e4 omia koreografioita, eli omia tansseja. Omiin tansseihin on yleis\u00f6ll\u00e4 vapaa p\u00e4\u00e4sy.<\/p>\n\n\n\n<p><a href=\"https:\/\/kuopionkonservatorio.fi\/wp-content\/uploads\/Omat-tanssit-OHJE-nykytanssi-helmikuu.pdf\"><strong>Omat tanssit -ohje<\/strong><\/a><br><a href=\"https:\/\/kuopionkonservatorio.fi\/wp-content\/uploads\/Ilmoittautumislomake-Omat-nykytanssi-helmikuu.pdf\"><strong>Ilmoittautumislomake Omat tanssit<\/strong><\/a><\/p>\n<\/div>\n<\/div>\n<\/div>\n\n\n\n<div class=\"wp-block-letm-blocks-accordion-single-row\">\n<div class=\"wp-block-columns accordion-head has-background is-layout-flex wp-container-core-columns-is-layout-9d6595d7 wp-block-columns-is-layout-flex\" style=\"background-color:#eddce4\">\n<div class=\"wp-block-column is-layout-flow wp-block-column-is-layout-flow\" style=\"flex-basis:50%\">\n<p class=\"heading-left\">Pienten tanssijoiden n\u00e4yt\u00f6kset<\/p>\n<\/div>\n\n\n\n<div class=\"wp-block-column is-layout-flow wp-block-column-is-layout-flow\" style=\"flex-basis:50%\">\n<p class=\"heading-right\">Kuopio<\/p>\n<\/div>\n<\/div>\n\n\n\n<div class=\"wp-block-columns accordion-content is-layout-flex wp-container-core-columns-is-layout-9d6595d7 wp-block-columns-is-layout-flex\">\n<div class=\"wp-block-column is-layout-flow wp-block-column-is-layout-flow\" style=\"flex-basis:100%\">\n<p>Pienten tanssijoiden joulujuhla ja kev\u00e4tjuhla ovat konservatorion pienempien tanssijoiden omia n\u00e4yt\u00f6ksi\u00e4. Niiss\u00e4 esiintyv\u00e4t lastentanssin ja tanssin valmentavien opintojen oppilaiden ryhm\u00e4t Kuopiosta. Joulujuhla j\u00e4rjestet\u00e4\u00e4n useimmiten joulukuussa ja kev\u00e4tjuhla toukokuussa Kuopion Musiikkikeskuksen Valohallissa, jonka tilat tarjoavat mahdollisuuden l\u00e4hes 300 katsojalle tulla seuraamaan tanssiesityksi\u00e4. Pienten tanssijoiden n\u00e4yt\u00f6ksiin on yleis\u00f6ll\u00e4 vapaa p\u00e4\u00e4sy.<\/p>\n<\/div>\n<\/div>\n<\/div>\n\n\n\n<div class=\"wp-block-letm-blocks-accordion-single-row\">\n<div class=\"wp-block-columns accordion-head has-background is-layout-flex wp-container-core-columns-is-layout-9d6595d7 wp-block-columns-is-layout-flex\" style=\"background-color:#eddce4\">\n<div class=\"wp-block-column is-layout-flow wp-block-column-is-layout-flow\" style=\"flex-basis:50%\">\n<p class=\"heading-left\">Tanssin kev\u00e4tn\u00e4yt\u00f6kset<\/p>\n<\/div>\n\n\n\n<div class=\"wp-block-column is-layout-flow wp-block-column-is-layout-flow\" style=\"flex-basis:50%\">\n<p class=\"heading-right\">Kuopio, Juankoski, Nilsi\u00e4<\/p>\n<\/div>\n<\/div>\n\n\n\n<div class=\"wp-block-columns accordion-content is-layout-flex wp-container-core-columns-is-layout-9d6595d7 wp-block-columns-is-layout-flex\">\n<div class=\"wp-block-column is-layout-flow wp-block-column-is-layout-flow\" style=\"flex-basis:100%\">\n<p>Baletin ja nykytanssin perus- ja syvent\u00e4vien opintojen oppilaat kaikista konservatorion toimipisteist\u00e4 esiintyv\u00e4t omissa tanssin kev\u00e4tn\u00e4yt\u00f6ksiss\u00e4\u00e4n vuosittain vaihtuvalla teemalla. Etenkin Juankoskella ja Nilsi\u00e4ss\u00e4 n\u00e4iss\u00e4 n\u00e4yt\u00f6ksiss\u00e4 esiintyv\u00e4t my\u00f6s paikkakuntien lastentanssin ja tanssin valmentavien oppilaat.<\/p>\n\n\n\n<p>Kuopiossa tanssin kev\u00e4tn\u00e4yt\u00f6s j\u00e4rjestet\u00e4\u00e4n perinteisesti Kuopion Musiikkikeskuksen Konserttisalissa, jossa yleis\u00f6paikkoja on yli tuhat. Juankosken ja Nilsi\u00e4n n\u00e4yt\u00f6sten paikkoina on ollut mm. Manttu Nilsi\u00e4ss\u00e4 sek\u00e4 Ruukinkoulun Agora Juankoskella.<\/p>\n<\/div>\n<\/div>\n<\/div>\n\n      <\/div>\n\n    <\/div>\n<\/div>\n","protected":false},"excerpt":{"rendered":"<p>N\u00e4yt\u00f6kset Iloa ja esiintymisen el\u00e4myksi\u00e4 tanssin\u00e4yt\u00f6ksist\u00e4! Esiintyminen on t\u00e4rke\u00e4 osa tanssin harrastamista. Kaikki tanssioppilaat esiintyv\u00e4t vuosittain konservatorion omissa n\u00e4yt\u00f6ksiss\u00e4, joita tarjotaan mahdollisuuksien mukaan my\u00f6s kouluille ja p\u00e4iv\u00e4kodeille. Harjoittelemme perus- ja syvent\u00e4viss\u00e4 opinnoissa koreografian tekoa. Oppilaitoksen \u201dOmat tanssit\u201d-tapahtumat eri toimipisteiss\u00e4 tarjoavat esiintymisfoorumin n\u00e4ille tanssioppilaiden uusille teoksille. Tanssioppilaat esiintyv\u00e4t mahdollisuuksien mukaan my\u00f6s talon ulkopuolella sek\u00e4 paikallisesti ett\u00e4 [&hellip;]<\/p>\n","protected":false},"author":9,"featured_media":0,"parent":0,"menu_order":0,"comment_status":"closed","ping_status":"closed","template":"","meta":{"inline_featured_image":false,"footnotes":""},"oppiaine":[],"class_list":["post-1058","page","type-page","status-publish","hentry"],"_links":{"self":[{"href":"https:\/\/kuopionkonservatorio.fi\/fi\/wp-json\/wp\/v2\/pages\/1058","targetHints":{"allow":["GET"]}}],"collection":[{"href":"https:\/\/kuopionkonservatorio.fi\/fi\/wp-json\/wp\/v2\/pages"}],"about":[{"href":"https:\/\/kuopionkonservatorio.fi\/fi\/wp-json\/wp\/v2\/types\/page"}],"author":[{"embeddable":true,"href":"https:\/\/kuopionkonservatorio.fi\/fi\/wp-json\/wp\/v2\/users\/9"}],"replies":[{"embeddable":true,"href":"https:\/\/kuopionkonservatorio.fi\/fi\/wp-json\/wp\/v2\/comments?post=1058"}],"version-history":[{"count":0,"href":"https:\/\/kuopionkonservatorio.fi\/fi\/wp-json\/wp\/v2\/pages\/1058\/revisions"}],"wp:attachment":[{"href":"https:\/\/kuopionkonservatorio.fi\/fi\/wp-json\/wp\/v2\/media?parent=1058"}],"wp:term":[{"taxonomy":"oppiaine","embeddable":true,"href":"https:\/\/kuopionkonservatorio.fi\/fi\/wp-json\/wp\/v2\/oppiaine?post=1058"}],"curies":[{"name":"wp","href":"https:\/\/api.w.org\/{rel}","templated":true}]}}