{"id":1038,"date":"2022-02-21T11:41:21","date_gmt":"2022-02-21T09:41:21","guid":{"rendered":"https:\/\/kuopionkonservatorio.letm.com\/?page_id=1038"},"modified":"2024-08-12T14:00:24","modified_gmt":"2024-08-12T11:00:24","slug":"soitinlainat","status":"publish","type":"page","link":"https:\/\/kuopionkonservatorio.fi\/fi\/soitinlainat\/","title":{"rendered":"Soitinlainat"},"content":{"rendered":"\n<div class=\"wp-block-columns alignwide is-layout-flex wp-container-core-columns-is-layout-9d6595d7 wp-block-columns-is-layout-flex\">\n<div class=\"wp-block-column is-layout-flow wp-block-column-is-layout-flow\" style=\"flex-basis:33.33%\">\n<h2 class=\"wp-block-heading\" id=\"soitinlainat\">Soitinlainat<\/h2>\n\n\n<ul class=\"relatives\"><li class=\"page_item page-item-1893\"><a href=\"https:\/\/kuopionkonservatorio.fi\/fi\/soitinlainat\/maakunnalliset-soittimet\/\">Maakunnalliset soittimet<\/a><\/li>\n<\/ul>\n<\/div>\n\n\n\n<div class=\"wp-block-column is-layout-flow wp-block-column-is-layout-flow\" style=\"flex-basis:66.66%\">\n<p class=\"has-ingressi-font-size\">Kuopion konservatorio omistaa lukuisia soittimia, joita vuokrataan oppilaiden k\u00e4ytt\u00f6\u00f6n varsinkin opintojen alkuvaiheessa.<\/p>\n\n\n\n<p>Soittimen hankinta on suurin musiikinopiskelun aiheuttama kertakustannus. Kuopion konservatorio omistaa soittimia, joita vuokrataan oppilaiden k\u00e4ytt\u00f6\u00f6n varsinkin opintojen alkuvaiheessa. Vuokrattavana on jousisoittimia, puhaltimia sek\u00e4 kielisoittimia (kitara, kantele). Konservatorio ei lainaa pianoja. Lis\u00e4ksi Kuopion konservatoriolla on joitakin arvokkaita soittimia (Maakunnalliset soittimet), joita annetaan konservatorion oppilaiden ja opiskelijoiden k\u00e4ytt\u00f6\u00f6n hakemuksesta enint\u00e4\u00e4n vuodeksi kerrallaan. Maakunnallisiin soittimiin ja niiden hakuk\u00e4yt\u00e4nt\u00f6ihin voit tutustua <strong><a href=\"https:\/\/kuopionkonservatorio.fi\/soitinlainat\/maakunnalliset-soittimet\/\">t\u00e4st\u00e4 linkist\u00e4<\/a>.<\/strong><\/p>\n\n\n\n<h4 class=\"wp-block-heading\" id=\"soittimen-lainaaminen\">Soittimen lainaaminen<\/h4>\n\n\n\n<p>Kuopion konservatorion omistamia soittimia voivat lainata Kuopion konservatorion musiikin perusopintojen ja syvent\u00e4vien opintojen oppilaat, konservatorion 2. asteen ammatillisen koulutuksen musiikinopiskelijat sek\u00e4 Savonia-ammattikorkeakoulun musiikinopiskelijat. Soitinlainauksia hoitavat Katja Kankaanp\u00e4\u00e4 (jousisoittimet) ja Jarna Stedt (muut soittimet). Lainaaminen tehd\u00e4\u00e4n yhdess\u00e4 oppilaan\/huoltajan ja opettajan kanssa.<\/p>\n\n\n\n<h4 class=\"wp-block-heading\" id=\"soitinlainasopimus\">Soitinlainasopimus<\/h4>\n\n\n\n<p>Soittimen lainaaja (alaik\u00e4isen huoltaja) allekirjoittaa soittimen saadessaan soitinlainasopimuksen, jonka ehtoja h\u00e4n sitoutuu noudattamaan. Sopimukseen kirjataan soittimen senhetkinen kunto. Konservatorio vastaa soittimien perushuollosta. Kuitenkin esim. jousisoittimien kielet lainaaja hankkii \/ vaihtaa tarvittaessa itse. Lainaaja sitoutuu huolehtimaan hyvin soittimesta ja siihen kuuluvista tarvikkeista. Vahinkotilanteessa lainaajan omavastuuosuus on enint\u00e4\u00e4n 200 \u20ac.<\/p>\n\n\n\n<h4 class=\"wp-block-heading\" id=\"laina-aika\">Laina-aika<\/h4>\n\n\n\n<p>Soitin lainataan aina lukuvuodeksi kerrallaan. Mahdollisesta kes\u00e4k\u00e4yt\u00f6st\u00e4 on sovittava erikseen lukuvuoden p\u00e4\u00e4ttyess\u00e4.<\/p>\n\n\n\n<h4 class=\"wp-block-heading\" id=\"maksut\">Maksut<\/h4>\n\n\n\n<p>Lainasoittimista <strong>perit\u00e4\u00e4n lukukausittain maksu<\/strong>. Soitinlaina <strong>maksu ei koske<\/strong> Kuopion konservatorion <strong>2. asteen ammatillisen koulutuksen<\/strong> eik\u00e4 <strong>Pienryhm\u00e4opetuksen (valmentava opetus) opiskelijoita<\/strong>. Kun oppilas siirtyy pienryhm\u00e4opetuksesta perusopetukseen, lainasoittimesta aletaan peri\u00e4 soitinlainaa automaattisesti. Maksusta ei palauteta osaa vaikka lainaaja palauttaisi soittimen kesken lukukauden.<\/p>\n\n\n\n<h5 class=\"wp-block-heading\" id=\"lukukausittaiset-soitinlainamaksut-1-8-2021-alkaen\">Lukukausittaiset soitinlainamaksut 1.8.2021 alkaen:<\/h5>\n\n\n\n<p>Jousisoitin 40 \u20ac<\/p>\n\n\n\n<p>Jousi 10 \u20ac<\/p>\n\n\n\n<p>Muut soittimet (puhaltimet jne.) p\u00e4\u00e4osin 40 \u20ac<\/p>\n\n\n\n<p>Lis\u00e4ksi Kuopion konservatoriolla on joitakin arvokkaita soittimia (Maakunnalliset soittimet), joita annetaan konservatorion oppilaiden ja opiskelijoiden k\u00e4ytt\u00f6\u00f6n hakemuksesta enint\u00e4\u00e4n vuodeksi kerrallaan. Mik\u00e4li oppilas \/ opiskelija tarvitsee jotakin erikoissoitinta k\u00e4ytt\u00f6\u00f6ns\u00e4 soittaakseen sit\u00e4 esim. konservatorion orkesterissa tai yhtyeess\u00e4, ei soittimesta perit\u00e4 lainausmaksua. Yhtyek\u00e4ytt\u00f6\u00f6n lainatuista vanhan musiikin soittimista ei perit\u00e4 lainausmaksua. Sen sijaan soittimesta, jonka musiikin perusopintojen tai syvent\u00e4vien opintojen oppilas, tai Savonia-ammattikorkeakoulun opiskelija lainaa joko p\u00e4\u00e4- tai sivuaineen opintojaan varten, perit\u00e4\u00e4n lainausmaksu.<\/p>\n\n\n\n<h4 class=\"wp-block-heading\" id=\"vakuutukset\">Vakuutukset<\/h4>\n\n\n\n<p>Kuopion konservatorio on vakuuttanut soittimet kotimaassa. Kuopion konservatorion toimintaan liittyville ulkomaan matkoille soittimille oppilaitos ottaa vakuutuksen erikseen.<\/p>\n\n\n\n<h4 class=\"wp-block-heading\" id=\"soittimen-vieminen-ulkomaille\">Soittimen vieminen ulkomaille<\/h4>\n\n\n\n<p>P\u00e4\u00e4s\u00e4\u00e4nt\u00f6n\u00e4 on, ett\u00e4 lainasoittimia ei saa vied\u00e4 ulkomaille. Erityistapauksista voidaan kuitenkin neuvotella erikseen. Ellei kyseess\u00e4 ole konservatorion toimintaan liittyv\u00e4 ulkomaanmatka, vakuuttaa lainaaja soittimen matkan ajaksi.<\/p>\n\n\n\n<h4 class=\"wp-block-heading\" id=\"palauttaminen\">Palauttaminen<\/h4>\n\n\n\n<p>Soitin palautetaan viimeist\u00e4\u00e4n laina-ajan p\u00e4\u00e4tytty\u00e4 konservatorion soitinvarastoon. Soitin on palautettava v\u00e4litt\u00f6m\u00e4sti, jos lainaaja lopettaa tai keskeytt\u00e4\u00e4 opintonsa konservatoriossa. Soitin palautetaan vastaavassa kunnossa kuin se on lainaushetkell\u00e4 ollut (esim. jousisoittimen kielten on oltava kunnossa). Vastuuopettaja tarkistaa palautetun soittimen kunnon.<\/p>\n\n\n\n<h4 class=\"wp-block-heading\" id=\"soitinlainauksia-hoitavien-yhteystiedot\">Soitinlainauksia hoitavien yhteystiedot<\/h4>\n\n\n\n<p>Jousisoittimet: Katja Kankaanp\u00e4\u00e4 <a href=\"mailto:katja.kankaanpaa@kuopionkonservatorio.fi\">katja.kankaanpaa@kuopionkonservatorio.fi<\/a><\/p>\n\n\n\n<p>Muut soittimet: Jarna Stedt, <a href=\"mailto:jarna.stedt@kuopionkonservatorio.fi\">jarna.stedt@kuopionkonservatorio.fi<\/a><\/p>\n<\/div>\n<\/div>\n","protected":false},"excerpt":{"rendered":"<p>Soitinlainat Kuopion konservatorio omistaa lukuisia soittimia, joita vuokrataan oppilaiden k\u00e4ytt\u00f6\u00f6n varsinkin opintojen alkuvaiheessa. Soittimen hankinta on suurin musiikinopiskelun aiheuttama kertakustannus. Kuopion konservatorio omistaa soittimia, joita vuokrataan oppilaiden k\u00e4ytt\u00f6\u00f6n varsinkin opintojen alkuvaiheessa. Vuokrattavana on jousisoittimia, puhaltimia sek\u00e4 kielisoittimia (kitara, kantele). Konservatorio ei lainaa pianoja. Lis\u00e4ksi Kuopion konservatoriolla on joitakin arvokkaita soittimia (Maakunnalliset soittimet), joita annetaan konservatorion [&hellip;]<\/p>\n","protected":false},"author":9,"featured_media":0,"parent":0,"menu_order":0,"comment_status":"closed","ping_status":"closed","template":"","meta":{"inline_featured_image":false,"footnotes":""},"oppiaine":[],"class_list":["post-1038","page","type-page","status-publish","hentry"],"_links":{"self":[{"href":"https:\/\/kuopionkonservatorio.fi\/fi\/wp-json\/wp\/v2\/pages\/1038","targetHints":{"allow":["GET"]}}],"collection":[{"href":"https:\/\/kuopionkonservatorio.fi\/fi\/wp-json\/wp\/v2\/pages"}],"about":[{"href":"https:\/\/kuopionkonservatorio.fi\/fi\/wp-json\/wp\/v2\/types\/page"}],"author":[{"embeddable":true,"href":"https:\/\/kuopionkonservatorio.fi\/fi\/wp-json\/wp\/v2\/users\/9"}],"replies":[{"embeddable":true,"href":"https:\/\/kuopionkonservatorio.fi\/fi\/wp-json\/wp\/v2\/comments?post=1038"}],"version-history":[{"count":0,"href":"https:\/\/kuopionkonservatorio.fi\/fi\/wp-json\/wp\/v2\/pages\/1038\/revisions"}],"wp:attachment":[{"href":"https:\/\/kuopionkonservatorio.fi\/fi\/wp-json\/wp\/v2\/media?parent=1038"}],"wp:term":[{"taxonomy":"oppiaine","embeddable":true,"href":"https:\/\/kuopionkonservatorio.fi\/fi\/wp-json\/wp\/v2\/oppiaine?post=1038"}],"curies":[{"name":"wp","href":"https:\/\/api.w.org\/{rel}","templated":true}]}}