{"id":1028,"date":"2022-02-21T10:38:26","date_gmt":"2022-02-21T08:38:26","guid":{"rendered":"https:\/\/kuopionkonservatorio.letm.com\/?page_id=1028"},"modified":"2026-02-24T09:12:16","modified_gmt":"2026-02-24T07:12:16","slug":"lukuvuosi","status":"publish","type":"page","link":"https:\/\/kuopionkonservatorio.fi\/fi\/oppilaitos\/lukuvuosi\/","title":{"rendered":"Lukuvuosi"},"content":{"rendered":"\n<div class=\"wp-block-columns alignwide is-layout-flex wp-container-core-columns-is-layout-9d6595d7 wp-block-columns-is-layout-flex\">\n<div class=\"wp-block-column is-layout-flow wp-block-column-is-layout-flow\" style=\"flex-basis:33.33%\">\n<h2 class=\"wp-block-heading\" id=\"lukuvuosi\">Lukuvuosi<\/h2>\n\n\n<ul class=\"relatives\"><li class=\"page_item page-item-1102\"><a href=\"https:\/\/kuopionkonservatorio.fi\/fi\/oppilaitos\/tyopaikat\/\">Avoimet ty\u00f6paikat<\/a><\/li>\n<li class=\"page_item page-item-1091\"><a href=\"https:\/\/kuopionkonservatorio.fi\/fi\/oppilaitos\/hallintorakenne\/\">Hallintorakenne<\/a><\/li>\n<li class=\"page_item page-item-1094\"><a href=\"https:\/\/kuopionkonservatorio.fi\/fi\/oppilaitos\/kannatusyhdistys\/\">Kannatusyhdistys<\/a><\/li>\n<li class=\"page_item page-item-1018\"><a href=\"https:\/\/kuopionkonservatorio.fi\/fi\/oppilaitos\/lukukausimaksut\/\">Lukukausimaksut<\/a><\/li>\n<li class=\"page_item page-item-20148\"><a href=\"https:\/\/kuopionkonservatorio.fi\/fi\/oppilaitos\/naistoimikunta\/\">Naistoimikunta<\/a><\/li>\n<li class=\"page_item page-item-1098\"><a href=\"https:\/\/kuopionkonservatorio.fi\/fi\/oppilaitos\/yhteistyokumppanit\/\">Yhteisty\u00f6kumppanit<\/a><\/li>\n<\/ul>\n<\/div>\n\n\n\n<div class=\"wp-block-column is-layout-flow wp-block-column-is-layout-flow\" style=\"flex-basis:66.66%\">\n<p class=\"has-ingressi-font-size\">Lukuvuoden 2025\u201326 toiminta-aikataulu<\/p>\n\n\n\n<details class=\"wp-block-details has-marjapuuro-background-color has-background is-layout-flow wp-block-details-is-layout-flow\"><summary>Syyslukukausi<\/summary>\n<p><strong>11.8.2025 Syyslukukausi alkaa<\/strong>, ammatillinen koulutus alkaa<\/p>\n\n\n\n<p>14.8.2025 Musiikin taiteen perusopetus alkaa<\/p>\n\n\n\n<p>18.8.2025 Muskarit, tanssi ja koulujen muta-opetus alkaa lukuj\u00e4rjestyksen mukaan<\/p>\n\n\n\n<p>25.8.2025 Muta-opetus alkaa lukuj\u00e4rjestyksen mukaan Musiikkikeskuksella ja toimipisteiss\u00e4<\/p>\n\n\n\n<p>1.9.2025 Musiikin valmentava opetus ja avoimen konservatorion opetus alkaa<\/p>\n\n\n\n<p>13.\u201317.10.2025 (vko 42) Syysloma<\/p>\n\n\n\n<p>23.10. Nykytanssin isojen oppilaiden Omat tanssit, Kamarimusiikkisali<\/p>\n\n\n\n<p>13.11. Juankosken toimipisteen Unicef -konsertti, Ruukinkoulun Agora<\/p>\n\n\n\n<p>8.12. Tanssin varhaisi\u00e4n joulujuhlan harjoitukset klo 16\u201320, Valohalli<\/p>\n\n\n\n<p>15.12. Omat tanssit klo 18.30, Valohalli<\/p>\n\n\n\n<p>16.12. Tanssin varhaisi\u00e4n joulujuhlan n\u00e4yt\u00f6kset klo 17.30 ja 19.00, Valohalli<\/p>\n\n\n\n<p>17.12. Nilsi\u00e4n toimipisteen Joulujuhla, Manttu<\/p>\n\n\n\n<p>19.12.2025 Lukukauden viimeinen opetusp\u00e4iv\u00e4<\/p>\n\n\n\n<p>22.12.2025\u20136.1.2026 Joululoma<\/p>\n<\/details>\n\n\n\n<p><\/p>\n\n\n\n<p><strong>Kev\u00e4tlukukauden opetus alkaa viikolla 3<\/strong> (opettajat ottavat tarkemmin yhteytt\u00e4)<\/p>\n\n\n\n<p>2.\u20136.3.2026 (vko 10) Talviloma<\/p>\n\n\n\n<p>21.3. Luova pamaus -tanssin\u00e4yt\u00f6kset (Omat tanssit) klo 14 ja klo 15, Kamarimusiikkisali, Kuopion Musiikkikeskus<\/p>\n\n\n\n<p>3.\u20136.4.2026 P\u00e4\u00e4si\u00e4inen<\/p>\n\n\n\n<p>1.5.2026 Vapunp\u00e4iv\u00e4<\/p>\n\n\n\n<p>10.5. klo 16.00 Tanssin perusopetuksen kev\u00e4tn\u00e4yt\u00f6s, Konserttisali, Kuopion Musiikkikeskus<\/p>\n\n\n\n<p>14.5.2026 Helatorstai<\/p>\n\n\n\n<p>18.5. Juankosken ja Nilsi\u00e4n kev\u00e4tjuhla, Agora, Ruukinkoulu, Juankoski<\/p>\n\n\n\n<p>19.5. Tanssin varhaisi\u00e4n kev\u00e4tn\u00e4yt\u00f6ksen harjoitukset<\/p>\n\n\n\n<p>20.5. Tanssin varhaisi\u00e4n kev\u00e4tn\u00e4yt\u00f6s<\/p>\n\n\n\n<p>27.5.2026 Viimeinen opetusp\u00e4iv\u00e4, perusopetuksen ja ammatillisen koulutuksen p\u00e4\u00e4t\u00f6sjuhlat<\/p>\n\n\n\n<p><em>Oma opettaja tiedottaa lukuvuoden aikana oppilaitaan tarkemmista aikatauluista sek\u00e4 p\u00e4\u00e4t\u00f6stapahtumista.<\/em><\/p>\n<\/div>\n<\/div>\n","protected":false},"excerpt":{"rendered":"<p>Lukuvuosi Lukuvuoden 2025\u201326 toiminta-aikataulu Kev\u00e4tlukukauden opetus alkaa viikolla 3 (opettajat ottavat tarkemmin yhteytt\u00e4) 2.\u20136.3.2026 (vko 10) Talviloma 21.3. Luova pamaus -tanssin\u00e4yt\u00f6kset (Omat tanssit) klo 14 ja klo 15, Kamarimusiikkisali, Kuopion Musiikkikeskus 3.\u20136.4.2026 P\u00e4\u00e4si\u00e4inen 1.5.2026 Vapunp\u00e4iv\u00e4 10.5. klo 16.00 Tanssin perusopetuksen kev\u00e4tn\u00e4yt\u00f6s, Konserttisali, Kuopion Musiikkikeskus 14.5.2026 Helatorstai 18.5. Juankosken ja Nilsi\u00e4n kev\u00e4tjuhla, Agora, Ruukinkoulu, Juankoski 19.5. [&hellip;]<\/p>\n","protected":false},"author":9,"featured_media":0,"parent":1086,"menu_order":0,"comment_status":"closed","ping_status":"closed","template":"","meta":{"inline_featured_image":false,"footnotes":""},"oppiaine":[],"class_list":["post-1028","page","type-page","status-publish","hentry"],"_links":{"self":[{"href":"https:\/\/kuopionkonservatorio.fi\/fi\/wp-json\/wp\/v2\/pages\/1028","targetHints":{"allow":["GET"]}}],"collection":[{"href":"https:\/\/kuopionkonservatorio.fi\/fi\/wp-json\/wp\/v2\/pages"}],"about":[{"href":"https:\/\/kuopionkonservatorio.fi\/fi\/wp-json\/wp\/v2\/types\/page"}],"author":[{"embeddable":true,"href":"https:\/\/kuopionkonservatorio.fi\/fi\/wp-json\/wp\/v2\/users\/9"}],"replies":[{"embeddable":true,"href":"https:\/\/kuopionkonservatorio.fi\/fi\/wp-json\/wp\/v2\/comments?post=1028"}],"version-history":[{"count":0,"href":"https:\/\/kuopionkonservatorio.fi\/fi\/wp-json\/wp\/v2\/pages\/1028\/revisions"}],"up":[{"embeddable":true,"href":"https:\/\/kuopionkonservatorio.fi\/fi\/wp-json\/wp\/v2\/pages\/1086"}],"wp:attachment":[{"href":"https:\/\/kuopionkonservatorio.fi\/fi\/wp-json\/wp\/v2\/media?parent=1028"}],"wp:term":[{"taxonomy":"oppiaine","embeddable":true,"href":"https:\/\/kuopionkonservatorio.fi\/fi\/wp-json\/wp\/v2\/oppiaine?post=1028"}],"curies":[{"name":"wp","href":"https:\/\/api.w.org\/{rel}","templated":true}]}}