{"id":1018,"date":"2022-02-18T10:33:17","date_gmt":"2022-02-18T08:33:17","guid":{"rendered":"https:\/\/kuopionkonservatorio.letm.com\/?page_id=1018"},"modified":"2025-03-27T09:59:49","modified_gmt":"2025-03-27T07:59:49","slug":"lukukausimaksut","status":"publish","type":"page","link":"https:\/\/kuopionkonservatorio.fi\/fi\/oppilaitos\/lukukausimaksut\/","title":{"rendered":"Lukukausimaksut"},"content":{"rendered":"\n<div class=\"wp-block-columns alignwide is-layout-flex wp-container-core-columns-is-layout-9d6595d7 wp-block-columns-is-layout-flex\">\n<div class=\"wp-block-column is-layout-flow wp-block-column-is-layout-flow\" style=\"flex-basis:33.33%\">\n<h2 class=\"wp-block-heading\" id=\"lukukausimaksut\">Lukukausimaksut<\/h2>\n\n\n<ul class=\"relatives\"><li class=\"page_item page-item-1102\"><a href=\"https:\/\/kuopionkonservatorio.fi\/fi\/oppilaitos\/tyopaikat\/\">Avoimet ty\u00f6paikat<\/a><\/li>\n<li class=\"page_item page-item-1091\"><a href=\"https:\/\/kuopionkonservatorio.fi\/fi\/oppilaitos\/hallintorakenne\/\">Hallintorakenne<\/a><\/li>\n<li class=\"page_item page-item-1094\"><a href=\"https:\/\/kuopionkonservatorio.fi\/fi\/oppilaitos\/kannatusyhdistys\/\">Kannatusyhdistys<\/a><\/li>\n<li class=\"page_item page-item-1028\"><a href=\"https:\/\/kuopionkonservatorio.fi\/fi\/oppilaitos\/lukuvuosi\/\">Lukuvuosi<\/a><\/li>\n<li class=\"page_item page-item-20148\"><a href=\"https:\/\/kuopionkonservatorio.fi\/fi\/oppilaitos\/naistoimikunta\/\">Naistoimikunta<\/a><\/li>\n<li class=\"page_item page-item-1098\"><a href=\"https:\/\/kuopionkonservatorio.fi\/fi\/oppilaitos\/yhteistyokumppanit\/\">Yhteisty\u00f6kumppanit<\/a><\/li>\n<\/ul>\n<\/div>\n\n\n\n<div class=\"wp-block-column is-layout-flow wp-block-column-is-layout-flow\" style=\"flex-basis:66.66%\">\n<p class=\"has-ingressi-font-size\">T\u00e4lt\u00e4 sivulta l\u00f6yd\u00e4t tiedon Kuopion konservatorion lukukausimaksuista, oppilaspaikan peruuttamisehdoista sek\u00e4 lukukausimaksujen huojennuksista.<\/p>\n\n\n\n      <div class=\"wp-block-letm-blocks-accordion\">\n        \n\n<div class=\"wp-block-letm-blocks-accordion-single-row\">\n<div class=\"wp-block-columns accordion-head has-background is-layout-flex wp-container-core-columns-is-layout-9d6595d7 wp-block-columns-is-layout-flex\" style=\"background-color:#eddce4\">\n<div class=\"wp-block-column is-layout-flow wp-block-column-is-layout-flow\" style=\"flex-basis:50%\">\n<p class=\"heading-left\">Musiikkileikkikoulu ja musiikin valmentavat opinnot<\/p>\n<\/div>\n\n\n\n<div class=\"wp-block-column is-layout-flow wp-block-column-is-layout-flow\" style=\"flex-basis:50%\">\n<p class=\"heading-right\">Lukukausimaksut 1.8.2022 alkaen<\/p>\n<\/div>\n<\/div>\n\n\n\n<div class=\"wp-block-columns accordion-content is-layout-flex wp-container-core-columns-is-layout-9d6595d7 wp-block-columns-is-layout-flex\">\n<div class=\"wp-block-column is-layout-flow wp-block-column-is-layout-flow\" style=\"flex-basis:100%\">\n<p>Lukukausimaksu laskutetaan kaksi kertaa lukuvuoden aikana, sek\u00e4 syyslukukaudelta ett\u00e4 kev\u00e4tlukukaudelta.<\/p>\n\n\n\n<h5 class=\"wp-block-heading\">Lukukausimaksut 1.8.2022 alkaen<\/h5>\n\n\n\n<p><strong>Musiikkileikkikouluryhm\u00e4t 135 \u20ac<\/strong><\/p>\n\n\n\n<p><strong>Musiikkipajat 135 \u20ac<\/strong><\/p>\n\n\n\n<p><strong>Kuorot<\/strong>&nbsp;<strong>135 \u20ac<\/strong><\/p>\n\n\n\n<p><strong>Pienryhm\u00e4opetus 165 \u20ac<\/strong><br>Pienryhm\u00e4opetusta ovat alkusoitto-, alkulaulu ja karuselliryhm\u00e4t.<\/p>\n\n\n\n<p><strong>Osallistuminen kahteen opetusryhm\u00e4\u00e4n 260 \u20ac<\/strong><br>Esim. musiikkileikkikoulu + alkusoitto tai musiikkileikkikoulu + kuoro.<\/p>\n\n\n\n<p>Musiikin perus- ja syvent\u00e4vien opintojen oppilaille musiikkileikkikoulu, musiikkipaja ja kuoro ovat ilmaisia.<\/p>\n\n\n\n<p><strong>Lis\u00e4maksut<\/strong>:<br>Muistutuslaskulis\u00e4 maksukehotuksesta 5 \u20ac<\/p>\n<\/div>\n<\/div>\n<\/div>\n\n\n\n<div class=\"wp-block-letm-blocks-accordion-single-row\">\n<div class=\"wp-block-columns accordion-head has-background is-layout-flex wp-container-core-columns-is-layout-9d6595d7 wp-block-columns-is-layout-flex\" style=\"background-color:#eddce4\">\n<div class=\"wp-block-column is-layout-flow wp-block-column-is-layout-flow\" style=\"flex-basis:50%\">\n<p class=\"heading-left\">Klassisen musiikin ja rytmimusiikin perus- ja syvent\u00e4v\u00e4t opinnot<\/p>\n<\/div>\n\n\n\n<div class=\"wp-block-column is-layout-flow wp-block-column-is-layout-flow\" style=\"flex-basis:50%\">\n<p class=\"heading-right\">Lukukausimaksut 1.8.2022 alkaen<\/p>\n<\/div>\n<\/div>\n\n\n\n<div class=\"wp-block-columns accordion-content is-layout-flex wp-container-core-columns-is-layout-9d6595d7 wp-block-columns-is-layout-flex\">\n<div class=\"wp-block-column is-layout-flow wp-block-column-is-layout-flow\" style=\"flex-basis:100%\">\n<p>Lukukausimaksu laskutetaan kaksi kertaa lukuvuoden aikana, sek\u00e4 syyslukukaudelta ett\u00e4 kev\u00e4tlukukaudelta.<\/p>\n\n\n\n<h5 class=\"wp-block-heading\">Lukukausimaksut 1.8.2022 alkaen<\/h5>\n\n\n\n<p><strong>Musiikin perus- tai syvent\u00e4vien opintojen oppilasmaksu*<\/strong><\/p>\n\n\n\n<p><strong>Solistinen p\u00e4\u00e4aine 300 \u20ac<\/strong><\/p>\n\n\n\n<p><strong>Solistinen sivuaine 150 \u20ac<\/strong><\/p>\n\n\n\n<p><strong>Lis\u00e4maksut<\/strong>:<br>Kirjautumismaksu musiikin perustason opintojen alkaessa 5 \u20ac<br>Muistutuslaskulis\u00e4 maksukehotuksesta 5 \u20ac<\/p>\n\n\n\n<p>*Musiikin perusopetuksen lukukausimaksuun sis\u00e4ltyy soittotuntien lis\u00e4ksi kaikki opetussuunnitelman mukainen opetus, jonka m\u00e4\u00e4r\u00e4 vaihtelee opintojen eri vaiheessa. Lukukausimaksua ei siis makseta vain tietyst\u00e4 m\u00e4\u00e4r\u00e4st\u00e4 soittotunteja, vaan koko opetuspaketista, johon sis\u00e4ltyv\u00e4t musiikin perusteet, yhteismusisointi, s\u00e4estystunnit ja esiintymiset sek\u00e4 konservatorion koko konsertti- ja esiintymistoiminta.<\/p>\n<\/div>\n<\/div>\n<\/div>\n\n\n\n<div class=\"wp-block-letm-blocks-accordion-single-row\">\n<div class=\"wp-block-columns accordion-head has-background is-layout-flex wp-container-core-columns-is-layout-9d6595d7 wp-block-columns-is-layout-flex\" style=\"background-color:#eddce4\">\n<div class=\"wp-block-column is-layout-flow wp-block-column-is-layout-flow\" style=\"flex-basis:50%\">\n<p class=\"heading-left\">Lastentanssi, tanssin valmentavat opinnot sek\u00e4 baletin ja nykytanssin perus- ja syvent\u00e4v\u00e4t opinnot<\/p>\n<\/div>\n\n\n\n<div class=\"wp-block-column is-layout-flow wp-block-column-is-layout-flow\" style=\"flex-basis:50%\">\n<p class=\"heading-right\">Lukukausimaksut 1.8.2022 alkaen<\/p>\n<\/div>\n<\/div>\n\n\n\n<div class=\"wp-block-columns accordion-content is-layout-flex wp-container-core-columns-is-layout-9d6595d7 wp-block-columns-is-layout-flex\">\n<div class=\"wp-block-column is-layout-flow wp-block-column-is-layout-flow\" style=\"flex-basis:100%\">\n<p>Lukukausimaksu laskutetaan kaksi kertaa lukuvuoden aikana, sek\u00e4 syyslukukaudelta ett\u00e4 kev\u00e4tlukukaudelta.<\/p>\n\n\n\n<h5 class=\"wp-block-heading\">Lukukausimaksut 1.8.2022 alkaen<\/h5>\n\n\n\n<p><strong>Varhaisi\u00e4n opinnot<\/strong>:<\/p>\n\n\n\n<p>Lastentanssi tai tanssin erityisen tuen ryhm\u00e4 45min\/vko,&nbsp;<strong>135 \u20ac<\/strong><\/p>\n\n\n\n<p>Tanssin valmentava opetus 60min\/vko,&nbsp;<strong>165 \u20ac<\/strong><\/p>\n\n\n\n<p><strong>Baletin tai nykytanssin perusopinnot 250 \u20ac<\/strong><br>Perusopintoihin kuuluvat alkeistaso, keskitaso ja jatkotaso<\/p>\n\n\n\n<p><strong>Baletin tai nykytanssin syvent\u00e4v\u00e4t opinnot<\/strong><strong>&nbsp;300 \u20ac<\/strong><\/p>\n\n\n\n<p><strong>Lis\u00e4maksut<\/strong>:<\/p>\n\n\n\n<p>Mik\u00e4li tanssin perusopintojen oppilaalla on&nbsp;<strong>kaksi p\u00e4\u00e4ainetta tanssissa eli sek\u00e4 nykytanssi ett\u00e4 baletti<\/strong>, maksaa h\u00e4n suuremman lukukausimaksun t\u00e4ysim\u00e4\u00e4r\u00e4isen\u00e4 ja toisesta puolet.<br>Muistutuslaskulis\u00e4 maksukehotuksesta 5 \u20ac<\/p>\n<\/div>\n<\/div>\n<\/div>\n\n\n\n<div class=\"wp-block-letm-blocks-accordion-single-row\">\n<div class=\"wp-block-columns accordion-head has-background is-layout-flex wp-container-core-columns-is-layout-9d6595d7 wp-block-columns-is-layout-flex\" style=\"background-color:#eddce4\">\n<div class=\"wp-block-column is-layout-flow wp-block-column-is-layout-flow\" style=\"flex-basis:50%\">\n<p class=\"heading-left\">Avoin konservatorio<\/p>\n<\/div>\n\n\n\n<div class=\"wp-block-column is-layout-flow wp-block-column-is-layout-flow\" style=\"flex-basis:50%\">\n<p class=\"heading-right\">Lukukausimaksut ja maksuehdot<\/p>\n<\/div>\n<\/div>\n\n\n\n<div class=\"wp-block-columns accordion-content is-layout-flex wp-container-core-columns-is-layout-9d6595d7 wp-block-columns-is-layout-flex\">\n<div class=\"wp-block-column is-layout-flow wp-block-column-is-layout-flow\" style=\"flex-basis:100%\">\n<p>Avoimessa konservatoriossa voidaan tehd\u00e4 kahdenlaisia opintoja: joko musiikin ja tanssin lyhytkursseja tai <strong>v\u00e4hint\u00e4\u00e4n<\/strong> lukukauden kest\u00e4vi\u00e4 musiikin ja tanssin opintoja.<\/p>\n\n\n\n<p><strong>Arvonlis\u00e4veron yleisen nousun my\u00f6t\u00e4 avoimen konservatorion oppilasmaksun arvonlis\u00e4vero nousee 24 % \u2192 25,5 %. T\u00e4m\u00e4 koskee tulevia oppilasmaksuja syksyst\u00e4 1.9.2024 alkaen.<\/strong><\/p>\n\n\n\n<p>Lyhytkurssien hinnat ovat merkitty erikseen kurssin tietoihin ja hakulomakkeen lis\u00e4tietoihin. Avoimen konservatorion opinnoissa maksuv\u00e4lineen\u00e4 k\u00e4y my\u00f6s Smartum liikunta \u2013 ja kulttuurisaldo.<\/p>\n\n\n\n<p><a href=\"https:\/\/kuopionkonservatorio.fi\/wp-content\/uploads\/Avoin_SmartumPay.pdf\" data-type=\"link\" data-id=\"https:\/\/kuopionkonservatorio.fi\/wp-content\/uploads\/Avoin_SmartumPay.pdf\">Lue t\u00e4\u00e4lt\u00e4 ohjeet Avoimen konservatorion opintojen maksamiseen SmartumPayll\u00e4.<\/a><\/p>\n\n\n\n<h5 class=\"wp-block-heading\" id=\"hakiessaan-oppilas-sitoutuu-vahintaan-lukukauden-kestavan-opetuksen-maksuun-seuraavasti\"><strong>Hakiessaan oppilas sitoutuu v\u00e4hint\u00e4\u00e4n lukukauden kest\u00e4v\u00e4n opetuksen maksuun seuraavasti*<\/strong><\/h5>\n\n\n\n<p>Oppilasmaksut 1.9.2024 alkaen:<\/p>\n\n\n\n<h5 class=\"wp-block-heading\" id=\"instrumenttiopetuksen-lukukausimaksut\"><strong>Instrumenttiopetuksen lukukausimaksut<\/strong><\/h5>\n\n\n\n<figure class=\"wp-block-table\"><table><tbody><tr><td>Minuuttim\u00e4\u00e4r\u00e4\/vko<\/td><td>\u20ac\/ lukukausi<\/td><td>Arvonlis\u00e4verollinen lukukausimaksu<\/td><\/tr><tr><td>20<\/td><td>320<\/td><td>401,60<\/td><\/tr><tr><td>30<\/td><td>475<\/td><td>596,12<\/td><\/tr><tr><td>45<\/td><td>710<\/td><td>891,05<\/td><\/tr><\/tbody><\/table><\/figure>\n\n\n\n<h5 class=\"wp-block-heading\" id=\"soitinryhmat-ja-muu-ryhmaopetus\"><strong>Soitinryhm\u00e4t ja muu ryhm\u00e4opetus<\/strong><\/h5>\n\n\n\n<figure class=\"wp-block-table\"><table><tbody><tr><td>Opetuskerrat\/vko<\/td><td>\u20ac\/ lukukausi<\/td><td>Arvonlis\u00e4verollinen lukukausimaksu<\/td><\/tr><tr><td>1<\/td><td>130<\/td><td>163,15<\/td><\/tr><\/tbody><\/table><\/figure>\n\n\n\n<h5 class=\"wp-block-heading\" id=\"tanssin-lukukausimaksut\"><strong>Tanssin lukukausimaksut<\/strong><\/h5>\n\n\n\n<figure class=\"wp-block-table\"><table><tbody><tr><td>&nbsp;Minuuttim\u00e4\u00e4r\u00e4\/vko<\/td><td>\u20ac\/ lukukausi<\/td><td>Arvonlis\u00e4verollinen lukukausimaksu<\/td><\/tr><tr><td>1x 60min\/vko<\/td><td>130<\/td><td>163,15<\/td><\/tr><tr><td>1x 75min\/vko<\/td><td>140<\/td><td>175,70<\/td><\/tr><tr><td>1x 90 min\/vko<\/td><td>165<\/td><td>207,08<\/td><\/tr><tr><td>2x 90 min\/vko<\/td><td>325<\/td><td>407,88<\/td><\/tr><\/tbody><\/table><\/figure>\n\n\n\n<p>*Oppilas sitoutuu hakiessaan maksamaan koko lukuvuoden maksun. Kuitenkin kev\u00e4tlukukauden oppilaspaikan voi perua maksutta aina vuosittain 15.11. menness\u00e4, muussa tapauksessa opintojen jatkaminen ja lukukausimaksuun sitoutuminen my\u00f6s kev\u00e4tlukukaudelle tapahtuu aina automaattisesti oppilaaksi hakeutumisen tai vuosittaisen jatkoilmoittautumisen my\u00f6t\u00e4. Avoimen konservatorion oppilaille ei my\u00f6nnet\u00e4 lukukausimaksuhuojennuksia.<\/p>\n\n\n\n<p>Omakustanteiseen opetukseen ei voida k\u00e4ytt\u00e4\u00e4 valtionosuuksia, joten Avoimen konservatorion opetuksen lukukausimaksut ovat varsinaista musiikin ja tanssin perusopetusta suuremmat. Instrumenttiopetus etenee oppilaalle teht\u00e4v\u00e4n henkil\u00f6kohtaisen opetussuunnitelman (HOPS) mukaan ja lukukausimaksu m\u00e4\u00e4r\u00e4ytyy opetuksen minuuttim\u00e4\u00e4r\u00e4n mukaan.<\/p>\n\n\n\n<p><\/p>\n<\/div>\n<\/div>\n<\/div>\n\n      <\/div>\n\n    \n\n\n<h4 class=\"wp-block-heading\" id=\"laskutus\">Laskutus<\/h4>\n\n\n\n<p>Syyslukukausi laskutetaan syys-lokakuussa ja kev\u00e4tlukukausi tammi-helmikuussa.<\/p>\n\n\n\n<h4 class=\"wp-block-heading\" id=\"maksaminen\">Maksaminen<\/h4>\n\n\n\n<p>Maksut tulee suorittaa er\u00e4p\u00e4iv\u00e4\u00e4n menness\u00e4. Maksuj\u00e4rjestelyist\u00e4 voi sopia kirjanpit\u00e4j\u00e4n kanssa. Mik\u00e4li syyslukukauden maksua ei ole maksettu lukukauden loppuun menness\u00e4, aiheuttaa se opintojen p\u00e4\u00e4ttymisen vuodenvaihteessa. Mik\u00e4li kev\u00e4tlukukauden maksua ei ole maksettu lukukauden loppuun menness\u00e4, aiheuttaa se opintojen p\u00e4\u00e4ttymisen toukokuun loppuun.<\/p>\n\n\n\n<h4 class=\"wp-block-heading\" id=\"kuopion-konservatorion-taiteen-perusopetuksen-lukukausimaksu-ja-oppilaspaikan-peruutusehdot\">Kuopion konservatorion taiteen perusopetuksen lukukausimaksu- ja oppilaspaikan peruutusehdot<\/h4>\n\n\n\n<ol class=\"wp-block-list\">\n<li>Oppilas sitoutuu hakiessaan\/ilmoittautuessaan opintoihin koko lukuvuoden ajaksi. Oppilaspaikasta maksettava maksu laskutetaan lukukausittain. Syyslukukausi laskutetaan syys-lokakuussa ja kev\u00e4tlukukausi tammi-helmikuussa.<\/li>\n\n\n\n<li>Syyslukukauden oppilaspaikan voi perua maksutta s\u00e4hk\u00f6isell\u00e4 ilmoituksella ennen ensimm\u00e4isen opetusviikon alkua. Kev\u00e4tlukukauden osalta oppilaspaikka tulee perua 15.11. menness\u00e4.<\/li>\n\n\n\n<li>Opetuksen alkamisen j\u00e4lkeen oppilas maksaa lukukausimaksun kokonaan, my\u00f6s silloin kun h\u00e4n j\u00e4tt\u00e4\u00e4 tulematta opetukseen tai keskeytt\u00e4\u00e4 sen.<\/li>\n\n\n\n<li>Mik\u00e4li oppilas joutuu terveydellisist\u00e4 syist\u00e4 (l\u00e4\u00e4k\u00e4rintodistuksella) tai el\u00e4m\u00e4ntilanteen \u00e4killisest\u00e4 muutoksesta johtuen, perumaan oppilaspaikkansa kesken lukukauden, voidaan lukukausimaksua tilanteen mukaan alentaa niin, ett\u00e4 maksettavaksi j\u00e4\u00e4 vain ennen perumista pidetyt oppitunnit tai lukukausimaksusta perit\u00e4\u00e4n vain puolet. T\u00e4st\u00e4 j\u00e4rjestelyst\u00e4 sovitaan tapauskohtaisesti.<\/li>\n\n\n\n<li>Opetus ei voi jatkua mik\u00e4li edellisen lukukauden lukukausimaksu on maksamatta.<\/li>\n<\/ol>\n\n\n\n<h4 class=\"wp-block-heading\" id=\"lukukausimaksujen-huojennukset-taiteen-perusopetuksessa\">Lukukausimaksujen huojennukset taiteen perusopetuksessa<\/h4>\n\n\n\n<p>Lukukausimaksuista voidaan hakemuksesta my\u00f6nt\u00e4\u00e4 huojennusta taloudellisin perustein. Huojennusta ei voi hakea avoimen konservatorion opintoihin. Huojennukset my\u00f6nnet\u00e4\u00e4n <strong>koko lukuvuodeksi<\/strong> (sek\u00e4 syys- ett\u00e4 kev\u00e4tlukukausi). <strong>Huojennushakemus tulee toimittaa Kuopion konservatorion hallintop\u00e4\u00e4llik\u00f6lle vuosittain elokuun viimeiseen p\u00e4iv\u00e4\u00e4n menness\u00e4.<\/strong><\/p>\n\n\n\n<p>Kev\u00e4tlukukaudella (tammikuun puoliv\u00e4liss\u00e4) k\u00e4sitell\u00e4\u00e4n sellaisten oppilaiden huojennushakemukset, jotka ovat aloittaneet opetuksen kesken lukuvuoden. Tammikuun alussa huojennusta voi hakea my\u00f6s, mik\u00e4li huoltajien taloudellinen tilanne on selke\u00e4sti heikentynyt edelliseen syksyyn verrattuna.<\/p>\n\n\n\n<p><a href=\"https:\/\/kuopionkonservatorio.fi\/wp-content\/uploads\/Lukukausimaksujen-huojennushakemus.pdf\">Hakemus lukukausimaksujen huojennukseksi (pdf)<\/a><\/p>\n\n\n\n<p>Huojennushakemukset k\u00e4sittelee Kuopion konservatorion hallintop\u00e4\u00e4llikk\u00f6, jolta saa asiasta tarkempia tietoja (puh. 050 5912730, jussi.luomanen@kuopionkonservatorio.fi)<\/p>\n\n\n\n<h4 class=\"wp-block-heading\" id=\"kotikuntaosuudet-taiteen-perusopetuksessa\">Kotikuntaosuudet taiteen perusopetuksessa<\/h4>\n\n\n\n<p>Oppilaspaikan edellytyksen\u00e4 on oppilaan kotikunnan ja konservatorion v\u00e4linen kuntaosuus-sopimus. Kunnat p\u00e4\u00e4tt\u00e4v\u00e4t kuntaosuuksista vuosittain ja kunnan negatiivisella kuntaosuus-p\u00e4\u00e4t\u00f6ksell\u00e4 voi olla kielteisi\u00e4 vaikutuksia kyseisen kunnan oppilaspaikkoihin. (Yksitt\u00e4isill\u00e4 oppilailla ei ole mahdollisuuksia vaikuttaa kuntaosuuksiin, vaan ne ovat aina kuntien p\u00e4\u00e4t\u00f6ksi\u00e4.)<\/p>\n<\/div>\n<\/div>\n","protected":false},"excerpt":{"rendered":"<p>Lukukausimaksut T\u00e4lt\u00e4 sivulta l\u00f6yd\u00e4t tiedon Kuopion konservatorion lukukausimaksuista, oppilaspaikan peruuttamisehdoista sek\u00e4 lukukausimaksujen huojennuksista. Laskutus Syyslukukausi laskutetaan syys-lokakuussa ja kev\u00e4tlukukausi tammi-helmikuussa. Maksaminen Maksut tulee suorittaa er\u00e4p\u00e4iv\u00e4\u00e4n menness\u00e4. Maksuj\u00e4rjestelyist\u00e4 voi sopia kirjanpit\u00e4j\u00e4n kanssa. Mik\u00e4li syyslukukauden maksua ei ole maksettu lukukauden loppuun menness\u00e4, aiheuttaa se opintojen p\u00e4\u00e4ttymisen vuodenvaihteessa. Mik\u00e4li kev\u00e4tlukukauden maksua ei ole maksettu lukukauden loppuun menness\u00e4, aiheuttaa [&hellip;]<\/p>\n","protected":false},"author":9,"featured_media":0,"parent":1086,"menu_order":0,"comment_status":"closed","ping_status":"closed","template":"","meta":{"inline_featured_image":false,"footnotes":""},"oppiaine":[],"class_list":["post-1018","page","type-page","status-publish","hentry"],"_links":{"self":[{"href":"https:\/\/kuopionkonservatorio.fi\/fi\/wp-json\/wp\/v2\/pages\/1018","targetHints":{"allow":["GET"]}}],"collection":[{"href":"https:\/\/kuopionkonservatorio.fi\/fi\/wp-json\/wp\/v2\/pages"}],"about":[{"href":"https:\/\/kuopionkonservatorio.fi\/fi\/wp-json\/wp\/v2\/types\/page"}],"author":[{"embeddable":true,"href":"https:\/\/kuopionkonservatorio.fi\/fi\/wp-json\/wp\/v2\/users\/9"}],"replies":[{"embeddable":true,"href":"https:\/\/kuopionkonservatorio.fi\/fi\/wp-json\/wp\/v2\/comments?post=1018"}],"version-history":[{"count":0,"href":"https:\/\/kuopionkonservatorio.fi\/fi\/wp-json\/wp\/v2\/pages\/1018\/revisions"}],"up":[{"embeddable":true,"href":"https:\/\/kuopionkonservatorio.fi\/fi\/wp-json\/wp\/v2\/pages\/1086"}],"wp:attachment":[{"href":"https:\/\/kuopionkonservatorio.fi\/fi\/wp-json\/wp\/v2\/media?parent=1018"}],"wp:term":[{"taxonomy":"oppiaine","embeddable":true,"href":"https:\/\/kuopionkonservatorio.fi\/fi\/wp-json\/wp\/v2\/oppiaine?post=1018"}],"curies":[{"name":"wp","href":"https:\/\/api.w.org\/{rel}","templated":true}]}}