{"id":10039,"date":"2024-11-29T09:22:41","date_gmt":"2024-11-29T07:22:41","guid":{"rendered":"https:\/\/kuopionkonservatorio.fi\/?page_id=10039"},"modified":"2026-04-09T16:06:16","modified_gmt":"2026-04-09T13:06:16","slug":"hehkuu","status":"publish","type":"page","link":"https:\/\/kuopionkonservatorio.fi\/fi\/hehkuu\/","title":{"rendered":"Hehkuu! -festivaali"},"content":{"rendered":"\n<div class=\"wp-block-columns alignwide is-layout-flex wp-container-core-columns-is-layout-9d6595d7 wp-block-columns-is-layout-flex\">\n<div class=\"wp-block-column is-layout-flow wp-block-column-is-layout-flow\" style=\"flex-basis:33.33%\">\n<h2 class=\"wp-block-heading\">Hehkuu! -festivaali<\/h2>\n<\/div>\n\n\n\n<div class=\"wp-block-column is-layout-flow wp-block-column-is-layout-flow\" style=\"flex-basis:66.66%\">\n<h2 class=\"wp-block-heading has-ingressi-font-size\">Hehkuu! kasvaa kev\u00e4\u00e4ll\u00e4 &#8211; klassisen musiikin festivaalilla 15 konserttia<\/h2>\n\n\n\n<p>Kuopion konservatorio j\u00e4rjest\u00e4\u00e4 ammatillisen koulutuksen klassisen musiikin Hehkuu! -festivaalin 17.4.\u201325.5.2026. Opiskelijoiden n\u00e4ytt\u00f6konserteista koostuva festivaali j\u00e4rjestet\u00e4\u00e4n p\u00e4\u00e4osin Kuopion Musiikkikeskuksen Kamarimusiikkisalissa.&nbsp;<\/p>\n\n\n\n<p>T\u00e4m\u00e4n kev\u00e4\u00e4n festivaali on aiempaa laajempi. Ohjelmassa on noin 15 konserttia.&nbsp;Festivaalin konserteissa kuullaan piano-, huilu-, nokkahuilu-, kitara-, trumpetti-, laulu- ja sellomusiikkia soolona ja kamarimusiikkina. Ohjelmisto ulottuu varhaisbarokista nykymusiikkiin.&nbsp;Tarkempi ohjelma julkaistaan t\u00e4ll\u00e4 sivulla.<\/p>\n\n\n\n<p>Hehkuu! -festivaali toimii samalla n\u00e4yteikkunana ammatilliseen koulutukseen, ja konsertit ovat osa opiskelijoiden opintoihin kuuluvia n\u00e4ytt\u00f6j\u00e4.&nbsp;<\/p>\n\n\n\n<p>\u2013 Opettajan n\u00e4k\u00f6kulmasta on ollut hienoa seurata l\u00e4helt\u00e4, kuinka kahden\u2013kolmen vuoden aikana tapahtuu suuria harppauksia. Kun opiskelija saa keskitty\u00e4 musiikkiin ammattimaisesti, kehitys voi olla merkitt\u00e4v\u00e4\u00e4 ja johtaa hyvinkin henkil\u00f6kohtaisiin ja merkityksellisiin polkuihin, sanoo <strong>Markku Laakso<\/strong>, ammatillisen koulutuksen opettaja Kuopion konservatoriosta.&nbsp;<\/p>\n\n\n\n<p>Kaikkiin festivaalin konsertteihin on vapaa p\u00e4\u00e4sy!<\/p>\n\n\n\n<h2 class=\"wp-block-heading has-ingressi-font-size\">Ohjelma<\/h2>\n\n\n\n<p><em>(Muutokset ja t\u00e4ydennykset mahdollisia)<\/em>&nbsp;<\/p>\n\n\n\n<p><strong>Pe 17.4.2026 klo 14<\/strong>, <strong>Kuopion Musiikkikeskuksen\u00a0Kamarimusiikkisali, 2.krs<\/strong>\u00a0<br>R\u00e4hin\u00e4barokki\u00a0<br>Johanna\u00a0Ruoho,\u00a0barokkitrumpetti\u00a0<\/p>\n\n\n\n<p><strong>22.4. klo\u00a011.30<\/strong>, <strong>Kuopion Musiikkikeskuksen Kamarimusiikkisali, 2.krs<\/strong>\u00a0<br>Mimmi Paasisalo, klarinetti\u00a0Hilda Kukkonen, alttoviulu\u00a0<br>Riku H\u00e4nninen, piano\u00a0<br>Mozart\u00a0<\/p>\n\n\n\n<p><strong>28.4.\u00a0Kuopion Musiikkikeskuksen Kamarimusiikkisali, 2.krs<\/strong>\u00a0<br>Kalle Pohjola, piano\u00a0<\/p>\n\n\n\n<p><strong>5.5.<\/strong> <strong>Kuopion Musiikkikeskuksen Kamarimusiikkisali, 2.krs<\/strong>\u00a0<br>Laulajien konsertti, mm:\u00a0<br>Kaisa Hiltunen, sopraano\u00a0<br>Tessa\u00a0Zauns, sopraano\u00a0<br>Venla\u00a0Ingalsuo, sopraano \u00a0<\/p>\n\n\n\n<p><strong>6.5.<\/strong>\u00a0<strong>Kuopion Musiikkikeskuksen Kamarimusiikkisali, 2.krs<\/strong>\u00a0<br>Oona\u00a0Kangas, piano\u00a0<br>Mozart\u00a0\u2013\u00a0Debussy\u00a0&#8211;\u00a0Alb\u00e9niz\u00a0&#8211;\u00a0\u00a0Merikanto\u00a0<\/p>\n\n\n\n<p><strong>6.5.<\/strong>\u00a0<strong>Kuopion Musiikkikeskuksen Kamarimusiikkisali, 2.krs<\/strong>\u00a0<br>Maksim Ponomarev, huilu\u00a0<\/p>\n\n\n\n<p><strong>11.5.<\/strong>\u00a0<strong>Kuopion\u00a0Musiikkikeskuksen\u00a0Kamarimusiikkisali,\u00a02.krs<\/strong>\u00a0<br>Johanna Ruoho, trumpetti\u00a0<\/p>\n\n\n\n<p><strong>11.5.<\/strong>\u00a0<strong>Paikka ilmoitetaan my\u00f6hemmin<\/strong>\u00a0<br>Helena\u00a0Manninen,\u00a0nokkahuilu\u00a0<br>Elina\u00a0Dunder, nokkahuilu ja cembalo\u00a0<br>Van der Eyck \u2013 Martinu \u2013 Telemann\u00a0<\/p>\n\n\n\n<p><strong>12.5.\u00a0<\/strong>\u00a0<strong>Kuopion Musiikkikeskuksen Kamarimusiikkisali, 2.krs<\/strong>\u00a0<br>Kreeta Lappalainen, piano\u00a0<br>Szymanowska\u00a0&#8211;\u00a0Jan\u00e1\u010dek\u00a0&#8211;\u00a0Larikka\u00a0&#8211; Kaski\u00a0<\/p>\n\n\n\n<p><strong>13.5.\u00a0Kuopion Musiikkikeskuksen Kamarimusiikkisali, 2.krs<\/strong>\u00a0<br>S\u00e4de Nyk\u00e4nen, piano\u00a0<\/p>\n\n\n\n<p><strong>20.5.<\/strong> <strong>Kuopion Musiikkikeskuksen Kamarimusiikkisali, 2.krs<\/strong>\u00a0<br>Aaron\u202fKarpansalo,\u202fsello\u202f\u00a0<br>Saint-Sa\u00ebns\u00a0&#8211;\u00a0Breval\u202f-Shostakovich\u202f\u00a0<\/p>\n\n\n\n<p><strong>25.5. klo\u00a014<\/strong>\u00a0, <strong>Kuopion Musiikkikeskuksen Kamarimusiikkisali, 2.krs<\/strong>\u00a0<br>Santeri Piipponen, kitara\u00a0<br>Domeniconi\u00a0<\/p>\n\n\n\n<p><strong>Lis\u00e4ksi\u00a0tulossa:<\/strong>\u00a0<br>Outi Markkula, sello\u00a0<br>kansanmusiikkia\u00a0ja klassista\u00a0<\/p>\n\n\n\n<p>Milja Ketolainen, viulu\u00a0<br>Bruch, Mendelssohn\u00a0<\/p>\n\n\n\n<h3 class=\"wp-block-heading has-ingressi-font-size\">Lis\u00e4tietoja<\/h3>\n\n\n\n<p>Hehkuu! -festivaali tuo esiin Kuopion konservatorion ammatillisen koulutuksen sis\u00e4lt\u00f6\u00e4 ja tasoa. Festivaalin konsertit ovat osa opintoihin kuuluvia n\u00e4ytt\u00f6j\u00e4, joissa opiskelijat esiintyv\u00e4t yleis\u00f6lle.&nbsp;<\/p>\n\n\n\n<p>Ammatillinen koulutus klassisen musiikin alalla tarjoaa mahdollisuuden keskitty\u00e4 musiikkiin tavoitteellisesti my\u00f6s silloin, kun oma suunta on viel\u00e4 hahmottumassa. Opinnot antavat valmiuksia jatko-opintoihin ja muusikon ty\u00f6h\u00f6n.&nbsp;<\/p>\n\n\n\n<p>Opintoihin hakeutuu my\u00f6s jo alalla toimivia muusikoita t\u00e4ydent\u00e4m\u00e4\u00e4n osaamistaan. T\u00e4m\u00e4 n\u00e4kyy festivaalilla: osa konserteista on heid\u00e4n n\u00e4ytt\u00f6j\u00e4\u00e4n.&nbsp;<\/p>\n\n\n\n<div class=\"wp-block-columns is-layout-flex wp-container-core-columns-is-layout-9d6595d7 wp-block-columns-is-layout-flex\">\n<div class=\"wp-block-column is-layout-flow wp-block-column-is-layout-flow\" style=\"flex-basis:50%\"><\/div>\n\n\n\n<div class=\"wp-block-column is-layout-flow wp-block-column-is-layout-flow\" style=\"flex-basis:50%\"><\/div>\n<\/div>\n<\/div>\n<\/div>\n","protected":false},"excerpt":{"rendered":"<p>Hehkuu! -festivaali Hehkuu! kasvaa kev\u00e4\u00e4ll\u00e4 &#8211; klassisen musiikin festivaalilla 15 konserttia Kuopion konservatorio j\u00e4rjest\u00e4\u00e4 ammatillisen koulutuksen klassisen musiikin Hehkuu! -festivaalin 17.4.\u201325.5.2026. Opiskelijoiden n\u00e4ytt\u00f6konserteista koostuva festivaali j\u00e4rjestet\u00e4\u00e4n p\u00e4\u00e4osin Kuopion Musiikkikeskuksen Kamarimusiikkisalissa.&nbsp; T\u00e4m\u00e4n kev\u00e4\u00e4n festivaali on aiempaa laajempi. Ohjelmassa on noin 15 konserttia.&nbsp;Festivaalin konserteissa kuullaan piano-, huilu-, nokkahuilu-, kitara-, trumpetti-, laulu- ja sellomusiikkia soolona ja kamarimusiikkina. Ohjelmisto [&hellip;]<\/p>\n","protected":false},"author":7,"featured_media":0,"parent":0,"menu_order":0,"comment_status":"closed","ping_status":"closed","template":"","meta":{"inline_featured_image":false,"footnotes":""},"oppiaine":[],"class_list":["post-10039","page","type-page","status-publish","hentry"],"_links":{"self":[{"href":"https:\/\/kuopionkonservatorio.fi\/fi\/wp-json\/wp\/v2\/pages\/10039","targetHints":{"allow":["GET"]}}],"collection":[{"href":"https:\/\/kuopionkonservatorio.fi\/fi\/wp-json\/wp\/v2\/pages"}],"about":[{"href":"https:\/\/kuopionkonservatorio.fi\/fi\/wp-json\/wp\/v2\/types\/page"}],"author":[{"embeddable":true,"href":"https:\/\/kuopionkonservatorio.fi\/fi\/wp-json\/wp\/v2\/users\/7"}],"replies":[{"embeddable":true,"href":"https:\/\/kuopionkonservatorio.fi\/fi\/wp-json\/wp\/v2\/comments?post=10039"}],"version-history":[{"count":0,"href":"https:\/\/kuopionkonservatorio.fi\/fi\/wp-json\/wp\/v2\/pages\/10039\/revisions"}],"wp:attachment":[{"href":"https:\/\/kuopionkonservatorio.fi\/fi\/wp-json\/wp\/v2\/media?parent=10039"}],"wp:term":[{"taxonomy":"oppiaine","embeddable":true,"href":"https:\/\/kuopionkonservatorio.fi\/fi\/wp-json\/wp\/v2\/oppiaine?post=10039"}],"curies":[{"name":"wp","href":"https:\/\/api.w.org\/{rel}","templated":true}]}}