{"id":1000,"date":"2022-02-15T15:12:12","date_gmt":"2022-02-15T13:12:12","guid":{"rendered":"https:\/\/kuopionkonservatorio.letm.com\/?page_id=1000"},"modified":"2023-05-04T12:33:15","modified_gmt":"2023-05-04T09:33:15","slug":"nuorisoittaa","status":"publish","type":"page","link":"https:\/\/kuopionkonservatorio.fi\/fi\/nuorisoittaa\/","title":{"rendered":"Nuori Soittaa!"},"content":{"rendered":"\n<div class=\"wp-block-columns alignwide is-layout-flex wp-container-core-columns-is-layout-9d6595d7 wp-block-columns-is-layout-flex\">\n<div class=\"wp-block-column is-layout-flow wp-block-column-is-layout-flow\" style=\"flex-basis:33.33%\">\n<h2 class=\"wp-block-heading\" id=\"nuori-soittaa\">Nuori Soittaa!<\/h2>\n<\/div>\n\n\n\n<div class=\"wp-block-column is-layout-flow wp-block-column-is-layout-flow\" style=\"flex-basis:66.66%\">\n<p class=\"has-ingressi-font-size\">Valtakunnallisesti merkitt\u00e4v\u00e4 ja perinteik\u00e4s Nuori Soittaa! -musiikkitapahtuma kokoaa nuoret muusikot eri puolilta Suomea Kuopion Musiikkikeskukselle. Kyseess\u00e4 ei ole musiikkikilpailu vaan -katselmus, jossa harrastajat musisoivat yhdess\u00e4 saman katon alla.<\/p>\n\n\n\n<p>Musiikkikeskuksen tuhatpaikkaisen Konserttisalin suurella lavalla on n\u00e4hty muun muassa sinfoniaorkestereita, big bandeja, puhallinorkestereita ja kansanmusiikkiyhtyeit\u00e4. Kamarimusiikkisalissa puolestaan ovat esiintyneet pienyhtyeet duoista yl\u00f6sp\u00e4in. Tapahtumaa on perinteisesti j\u00e4rjestetty Kuopiossa kolmen vuoden v\u00e4lein, mutta koronaepidemian my\u00f6t\u00e4 p\u00e4\u00e4dyttiin livetapahtuman sijasta j\u00e4rjest\u00e4m\u00e4\u00e4n <strong>4.11.2020 valtakunnallinen Nuori Soittaa! -p\u00e4iv\u00e4<\/strong>, jota vietettiin musiikkioppilaitoksissa erilaisin tavoin.<\/p>\n\n\n\n<p><strong>P\u00e4ivit\u00e4mme seuraavasta Nuori Soittaa! -tapahtumasta tietoa t\u00e4lle sivustolle.<\/strong><\/p>\n\n\n\n<p>Tapahtuman j\u00e4rjest\u00e4\u00e4 Suomen musiikkioppilaitosten liitto (SML) yhteisty\u00f6ss\u00e4 Kuopion konservatorion, Savonia-ammattikorkeakoulun ja Sibelius-Akatemian kanssa.<br><a rel=\"noreferrer noopener\" href=\"https:\/\/l.facebook.com\/l.php?u=http%3A%2F%2Fwww.musicedu.fi%2F%3Ffbclid%3DIwAR0bkwGuUuFBl7E241qyWZxpfsgTAwjc6mL90Ez54Ju-WNttBu8ZAs2CXes&amp;h=AT0AzsL0UusG9GksRBbJyrs1dgWml9ghJ6Gv52txjIySv-0yHhC20mpWspwwRe0c6b7CBm9xbz9ne73kX8Yp0qrcPge5z_g4dSfzIuVJ9HdCp_48PiMFFA_F-UL5phKoPWwa\" target=\"_blank\">www.musicedu.fi<\/a><\/p>\n<\/div>\n<\/div>\n","protected":false},"excerpt":{"rendered":"<p>Nuori Soittaa! Valtakunnallisesti merkitt\u00e4v\u00e4 ja perinteik\u00e4s Nuori Soittaa! -musiikkitapahtuma kokoaa nuoret muusikot eri puolilta Suomea Kuopion Musiikkikeskukselle. Kyseess\u00e4 ei ole musiikkikilpailu vaan -katselmus, jossa harrastajat musisoivat yhdess\u00e4 saman katon alla. Musiikkikeskuksen tuhatpaikkaisen Konserttisalin suurella lavalla on n\u00e4hty muun muassa sinfoniaorkestereita, big bandeja, puhallinorkestereita ja kansanmusiikkiyhtyeit\u00e4. Kamarimusiikkisalissa puolestaan ovat esiintyneet pienyhtyeet duoista yl\u00f6sp\u00e4in. Tapahtumaa on perinteisesti [&hellip;]<\/p>\n","protected":false},"author":9,"featured_media":0,"parent":0,"menu_order":5,"comment_status":"closed","ping_status":"closed","template":"","meta":{"inline_featured_image":false,"footnotes":""},"oppiaine":[],"class_list":["post-1000","page","type-page","status-publish","hentry"],"_links":{"self":[{"href":"https:\/\/kuopionkonservatorio.fi\/fi\/wp-json\/wp\/v2\/pages\/1000","targetHints":{"allow":["GET"]}}],"collection":[{"href":"https:\/\/kuopionkonservatorio.fi\/fi\/wp-json\/wp\/v2\/pages"}],"about":[{"href":"https:\/\/kuopionkonservatorio.fi\/fi\/wp-json\/wp\/v2\/types\/page"}],"author":[{"embeddable":true,"href":"https:\/\/kuopionkonservatorio.fi\/fi\/wp-json\/wp\/v2\/users\/9"}],"replies":[{"embeddable":true,"href":"https:\/\/kuopionkonservatorio.fi\/fi\/wp-json\/wp\/v2\/comments?post=1000"}],"version-history":[{"count":0,"href":"https:\/\/kuopionkonservatorio.fi\/fi\/wp-json\/wp\/v2\/pages\/1000\/revisions"}],"wp:attachment":[{"href":"https:\/\/kuopionkonservatorio.fi\/fi\/wp-json\/wp\/v2\/media?parent=1000"}],"wp:term":[{"taxonomy":"oppiaine","embeddable":true,"href":"https:\/\/kuopionkonservatorio.fi\/fi\/wp-json\/wp\/v2\/oppiaine?post=1000"}],"curies":[{"name":"wp","href":"https:\/\/api.w.org\/{rel}","templated":true}]}}