{"id":2758,"date":"2022-02-21T10:38:26","date_gmt":"2022-02-21T08:38:26","guid":{"rendered":"https:\/\/kuopionkonservatorio.fi\/?page_id=2758"},"modified":"2025-08-08T10:14:46","modified_gmt":"2025-08-08T07:14:46","slug":"school-year","status":"publish","type":"page","link":"https:\/\/kuopionkonservatorio.fi\/en\/kuopio-conservatory\/school-year\/","title":{"rendered":"School year"},"content":{"rendered":"\n<div class=\"wp-block-columns alignwide is-layout-flex wp-container-core-columns-is-layout-9d6595d7 wp-block-columns-is-layout-flex\">\n<div class=\"wp-block-column is-layout-flow wp-block-column-is-layout-flow\" style=\"flex-basis:33.33%\">\n<h2 class=\"wp-block-heading\" id=\"lukuvuosi\">School year<\/h2>\n\n\n<ul class=\"relatives\"><li class=\"page_item page-item-2748\"><a href=\"https:\/\/kuopionkonservatorio.fi\/en\/kuopio-conservatory\/tuition-fees\/\">Tuition fees<\/a><\/li>\n<\/ul>\n<\/div>\n\n\n\n<div class=\"wp-block-column is-layout-flow wp-block-column-is-layout-flow\" style=\"flex-basis:66.66%\">\n<p class=\"has-ingressi-font-size\">When do we start? When is the holiday season? Here are the most important dates during the school year.<\/p>\n\n\n\n<h4 class=\"wp-block-heading\" id=\"lukuvuoden-2021-22-yleinen-toiminta-aikataulu\">General schedule for studies in the school year 2025\u201326<\/h4>\n\n\n\n<p>11.8.2025 Autumn semester starts<\/p>\n\n\n\n<p>14.8.2025 Basic education level music studies starts<\/p>\n\n\n\n<p>Week 34 Music playschool and dance studies start<\/p>\n\n\n\n<p>Week 36 Preparatory studies of music and Open Conservatory studies start<\/p>\n\n\n\n<p>13.\u201317.10.2025 (week 42) Autumn break<\/p>\n\n\n\n<p>19.12.2025 Last day of the semester<\/p>\n\n\n\n<p><strong>7.1.2026 Spring semester starts<\/strong><\/p>\n\n\n\n<p>2.\u20136.3.2026 (week 10) Winter break<\/p>\n\n\n\n<p>3.\u20136.4.2026 Easter holiday<\/p>\n\n\n\n<p>1.5.2026 Labour Day<\/p>\n\n\n\n<p>14.5.2026 Ascension Day<\/p>\n\n\n\n<p>27.52026. Last day of spring semester<\/p>\n\n\n\n<p><strong>Teachers inform their groups about more specific schedules, end dates and events during the school year.<\/strong><\/p>\n\n\n\n<h4 class=\"wp-block-heading\" id=\"opintoalakohtaiset-lukuvuoden-aikataulut\">Specific schedules depending on the field of study<\/h4>\n\n\n\n      <div class=\"wp-block-letm-blocks-accordion\">\n        \n\n<div class=\"wp-block-letm-blocks-accordion-single-row\">\n<div class=\"wp-block-columns accordion-head has-background is-layout-flex wp-container-core-columns-is-layout-9d6595d7 wp-block-columns-is-layout-flex\" style=\"background-color:#eddce4\">\n<div class=\"wp-block-column is-layout-flow wp-block-column-is-layout-flow\" style=\"flex-basis:50%\">\n<p class=\"heading-left\">Children\u2019s dance, Preparatory study of dance, Ballet and contemporary dance<\/p>\n<\/div>\n\n\n\n<div class=\"wp-block-column is-layout-flow wp-block-column-is-layout-flow\" style=\"flex-basis:50%\">\n<p class=\"heading-right\">School year 2025\u20132026<\/p>\n<\/div>\n<\/div>\n\n\n\n<div class=\"wp-block-columns accordion-content is-layout-flex wp-container-core-columns-is-layout-9d6595d7 wp-block-columns-is-layout-flex\">\n<div class=\"wp-block-column is-layout-flow wp-block-column-is-layout-flow\" style=\"flex-basis:100%\">\n<h2 class=\"wp-block-heading has-ingressi-font-size\">Autumn semester 2025<\/h2>\n\n\n\n<p><strong>18.8., Mon, Dance studies start following the weekly schedule<\/strong><br><em>13.\u201317.10., Mon\u2013Fri, Autumn break, (week 42)<\/em><br>Early age rehealsal (Valohalli)<br>Christmas celebration for music play school and dance at Juankoski (Virastotalon sali)<br>Basic aducation in dnace: Omat tanssit -show (Valohalli)<br>Christmas celebration (early age in dance) (Valohalli)<br>Christmas celebration in Nilsi\u00e4 (Manttu)<br><strong>19.12., Fri, Last day of the autumn semester<\/strong><\/p>\n\n\n\n<h2 class=\"wp-block-heading has-ingressi-font-size\">Spring semester 2026<\/h2>\n\n\n\n<p><strong>7.1., Mon, <\/strong>Dance studies start<br><em>2.\u20136.3., Mon\u2013Fri, Winterbreak (week 10)<\/em><br><em>3.\u20136.4., Fri\u2013Mon, Easter Holiday<\/em><br><em>1.5., Thu, Labour Day<\/em><br>Spring show of basic studies in dance (Konserttisali)<br>Early age rehealsal (Valohalli)<br>Early age dancer&#8217;s spring show (Valohalli)<br>Wed, Perusopetuksen p\u00e4\u00e4t\u00f6sjuhla (Kaupungintalon juhlasali)<br><strong>27.5., Last day of the spring semester<\/strong><\/p>\n\n\n\n<p><strong>Teachers inform their groups about more specific schedules, end dates and events during the school year.&nbsp;&nbsp;<\/strong><\/p>\n<\/div>\n<\/div>\n<\/div>\n\n      <\/div>\n\n    <\/div>\n<\/div>\n","protected":false},"excerpt":{"rendered":"<p>School year When do we start? When is the holiday season? Here are the most important dates during the school year. General schedule for studies in the school year 2025\u201326 11.8.2025 Autumn semester starts 14.8.2025 Basic education level music studies starts Week 34 Music playschool and dance studies start Week 36 Preparatory studies of music [&hellip;]<\/p>\n","protected":false},"author":9,"featured_media":0,"parent":2512,"menu_order":0,"comment_status":"closed","ping_status":"closed","template":"","meta":{"inline_featured_image":false,"footnotes":""},"oppiaine":[],"class_list":["post-2758","page","type-page","status-publish","hentry"],"_links":{"self":[{"href":"https:\/\/kuopionkonservatorio.fi\/en\/wp-json\/wp\/v2\/pages\/2758","targetHints":{"allow":["GET"]}}],"collection":[{"href":"https:\/\/kuopionkonservatorio.fi\/en\/wp-json\/wp\/v2\/pages"}],"about":[{"href":"https:\/\/kuopionkonservatorio.fi\/en\/wp-json\/wp\/v2\/types\/page"}],"author":[{"embeddable":true,"href":"https:\/\/kuopionkonservatorio.fi\/en\/wp-json\/wp\/v2\/users\/9"}],"replies":[{"embeddable":true,"href":"https:\/\/kuopionkonservatorio.fi\/en\/wp-json\/wp\/v2\/comments?post=2758"}],"version-history":[{"count":0,"href":"https:\/\/kuopionkonservatorio.fi\/en\/wp-json\/wp\/v2\/pages\/2758\/revisions"}],"up":[{"embeddable":true,"href":"https:\/\/kuopionkonservatorio.fi\/en\/wp-json\/wp\/v2\/pages\/2512"}],"wp:attachment":[{"href":"https:\/\/kuopionkonservatorio.fi\/en\/wp-json\/wp\/v2\/media?parent=2758"}],"wp:term":[{"taxonomy":"oppiaine","embeddable":true,"href":"https:\/\/kuopionkonservatorio.fi\/en\/wp-json\/wp\/v2\/oppiaine?post=2758"}],"curies":[{"name":"wp","href":"https:\/\/api.w.org\/{rel}","templated":true}]}}