{"id":2720,"date":"2022-02-28T14:48:39","date_gmt":"2022-02-28T12:48:39","guid":{"rendered":"https:\/\/kuopionkonservatorio.fi\/?page_id=2720"},"modified":"2023-01-11T16:19:18","modified_gmt":"2023-01-11T14:19:18","slug":"international-activities","status":"publish","type":"page","link":"https:\/\/kuopionkonservatorio.fi\/en\/international-affairs\/international-activities\/","title":{"rendered":"International activities"},"content":{"rendered":"\n<div class=\"wp-block-columns alignwide is-layout-flex wp-container-core-columns-is-layout-9d6595d7 wp-block-columns-is-layout-flex\">\n<div class=\"wp-block-column is-layout-flow wp-block-column-is-layout-flow\" style=\"flex-basis:33.33%\">\n<h2 class=\"wp-block-heading\" id=\"kansainvalinen-toiminta\">International activities<\/h2>\n\n\n<ul class=\"relatives\"><li class=\"page_item page-item-2722\"><a href=\"https:\/\/kuopionkonservatorio.fi\/en\/international-affairs\/partners\/\">Partners<\/a><\/li>\n<li class=\"page_item page-item-2908\"><a href=\"https:\/\/kuopionkonservatorio.fi\/en\/international-affairs\/erasmus\/\">Erasmus+<\/a><\/li>\n<\/ul>\n<\/div>\n\n\n\n<div class=\"wp-block-column is-layout-flow wp-block-column-is-layout-flow\" style=\"flex-basis:66.66%\">\n<p class=\"has-ingressi-font-size\">Here are presented some of our most recent international projects.<\/p>\n\n\n\n<h5 class=\"wp-block-heading\">CURRENT: <a href=\"https:\/\/aliisa.savonia.fi\/\">All in \u2013 International Inclusive Society in Arts (ALIISA) 1.9.2020<\/a><a href=\"https:\/\/www.kuopionkonservatorio.fi\/ipae\/\">\u2013<\/a><a href=\"https:\/\/aliisa.savonia.fi\/\">31.8.2023<\/a><\/h5>\n\n\n\n<p>The project is coordinated by Savonia University of Applied Sciences. Partners include Kuopio Conservatory, Vilnius University \u0160iauliai Academy (Lithuania), Universit\u00e4t f\u00fcr Musik und Darstellende Kunst Wien (Austria) ja Ich bin O.K. Kultur- und Bildungsverein der Menschen mit und ohne Behinderung (Austria). The project aims at acknowledging the importance of arts in enhancing inclusion and social well-being, developing pedagogical skills in inclusive arts pedagogy and finding professionals for the field.&nbsp;<\/p>\n\n\n\n<h5 class=\"wp-block-heading\">Mobility partners<\/h5>\n\n\n\n<ul class=\"wp-block-list\">\n<li>Musikschule \u201dHeinrich Sch\u00fctz\u201d (Gera, Germany)<\/li>\n\n\n\n<li>Conservatori Elemental i Escola Municipal de M\u00fasica de Palma (Mallorca, Spain) <a href=\"http:\/\/www.conservatorimunicipaldepalma.es\/\">www.conservatorimunicipaldepalma.es<\/a>&nbsp;<\/li>\n\n\n\n<li>Creative professionals \u2013 professionals without borders, Nord Plus -project 2015 \u2013 16\n<ul class=\"wp-block-list\">\n<li>Cesis Music Secondary School named after Alfreds Kalnins (LV), coordinator<\/li>\n\n\n\n<li>Kuopio Conservatory, partner<\/li>\n<\/ul>\n<\/li>\n\n\n\n<li>Peer Review of the Conservatories Berne-Kuopio, Comenius 2015 \u2013 2017\n<ul class=\"wp-block-list\">\n<li>Musikschule Konservatorium Bern, Switzerland, coordinator<\/li>\n\n\n\n<li>Kuopio Conservatory, partner<\/li>\n<\/ul>\n<\/li>\n\n\n\n<li>Conservatorio profesional de Getafe (SPAIN) <a href=\"http:\/\/www.conservatoriogetafe.org\/\">http:\/\/www.conservatoriogetafe.org\/<\/a><\/li>\n<\/ul>\n\n\n\n<h5 class=\"wp-block-heading\"><br>Development projects<\/h5>\n\n\n\n<ul class=\"wp-block-list\">\n<li>Continuation of the previous: in 2020\u20132023, Erasmus+, All In \u2013 International Inclusive Society in Arts, ALIISA\n<ul class=\"wp-block-list\">\n<li>Savonia University of Applied Sciences coordinator<\/li>\n\n\n\n<li>Partners: Kuopio Conservatory; Siauliau University, Lithuania; Universitet f\u00fcr Musik und Darstellende Kust, Wien, Austria; Ich bin O.K. Kultur- und Bildungsverein der Menschen mit und ohne Behinderung, Wien, Austria<\/li>\n<\/ul>\n<\/li>\n\n\n\n<li>Inclusive Pedagogy in Arts \u2013 Europe (IPA-E), Erasmus + project in 2017 \u2013 2019\n<ul class=\"wp-block-list\">\n<li>Kuopio Conservatory, coordinator<\/li>\n\n\n\n<li>Partners: Savonia University of Applied Sciences; Siauliau University, Liettua; Siauliai 1st Music School, Lithuania; Universitet f\u00fcr Musik und Darstellende Kust, Wien, Austria; Kreismusikschule Vechta, Germany; University of Vechta, Germany<\/li>\n<\/ul>\n<\/li>\n\n\n\n<li>Dar al-Kalima University College of Arts &amp; Culture (Bethlehem, Israel\/Palestine), in 2014\n<ul class=\"wp-block-list\">\n<li>Finnish Foreign Ministry as the financier, Kuopio Conservatory as a specialist partner<\/li>\n<\/ul>\n<\/li>\n\n\n\n<li>YHDESS\u00c4 (together) concert tour, in 2017:\n<ul class=\"wp-block-list\">\n<li>Bern Conservatory (Switzerland) formed a symphony orchestra together with students from Kuopio Conservatory and Savonia University of Applied Sciences. Concert tours took place in Finland and Switzerland with Rauno Tikkanen and Droujelub Yanakiev as conductors.<\/li>\n<\/ul>\n<\/li>\n<\/ul>\n\n\n\n<p><\/p>\n<\/div>\n<\/div>\n","protected":false},"excerpt":{"rendered":"<p>International activities Here are presented some of our most recent international projects. CURRENT: All in \u2013 International Inclusive Society in Arts (ALIISA) 1.9.2020\u201331.8.2023 The project is coordinated by Savonia University of Applied Sciences. Partners include Kuopio Conservatory, Vilnius University \u0160iauliai Academy (Lithuania), Universit\u00e4t f\u00fcr Musik und Darstellende Kunst Wien (Austria) ja Ich bin O.K. Kultur- [&hellip;]<\/p>\n","protected":false},"author":9,"featured_media":0,"parent":2519,"menu_order":0,"comment_status":"closed","ping_status":"closed","template":"","meta":{"inline_featured_image":false,"footnotes":""},"oppiaine":[],"class_list":["post-2720","page","type-page","status-publish","hentry"],"_links":{"self":[{"href":"https:\/\/kuopionkonservatorio.fi\/en\/wp-json\/wp\/v2\/pages\/2720","targetHints":{"allow":["GET"]}}],"collection":[{"href":"https:\/\/kuopionkonservatorio.fi\/en\/wp-json\/wp\/v2\/pages"}],"about":[{"href":"https:\/\/kuopionkonservatorio.fi\/en\/wp-json\/wp\/v2\/types\/page"}],"author":[{"embeddable":true,"href":"https:\/\/kuopionkonservatorio.fi\/en\/wp-json\/wp\/v2\/users\/9"}],"replies":[{"embeddable":true,"href":"https:\/\/kuopionkonservatorio.fi\/en\/wp-json\/wp\/v2\/comments?post=2720"}],"version-history":[{"count":0,"href":"https:\/\/kuopionkonservatorio.fi\/en\/wp-json\/wp\/v2\/pages\/2720\/revisions"}],"up":[{"embeddable":true,"href":"https:\/\/kuopionkonservatorio.fi\/en\/wp-json\/wp\/v2\/pages\/2519"}],"wp:attachment":[{"href":"https:\/\/kuopionkonservatorio.fi\/en\/wp-json\/wp\/v2\/media?parent=2720"}],"wp:term":[{"taxonomy":"oppiaine","embeddable":true,"href":"https:\/\/kuopionkonservatorio.fi\/en\/wp-json\/wp\/v2\/oppiaine?post=2720"}],"curies":[{"name":"wp","href":"https:\/\/api.w.org\/{rel}","templated":true}]}}