{"id":2527,"date":"2022-03-01T11:09:15","date_gmt":"2022-03-01T09:09:15","guid":{"rendered":"https:\/\/kuopionkonservatorio.fi\/?page_id=2527"},"modified":"2026-03-17T12:10:24","modified_gmt":"2026-03-17T10:10:24","slug":"contact-us","status":"publish","type":"page","link":"https:\/\/kuopionkonservatorio.fi\/en\/contact-us\/","title":{"rendered":"Contact us"},"content":{"rendered":"\n<div class=\"wp-block-columns alignwide is-layout-flex wp-container-core-columns-is-layout-9d6595d7 wp-block-columns-is-layout-flex\">\n<div class=\"wp-block-column is-layout-flow wp-block-column-is-layout-flow\" style=\"flex-basis:33.33%\">\n<h2 class=\"wp-block-heading\" id=\"hallintohenkilosto\">Contact us<\/h2>\n\n\n\n<h5 class=\"wp-block-heading has-harmaa-color has-text-color\">Links<\/h5>\n\n\n\n<ul class=\"wp-block-list linkkilista\">\n<li><a href=\"https:\/\/kuopionkonservatorio.fi\/en\/addresses\/\">Addresses<\/a><\/li>\n\n\n\n<li><a href=\"https:\/\/kuopionkonservatorio.fi\/en\/locations\/\">Locations<\/a><\/li>\n\n\n\n<li><a href=\"https:\/\/kuopionkonservatorio.fi\/en\/uniarts-kuopio-library\/\">Uniarts Kuopio Library<\/a><\/li>\n\n\n\n<li><a href=\"https:\/\/link.webropol.com\/s\/konfeedback\" target=\"_blank\" rel=\"noreferrer noopener\">Feedback<\/a><\/li>\n<\/ul>\n<\/div>\n\n\n\n<div class=\"wp-block-column is-layout-flow wp-block-column-is-layout-flow\" style=\"flex-basis:66.66%\">\n<h4 class=\"wp-block-heading\" id=\"hallinto\">Administration<\/h4>\n\n\n\n<p><em>email: firstname.lastname[a]kuopionkonservatorio.fi<\/em><\/p>\n\n\n\n<p><strong>Principal,<\/strong>&nbsp;Elina Vetoniemi, tel. 045&nbsp;139 3918<br>Responsibilities: vocational education and training, basic education in music (rhythm music and wind instruments), basic and early childhood education in dance,  open conservatory<\/p>\n\n\n\n<p><strong>Vice principal<\/strong>, Ritva Koistinen, tel. 050 473 9144<br>Responsibilities: basic education in music (music theory, piano, strings, guitar, accordion, kantele, percussion, classical voice) music playschool, preparatory study of music<\/p>\n\n\n\n<p><strong>Head of Administration<\/strong>, Jussi Luomanen, tel. 050 591 2730<br>Responsibilities: Finances, teaching premises, general administrative operations<\/p>\n\n\n\n<p><strong>Secretary <\/strong>Minna Husso, tel. 044 727 9201<br><em>email: tilavaraukset@kuopionkonservatorio.fi<\/em><\/p>\n\n\n\n<p><strong>Accountant<\/strong>&nbsp;Tiina Holopainen, tel. 044 727 9206<\/p>\n\n\n\n<p><strong>Secretary of finances<\/strong> Tiia Kankaanp\u00e4\u00e4, puh. 044 727 9208<\/p>\n\n\n\n<p><strong>Secretary of finances<\/strong>&nbsp;Pirjo Peltoniemi, tel. 044 727 9207<\/p>\n\n\n\n<p><strong>Manager of concerts and public relations <\/strong>Tiina Tanskanen, tel. 044 727 9216<\/p>\n\n\n\n<p><strong>ICT<\/strong> manager Klaus Sallavo, tel. 045 139 3939<\/p>\n\n\n\n<p><strong>ICT support&nbsp;<\/strong>tel. 050 596 7325<\/p>\n\n\n\n<p><strong>Piano tuning<\/strong> Timo Aallos, tel. 0400 818&nbsp;345<\/p>\n\n\n\n<p><strong>Music Technology \/ Studio<\/strong> Tommi Kupiainen, tel. 050 365 6222<\/p>\n\n\n\n<p><strong>Maintenance and security, <\/strong>Site manager Timo Raita, tel. 045 139 3903, Jorma J\u00e4\u00e4skel\u00e4inen<br><em>email: vahtimestarit@kuopionkonservatorio.fi<\/em><\/p>\n\n\n\n<p><strong>Cleaning service:<\/strong> Irene H\u00e4m\u00e4l\u00e4inen, Janette Nikkinen, Sanna Suominen tel. 044 727 9212<br><em>email: siistijat@kuopionkonservatorio.fi<\/em><\/p>\n\n\n\n<h4 class=\"wp-block-heading\" id=\"ammatillinen-koulutus\">Vocational Education and Training (VET)<\/h4>\n\n\n\n<p><strong>Director <\/strong>Elina Vetoniemi<br><a href=\"mailto:elina.vetoniemi@kuopionkonservatorio.fi\">elina.vetoniemi@kuopionkonservatorio.fi<\/a> tel. 045&nbsp;139 3918<\/p>\n\n\n\n<p><strong>Teacher in charge, classical music,&nbsp;<\/strong>Markku Laakso, tel. 050 360 4111<br><strong>Teacher in charge, rhythm music<\/strong> Teija Korhonen and Jukka Kolehmainen<br><strong>Teacher in charge, music technology<\/strong>&nbsp;Petteri Pyyny, tel. 045 136 0210<\/p>\n\n\n\n<p><strong>Student counselor, Erasmus+ Coordinator for international relations<\/strong> Anna Tenhunen, tel. 044 727 9235<\/p>\n\n\n\n<p><strong>Vocational education coordinator<\/strong> Piia Suhonen, tel. 044 727 9203<br><em>email: opintosihteeri.ammatillinen@kuopionkonservatorio.fi<\/em><\/p>\n\n\n\n<h4 class=\"wp-block-heading\" id=\"musiikin-ja-tanssin-perus-ja-varhaisian-opinnot\">Basic education and early age education in music and dance<\/h4>\n\n\n\n<p><strong>Director<\/strong>&nbsp;Elina Vetoniemi, tel. 045&nbsp;139 3918<br>Responsibilities: Conservatory operations, pedagogy, teachers, student affairs<\/p>\n\n\n\n<p><strong>Vice director<\/strong>, Ritva Koistinen tel. 050 473 9144<\/p>\n\n\n\n<p><strong>Rhythm music <\/strong>Anna Elina Lehikoinen, Chairperson of rhythm music teachers, tel. 050 365 2510<\/p>\n\n\n\n<p><strong>Study secretary\u00a0<\/strong>Tuija Vihre\u00e4puu, tel. 044 727 9214<br><em>email: opintosihteeri@kuopionkonservatorio.fi<\/em><\/p>\n\n\n\n<h4 class=\"wp-block-heading\" id=\"avoin-konservatorio\">Open conservatory<\/h4>\n\n\n\n<p><strong>Study secretary<\/strong> Minna Husso, tel. 044 727 9201<br><\/p>\n<\/div>\n<\/div>\n","protected":false},"excerpt":{"rendered":"<p>Contact us Links Administration email: firstname.lastname[a]kuopionkonservatorio.fi Principal,&nbsp;Elina Vetoniemi, tel. 045&nbsp;139 3918Responsibilities: vocational education and training, basic education in music (rhythm music and wind instruments), basic and early childhood education in dance, open conservatory Vice principal, Ritva Koistinen, tel. 050 473 9144Responsibilities: basic education in music (music theory, piano, strings, guitar, accordion, kantele, percussion, classical voice) [&hellip;]<\/p>\n","protected":false},"author":1,"featured_media":0,"parent":0,"menu_order":0,"comment_status":"closed","ping_status":"closed","template":"","meta":{"inline_featured_image":false,"footnotes":""},"oppiaine":[],"class_list":["post-2527","page","type-page","status-publish","hentry"],"_links":{"self":[{"href":"https:\/\/kuopionkonservatorio.fi\/en\/wp-json\/wp\/v2\/pages\/2527","targetHints":{"allow":["GET"]}}],"collection":[{"href":"https:\/\/kuopionkonservatorio.fi\/en\/wp-json\/wp\/v2\/pages"}],"about":[{"href":"https:\/\/kuopionkonservatorio.fi\/en\/wp-json\/wp\/v2\/types\/page"}],"author":[{"embeddable":true,"href":"https:\/\/kuopionkonservatorio.fi\/en\/wp-json\/wp\/v2\/users\/1"}],"replies":[{"embeddable":true,"href":"https:\/\/kuopionkonservatorio.fi\/en\/wp-json\/wp\/v2\/comments?post=2527"}],"version-history":[{"count":0,"href":"https:\/\/kuopionkonservatorio.fi\/en\/wp-json\/wp\/v2\/pages\/2527\/revisions"}],"wp:attachment":[{"href":"https:\/\/kuopionkonservatorio.fi\/en\/wp-json\/wp\/v2\/media?parent=2527"}],"wp:term":[{"taxonomy":"oppiaine","embeddable":true,"href":"https:\/\/kuopionkonservatorio.fi\/en\/wp-json\/wp\/v2\/oppiaine?post=2527"}],"curies":[{"name":"wp","href":"https:\/\/api.w.org\/{rel}","templated":true}]}}